{"id":969,"date":"2023-01-30T14:11:42","date_gmt":"2023-01-30T13:11:42","guid":{"rendered":"https:\/\/casaporciatti.it\/shop\/?post_type=product&#038;p=969"},"modified":"2023-08-14T09:41:42","modified_gmt":"2023-08-14T07:41:42","slug":"tenuta-di-carleone-il-guercio-2020-magnum","status":"publish","type":"product","link":"https:\/\/casaporciatti.it\/shop\/prodotto\/tenuta-di-carleone-il-guercio-2020-magnum\/","title":{"rendered":"TENUTA DI CARLEONE IL GUERCIO 2020 Magnum"},"content":{"rendered":"<p>Il Guercio della Tenuta Carleone di Castiglioni \u00e8 fra i pi\u00f9 fulgidi esempi di sangiovese a Radda in Chianti. Il Guercio Magnum \u00e8 doppiamente gudurioso.<br \/>\nUn vino che nasce da uve pressate delicatamente con i piedi e che dopo una lunghissima macerazione matura per circa 18 mesi in acciaio e cemento.<br \/>\nCi piace come Sean O&#8217;Callaghan ha dato vita a una delle interpretazioni pi\u00f9 pure e territoriali del vitigno che tutti noi amiamo. Imperdibile per chiunque ammiri il sangiovese.<\/p>\n","protected":false},"excerpt":{"rendered":"<p>Dal frutto intenso, ricco e avvolgente. Fine e equilibrato al palato con un&#8217;acidit\u00e0 che lascia spazio ad una beva compulsiva.<\/p>\n","protected":false},"featured_media":548,"template":"","meta":[],"product_brand":[],"product_cat":[16,17],"product_tag":[189,190,93,21],"class_list":{"0":"post-969","1":"product","2":"type-product","3":"status-publish","4":"has-post-thumbnail","6":"product_cat-bere","7":"product_cat-vini-rossi","8":"product_tag-il-guercio","9":"product_tag-tenuta-di-carleone","10":"product_tag-toscana-igt","11":"product_tag-vini-di-radda","12":"pa_categorie-speciali-vini-di-radda","13":"pa_produttore-tenuta-di-carleone","15":"first","16":"outofstock","17":"shipping-taxable","18":"purchasable","19":"product-type-simple"},"acf":[],"_links":{"self":[{"href":"https:\/\/casaporciatti.it\/shop\/wp-json\/wp\/v2\/product\/969","targetHints":{"allow":["GET"]}}],"collection":[{"href":"https:\/\/casaporciatti.it\/shop\/wp-json\/wp\/v2\/product"}],"about":[{"href":"https:\/\/casaporciatti.it\/shop\/wp-json\/wp\/v2\/types\/product"}],"wp:featuredmedia":[{"embeddable":true,"href":"https:\/\/casaporciatti.it\/shop\/wp-json\/wp\/v2\/media\/548"}],"wp:attachment":[{"href":"https:\/\/casaporciatti.it\/shop\/wp-json\/wp\/v2\/media?parent=969"}],"wp:term":[{"taxonomy":"product_brand","embeddable":true,"href":"https:\/\/casaporciatti.it\/shop\/wp-json\/wp\/v2\/product_brand?post=969"},{"taxonomy":"product_cat","embeddable":true,"href":"https:\/\/casaporciatti.it\/shop\/wp-json\/wp\/v2\/product_cat?post=969"},{"taxonomy":"product_tag","embeddable":true,"href":"https:\/\/casaporciatti.it\/shop\/wp-json\/wp\/v2\/product_tag?post=969"}],"curies":[{"name":"wp","href":"https:\/\/api.w.org\/{rel}","templated":true}]}}