{"id":7705,"date":"2023-02-14T17:33:08","date_gmt":"2023-02-14T16:33:08","guid":{"rendered":"https:\/\/casaporciatti.it\/shop\/prodotto\/chateau-dyquem-2019-1er-cru-classe-superieur\/"},"modified":"2025-07-07T18:00:43","modified_gmt":"2025-07-07T16:00:43","slug":"chateau-dyquem-2019-1er-cru-classe-superieur","status":"publish","type":"product","link":"https:\/\/casaporciatti.it\/shop\/prodotto\/chateau-dyquem-2019-1er-cru-classe-superieur\/","title":{"rendered":"CHATEAU D&#8217;YQUEM 2019 &#8211; 1ER CRU CLASSE SUPERIEUR"},"content":{"rendered":"<p>Situato a sud di Bordeaux, Ch\u00e2teau d&#8217;Yquem \u00e8 una delle referenze pi\u00f9 belle tra i grandi vini di Sauternes. Questo leggendario Premier Cru Class\u00e9 Sup\u00e9rieur ha un terroir eccezionale e d\u00e0 origine a vini liquorosi ricercati in tutto il mondo.<\/p>\n<p>Lo Ch\u00e2teau d&#8217;Yquem \u00e8 un luogo straordinario, adagiato nel cuore delle colline della denominazione Sauternes, ricco di cento ettari di vigneti impiantati su un mosaico di terreni ghiaioso-sabbiosi.<\/p>\n<p>Ch\u00e2teau d&#8217;Yquem\u00a0 2019<\/p>\n<p>Le condizioni calde e secche di febbre e marzo precedono un periodo molto piovoso e fresco all&#8217;inizio della fase vegetativa. Sebbene il clima pi\u00f9 mite di inizio giugno abbia favorito una rapida fioritura, l&#8217;ondata di caldo \u00e8 iniziata a fine mese, praticamente fino al 15 agosto. Queste alte temperature assicurano un rapido sviluppo della vite, compensando cos\u00ec il leggero ritardo registrato all&#8217;inizio del ciclo. Il 26 luglio un episodio piovoso di rara intensit\u00e0 ha permesso di ricostituire tutte le riserve idriche del suolo. Il clima caldo e secco fino alla vendemmia \u00e8 ideale per affinare la perfetta maturazione degli acini. La vendemmia di questo Ch\u00e2teau d&#8217;Yquem 2019 inizia il 10 ottobre, beneficiando di condizioni favorevoli per cinque giorni. La vendemmia d\u00e0 vita a un&#8217;annata eccezionale che unisce espressione fruttata, freschezza e concentrazione.<\/p>\n","protected":false},"excerpt":{"rendered":"<p>Situato a sud di Bordeaux, Ch\u00e2teau d&#8217;Yquem \u00e8 una delle referenze pi\u00f9 belle tra i grandi vini di Sauternes. Questo [&hellip;]<\/p>\n","protected":false},"featured_media":7706,"template":"","meta":[],"product_brand":[],"product_cat":[16,209,182],"product_tag":[424,425,91],"class_list":{"0":"post-7705","1":"product","2":"type-product","3":"status-publish","4":"has-post-thumbnail","6":"product_cat-bere","7":"product_cat-dolce","8":"product_cat-vini-bianchi","9":"product_tag-chateau-dyquem","10":"product_tag-sauternes","11":"product_tag-vini-pregiati-e-rari","12":"pa_categorie-speciali-vini-pregiati-e-rari","13":"pa_produttore-chateau-dyquem-2019","15":"first","16":"instock","17":"shipping-taxable","18":"purchasable","19":"product-type-simple"},"acf":[],"_links":{"self":[{"href":"https:\/\/casaporciatti.it\/shop\/wp-json\/wp\/v2\/product\/7705","targetHints":{"allow":["GET"]}}],"collection":[{"href":"https:\/\/casaporciatti.it\/shop\/wp-json\/wp\/v2\/product"}],"about":[{"href":"https:\/\/casaporciatti.it\/shop\/wp-json\/wp\/v2\/types\/product"}],"wp:featuredmedia":[{"embeddable":true,"href":"https:\/\/casaporciatti.it\/shop\/wp-json\/wp\/v2\/media\/7706"}],"wp:attachment":[{"href":"https:\/\/casaporciatti.it\/shop\/wp-json\/wp\/v2\/media?parent=7705"}],"wp:term":[{"taxonomy":"product_brand","embeddable":true,"href":"https:\/\/casaporciatti.it\/shop\/wp-json\/wp\/v2\/product_brand?post=7705"},{"taxonomy":"product_cat","embeddable":true,"href":"https:\/\/casaporciatti.it\/shop\/wp-json\/wp\/v2\/product_cat?post=7705"},{"taxonomy":"product_tag","embeddable":true,"href":"https:\/\/casaporciatti.it\/shop\/wp-json\/wp\/v2\/product_tag?post=7705"}],"curies":[{"name":"wp","href":"https:\/\/api.w.org\/{rel}","templated":true}]}}