{"id":7698,"date":"2023-02-14T17:33:08","date_gmt":"2023-02-14T16:33:08","guid":{"rendered":"https:\/\/casaporciatti.it\/shop\/prodotto\/poggio-al-pino-1872-templare-2021\/"},"modified":"2025-04-02T13:19:42","modified_gmt":"2025-04-02T11:19:42","slug":"poggio-al-pino-1872-templare-2021","status":"publish","type":"product","link":"https:\/\/casaporciatti.it\/shop\/prodotto\/poggio-al-pino-1872-templare-2021\/","title":{"rendered":"POGGIO AL PINO 1872 TEMPLARE 2021"},"content":{"rendered":"<p>Il TEMPLARE ha una personalit\u00e0 decisa, di gran carattere e la sua nota fruttata si fonde con un tannino dalla trama fitta e vellutata. Al sorso \u00e8 pieno, caldo e persistente con un corpo importante ma elegante. La nota olfattiva \u00e8 di un fruttato intenso di frutti di sottobosco ed esprime un bouquet di fiori come il giaggiolo di rosmarino, con un finale di persistente<\/p>\n<p>Templare, Poggio al Pino &#8211; solo 1.075 bottiglie, solo il meglio del meglio del Merlot. Senza compromessi<\/p>\n<p>Viticoltura<\/p>\n<p>I vigneti sono totalmente inerbiti a prato spontaneo. I terreni sono ricchi di argilla e sabbione, con presenza di concrezioni di ferro e calcio in profondit\u00e0. La forma di al- levamento \u00e8 Guyot. La conduzione dei vigneti osserva le norme del Biologico, con tecniche Bio-dinamiche unite alle sapienti conoscenze dei vignaioli della zona ed alle scoperte evolutive della viticoltura moderna. La cura del dettaglio \u00e8 meticolosa. Vige la regola del \u201cprevenire \u00e8 meglio che curare\u201d e del raggiungimento del naturale equilibrio tra specie fungine.<\/p>\n<p>Vinificazione<\/p>\n<p>In Terracotta seguendo l\u2019antica formula dei monaci guerrieri TEMPLARI. Quando l\u2019uva ha raggiunto il suo momento ideale di raccolta viene diraspata e introdotta in Giare sferiche di terracotta dell\u2019Impruneta. La particolarit\u00e0 delle Giare \u00e8 che sono prive di parti in acciaio e di materiali estranei al manufatto originario. Ci\u00f2 grazie ai risultati raccolti da due decenni di sperimentazione sulla terracotta dell\u2019Impruneta e l\u2019interazione degli oggetti metallici sul vino, formando dei moti convettivi che contrastano i naturali processi di stabilizzazione. Qui vi rimane circa quattro-cinque mesi con i propri acini. Durante il primo mese si eseguono delle delicate follature manuali per tre volte al giorno. Il quarto-quinto mese il vino viene separato dalle parti solide e trasferito in contenitori di vetro di c.ca 50 litri dove seguiranno alcuni travasi fino alla sua naturale chiarificazione. Li vi rimarr\u00e0 per altri cinque-sei mesi. Al TEMPLARE non viene aggiunto niente se non alcuni milligrammi di solforosa sulle uve. Seguono dai sei ai dodici mesi di bottiglia. Tempistica, quest\u2019ultima che dipende dal vino di ciascuna annata.<\/p>\n","protected":false},"excerpt":{"rendered":"<p>Il TEMPLARE ha una personalit\u00e0 decisa, di gran carattere e la sua nota fruttata si fonde con un tannino dalla [&hellip;]<\/p>\n","protected":false},"featured_media":7699,"template":"","meta":[],"product_brand":[],"product_cat":[16,17],"product_tag":[112,415,93,20,22],"class_list":{"0":"post-7698","1":"product","2":"type-product","3":"status-publish","4":"has-post-thumbnail","6":"product_cat-bere","7":"product_cat-vini-rossi","8":"product_tag-la-toscana-nascosta","9":"product_tag-poggio-al-pino","10":"product_tag-toscana-igt","11":"product_tag-vetrina","12":"product_tag-vino-biologico","13":"pa_categorie-speciali-la-toscana-nascosta","14":"pa_categorie-speciali-vino-biologico","15":"pa_produttore-poggio-al-pino-1872","17":"first","18":"outofstock","19":"shipping-taxable","20":"purchasable","21":"product-type-simple"},"acf":[],"_links":{"self":[{"href":"https:\/\/casaporciatti.it\/shop\/wp-json\/wp\/v2\/product\/7698","targetHints":{"allow":["GET"]}}],"collection":[{"href":"https:\/\/casaporciatti.it\/shop\/wp-json\/wp\/v2\/product"}],"about":[{"href":"https:\/\/casaporciatti.it\/shop\/wp-json\/wp\/v2\/types\/product"}],"wp:featuredmedia":[{"embeddable":true,"href":"https:\/\/casaporciatti.it\/shop\/wp-json\/wp\/v2\/media\/7699"}],"wp:attachment":[{"href":"https:\/\/casaporciatti.it\/shop\/wp-json\/wp\/v2\/media?parent=7698"}],"wp:term":[{"taxonomy":"product_brand","embeddable":true,"href":"https:\/\/casaporciatti.it\/shop\/wp-json\/wp\/v2\/product_brand?post=7698"},{"taxonomy":"product_cat","embeddable":true,"href":"https:\/\/casaporciatti.it\/shop\/wp-json\/wp\/v2\/product_cat?post=7698"},{"taxonomy":"product_tag","embeddable":true,"href":"https:\/\/casaporciatti.it\/shop\/wp-json\/wp\/v2\/product_tag?post=7698"}],"curies":[{"name":"wp","href":"https:\/\/api.w.org\/{rel}","templated":true}]}}