{"id":7693,"date":"2023-02-14T17:33:08","date_gmt":"2023-02-14T16:33:08","guid":{"rendered":"https:\/\/casaporciatti.it\/shop\/prodotto\/cascina-fontana-barolo-2018\/"},"modified":"2025-05-16T05:52:34","modified_gmt":"2025-05-16T03:52:34","slug":"cascina-fontana-barolo-2019","status":"publish","type":"product","link":"https:\/\/casaporciatti.it\/shop\/prodotto\/cascina-fontana-barolo-2019\/","title":{"rendered":"CASCINA FONTANA Barolo 2019"},"content":{"rendered":"<p>Il Cascina Fontana Barolo 2019 si apre su un profilo autentico e franco con sentori di menta, erbe balsamiche e terra lavorata. Complessit\u00e0 e freschezza. Tannini setosi seguiti da una bel finale mentolato.<\/p>\n<p>Mario e Luisa Fontana fondano Cascina Fontana nel 1995 con quattro ettari ereditati dalla famiglia di Mario. Poich\u00e9 Mario \u00e8 un enologo di sesta generazione, la decisione di continuare a produrre vini del luogo \u00e8 stata facile. Cascina Fontana si trova a Monforte d&#8217;Alba in Perno, con vigneti situati a Castiglione Falletto, La Morra e Sinio. Mario e Luisa si dedicano alle uve classiche della regione: Nebbiolo, Dolcetto e Barbera.<\/p>\n<p>L&#8217;approccio di Mario alla vinificazione e alla viticoltura sono tradizionali e tramandate da suo nonno. In primo luogo, si assicura che la frutta venga sempre raccolta a temperature fresche e sempre a mano. Le uve determinano la durata della fermentazione e quindi della maturazione. Il Dolcetto sosta in acciaio per la maturazione, mentre Barbera e Nebbiolo riposano in abbinamenti di botti grandi e barrique da 225 litri per un anno. Il Nebbiolo passa per due anni al rovere di Slavonia e trascorre un terzo anno in cemento. Tutti i vini trascorrono un minimo di sei mesi in bottiglia prima di essere immessi sul mercato, non chiarificati e non filtrati.<\/p>\n","protected":false},"excerpt":{"rendered":"<p>Il Cascina Fontana Barolo 2019 si apre su un profilo autentico e franco con sentori di menta, erbe balsamiche e [&hellip;]<\/p>\n","protected":false},"featured_media":7694,"template":"","meta":[],"product_brand":[],"product_cat":[16,17],"product_tag":[150,423,34],"class_list":{"0":"post-7693","1":"product","2":"type-product","3":"status-publish","4":"has-post-thumbnail","6":"product_cat-bere","7":"product_cat-vini-rossi","8":"product_tag-barolo","9":"product_tag-cascina-fontana","10":"product_tag-scelto-da-riccardo","11":"pa_etichette-porciatti-consigliato-da-riccardo","12":"pa_produttore-cascina-fontana","14":"first","15":"instock","16":"shipping-taxable","17":"purchasable","18":"product-type-simple"},"acf":[],"_links":{"self":[{"href":"https:\/\/casaporciatti.it\/shop\/wp-json\/wp\/v2\/product\/7693","targetHints":{"allow":["GET"]}}],"collection":[{"href":"https:\/\/casaporciatti.it\/shop\/wp-json\/wp\/v2\/product"}],"about":[{"href":"https:\/\/casaporciatti.it\/shop\/wp-json\/wp\/v2\/types\/product"}],"wp:featuredmedia":[{"embeddable":true,"href":"https:\/\/casaporciatti.it\/shop\/wp-json\/wp\/v2\/media\/7694"}],"wp:attachment":[{"href":"https:\/\/casaporciatti.it\/shop\/wp-json\/wp\/v2\/media?parent=7693"}],"wp:term":[{"taxonomy":"product_brand","embeddable":true,"href":"https:\/\/casaporciatti.it\/shop\/wp-json\/wp\/v2\/product_brand?post=7693"},{"taxonomy":"product_cat","embeddable":true,"href":"https:\/\/casaporciatti.it\/shop\/wp-json\/wp\/v2\/product_cat?post=7693"},{"taxonomy":"product_tag","embeddable":true,"href":"https:\/\/casaporciatti.it\/shop\/wp-json\/wp\/v2\/product_tag?post=7693"}],"curies":[{"name":"wp","href":"https:\/\/api.w.org\/{rel}","templated":true}]}}