{"id":7679,"date":"2023-02-14T17:33:08","date_gmt":"2023-02-14T16:33:08","guid":{"rendered":"https:\/\/casaporciatti.it\/shop\/prodotto\/ca-del-bosco-vintage-collection-franciacorta-millesimato-extra-brut-2018\/"},"modified":"2025-12-23T10:04:05","modified_gmt":"2025-12-23T09:04:05","slug":"ca-del-bosco-vintage-collection-franciacorta-millesimato-extra-brut-2020","status":"publish","type":"product","link":"https:\/\/casaporciatti.it\/shop\/prodotto\/ca-del-bosco-vintage-collection-franciacorta-millesimato-extra-brut-2020\/","title":{"rendered":"CA&#8217; DEL BOSCO Vintage Collection Franciacorta Millesimato Extra Brut 2020"},"content":{"rendered":"<p>Il CA&#8217; DEL BOSCO Vintage Collection Franciacorta Millesimato Extra Brut 2019 \u00e8 sinonimo di potenza. Un Franciacorta che esprime la forza del Pinot Nero unito all&#8217;eleganza dello Chardonnay e del Pinot Bianco. Solo un basso dosaggio permette di esaltare al meglio il potenziale di questo vino, assicurando nel tempo grande ricchezza e complessit\u00e0.Un crescendo di aromi destinato a sorprendere.<\/p>\n<p>I Franciacorta Vintage Collection sono il frutto di un\u2019accurata selezione delle uve e di una sapiente vinificazione condotta nel pieno rispetto del Metodo Ca\u2019 del Bosco. Le uve, appena raccolte a mano in piccole cassette, vengono classificate e raffreddate. Ogni grappolo viene selezionato da occhi e mani esperte, per poi beneficiare di esclusive \u201cterme degli acini\u201d. Un particolare sistema di lavaggio e idromassaggio dei grappoli, tramite tre vasche di ammollo e un tunnel di asciugatura. Dopo la pigiatura in assenza di ossigeno, tutti i mosti dei vini base fermentano in piccole botti di rovere. Per ricercare la massima complessit\u00e0 aromatica e potenza espressiva, senza perdere eleganza, l\u2019elevage in botte ha una durata di soli 5 mesi. Una coppia di serbatoi volanti permette il travaso dei vini per gravit\u00e0, dalle piccole botti ai serbatoi di affinamento. Trascorsi 7 mesi dalla vendemmia si procede alla creazione della cuv\u00e9e. Il Vintage Collection Extra Brut 2018 \u00e8 il risultato di una sapiente unione di 26 vini base di Chardonnay, Pinot Bianco e Pinot Nero che conferiscono al prodotto finito un particolare profilo, ricco e complesso. La maggior percentuale di Pinot Nero gli conferisce potenza e nobilt\u00e0, ulteriormente rafforzate da un lungo affinamento in bottiglia. Il d\u00e9gorgement avviene in assenza di ossigeno, utilizzando un sistema unico al mondo, ideato e brevettato da Ca\u2019 del Bosco. Questo evita shock ossidativi e ulteriori aggiunte di solfiti, rendendo i nostri Franciacorta pi\u00f9 puri, pi\u00f9 gradevoli e pi\u00f9 longevi. Infine, ogni bottiglia confezionata viene marcata in modo univoco, per garantirne la tracciabilit\u00e0.<\/p>\n<p>Variet\u00e0 delle uve Chardonnay 65%, Pinot Nero 29%, Pinot Bianco 6%.<\/p>\n<p>Vigneti di origine 17 vigne a Chardonnay, dall\u2019et\u00e0 media di 28 anni, ubicate nei Comuni di Erbusco, Adro, Cazzago San Martino, Corte Franca e Passirano. 7 vigne a Pinot Nero, dall\u2019et\u00e0 media di 29 anni, ubicate nei Comuni di Erbusco e Passirano. 2 vigne a Pinot Bianco, dall\u2019et\u00e0 media di 29 anni, ubicate nel Comune di Passirano.<\/p>\n<p>&nbsp;<\/p>\n<p>&nbsp;<\/p>\n","protected":false},"excerpt":{"rendered":"<p>Il CA&#8217; DEL BOSCO Vintage Collection Franciacorta Millesimato Extra Brut 2019 \u00e8 sinonimo di potenza. Un Franciacorta che esprime la [&hellip;]<\/p>\n","protected":false},"featured_media":7680,"template":"","meta":[],"product_brand":[],"product_cat":[16,281],"product_tag":[286,283],"class_list":{"0":"post-7679","1":"product","2":"type-product","3":"status-publish","4":"has-post-thumbnail","6":"product_cat-bere","7":"product_cat-vini-spumanti","8":"product_tag-ca-del-bosco","9":"product_tag-franciacorta","10":"pa_produttore-ca-del-bosco","12":"first","13":"instock","14":"shipping-taxable","15":"purchasable","16":"product-type-simple"},"acf":[],"_links":{"self":[{"href":"https:\/\/casaporciatti.it\/shop\/wp-json\/wp\/v2\/product\/7679","targetHints":{"allow":["GET"]}}],"collection":[{"href":"https:\/\/casaporciatti.it\/shop\/wp-json\/wp\/v2\/product"}],"about":[{"href":"https:\/\/casaporciatti.it\/shop\/wp-json\/wp\/v2\/types\/product"}],"wp:featuredmedia":[{"embeddable":true,"href":"https:\/\/casaporciatti.it\/shop\/wp-json\/wp\/v2\/media\/7680"}],"wp:attachment":[{"href":"https:\/\/casaporciatti.it\/shop\/wp-json\/wp\/v2\/media?parent=7679"}],"wp:term":[{"taxonomy":"product_brand","embeddable":true,"href":"https:\/\/casaporciatti.it\/shop\/wp-json\/wp\/v2\/product_brand?post=7679"},{"taxonomy":"product_cat","embeddable":true,"href":"https:\/\/casaporciatti.it\/shop\/wp-json\/wp\/v2\/product_cat?post=7679"},{"taxonomy":"product_tag","embeddable":true,"href":"https:\/\/casaporciatti.it\/shop\/wp-json\/wp\/v2\/product_tag?post=7679"}],"curies":[{"name":"wp","href":"https:\/\/api.w.org\/{rel}","templated":true}]}}