{"id":7657,"date":"2023-02-14T17:32:53","date_gmt":"2023-02-14T16:32:53","guid":{"rendered":"https:\/\/casaporciatti.it\/shop\/prodotto\/claude-dugat-bourgogne-2019\/"},"modified":"2023-05-10T06:10:38","modified_gmt":"2023-05-10T04:10:38","slug":"claude-dugat-bourgogne-2019","status":"publish","type":"product","link":"https:\/\/casaporciatti.it\/shop\/prodotto\/claude-dugat-bourgogne-2019\/","title":{"rendered":"CLAUDE DUGAT Bourgogne 2019"},"content":{"rendered":"<p>Il Bourgogne 2019 di Claude Dugat mostra un bel colore piuttosto scuro. Naso che propone, frutti neri, mirtilli, ma anche fragolina. Si percepisce una legnosit\u00e0 discreta, di classe. In bocca la trama \u00e8 carezzevole e si esprime con un bel frutto. I tannini si fanno sentire ma senza aggredire il palato, buona lunghezza.<\/p>\n<p>Claude Dugat crea capolavori con qualit\u00e0 e caratteristiche ineguagliabili. Una famiglia amata e celebrata da tempo con radici a Gevrey-Chambertin che risalgono al 19\u00b0 secolo, Dugat affascina collezionisti e appassionati di tutto il mondo. Claude \u00e8 cresciuto nel mondo della viticoltura, essendo cresciuto da una famiglia di viticoltori. Il padre di Claude acquist\u00f2 il domaine nel 1956 e Claude segu\u00ec rapidamente le sue orme affermandosi come commerciante di vini. Ha iniziato a imbottigliare le sue cuv\u00e9e negli anni &#8217;90, cosa che ha avuto un grande successo, permettendogli di avere il suo nome sull&#8217;etichetta.<\/p>\n<p>Claude ha preso il controllo del Domaine di famiglia nel 1991 e ha portato la tenuta alla ribalta, anche se potrebbe non essere stata quella la sua intenzione. Nonostante il successo internazionale e la grande fama, mantiene piccola la sua produzione senza alcun accenno di produzione di massa, creando vini impareggiabili riservati agli appassionati seri alla ricerca di bottiglie preziose.<\/p>\n<p>La spinta meticolosa e appassionata di Claude a &#8220;progettare&#8221; vini di qualit\u00e0 superiore da minuscole aziende \u00e8 eccezionale. Per anni ha continuato a usare il suo amato cavallo, Jonquille, come metodo di aratura. Si dice che questo fosse il momento in cui era pi\u00f9 felice.<\/p>\n<p>Con solo 6 ettari nella Cote-de-Nuits da coltivare, Dugat continua a seguire l&#8217;approccio dell&#8217;agricoltura sostenibile senza l&#8217;uso di fertilizzanti o erbicidi. I vigneti di Pinot Nero del Domaine sono piantati in un terroir ricco di gesso, conferendo mineralit\u00e0 e finezza ai vini che ne derivano. Con questo tipo di profilo, non c&#8217;\u00e8 da stupirsi che la reputazione di queste cuv\u00e9e si basi su una freschezza fantastica. La raccolta viene effettuata a mano e abbastanza presto in modo che i frutti non maturino eccessivamente o diventino troppo zuccherini.<\/p>\n<p>Nessuna chiarifica o filtrazione in modo che ogni cuv\u00e9e e ogni annata escano il pi\u00f9 autenticamente possibile; con un leggero tocco in vigna per far risaltare la frutta di altissima qualit\u00e0. Le decisioni di raccolta si basano sull&#8217;assaggio del campione di uva, in contrapposizione all&#8217;analisi di laboratorio che garantisce un livello di freschezza. Claude ha dichiarato di voler avere tanti grappoli quanti sono i suoi vicini, ma con acini della met\u00e0. Questo \u00e8 un fattore determinante nella concentrazione e nel potere dietro i vini Dugat.<\/p>\n<p>Nei primi anni 2000 il figlio di Claude, Bertrand ha pprima affiancato e poi preso le redini del Domaine. Ma la sua mano sempre amorevole continua ad onorare la sua presenza in vigna, poich\u00e9 il suo amore per la terra e per il vino \u00e8 stato nutrito e instillato in suo figlio, che continua questa spinta appassionata verso l&#8217;eccellenza. Bertrand insiste nel continuare l&#8217;eredit\u00e0 di suo padre e nel sostenere la storia e l&#8217;eredit\u00e0 del nome di famiglia.<\/p>\n<p>Domaine Claude Dugat produce 24.000 bottiglie all&#8217;anno di pi\u00f9 cuv\u00e9e da viti di 50-70 anni, inclusi Grand Cru di Charmes-Chambertin, Griotte-Chambertin, Chapelle-Chambertin; Premier Cru di Lavaux-St.-Jacques Craipillot e La Perriere. Le Charmes, Griotte e Chapelle-Chambertin sono estremamente limitate ed estremamente ambite.<\/p>\n<p>I vini Claude Dugat hanno un profumo straordinario, un frutto ricco ma equilibrato e una consistenza morbida. C&#8217;\u00e8 un&#8217;intensit\u00e0 di frutta scura succosa e sontuosa che \u00e8 un richiamo alla tenera cura prestata in vigna e in cantina. I Pinot Nero del Domaine Claude Dugat sono in sostanza la forma pi\u00f9 vera del vitigno. Dal terreno, alle vigne, al luogo, alla vinificazione, il processo con cui i vini Dugat nascono \u00e8 un&#8217;arte. Un&#8217;arte che \u00e8 stata perfezionata attraverso pi\u00f9 generazioni.<\/p>\n","protected":false},"excerpt":{"rendered":"<p>Il Bourgogne 2019 di Claude Dugat mostra un bel colore piuttosto scuro. Naso che propone, frutti neri, mirtilli, ma anche [&hellip;]<\/p>\n","protected":false},"featured_media":7658,"template":"","meta":[],"product_brand":[],"product_cat":[16,17],"product_tag":[225,421],"class_list":{"0":"post-7657","1":"product","2":"type-product","3":"status-publish","4":"has-post-thumbnail","6":"product_cat-bere","7":"product_cat-vini-rossi","8":"product_tag-borgogna","9":"product_tag-claude-dugat","10":"pa_produttore-claude-dugat","12":"first","13":"outofstock","14":"shipping-taxable","15":"purchasable","16":"product-type-simple"},"acf":[],"_links":{"self":[{"href":"https:\/\/casaporciatti.it\/shop\/wp-json\/wp\/v2\/product\/7657","targetHints":{"allow":["GET"]}}],"collection":[{"href":"https:\/\/casaporciatti.it\/shop\/wp-json\/wp\/v2\/product"}],"about":[{"href":"https:\/\/casaporciatti.it\/shop\/wp-json\/wp\/v2\/types\/product"}],"wp:featuredmedia":[{"embeddable":true,"href":"https:\/\/casaporciatti.it\/shop\/wp-json\/wp\/v2\/media\/7658"}],"wp:attachment":[{"href":"https:\/\/casaporciatti.it\/shop\/wp-json\/wp\/v2\/media?parent=7657"}],"wp:term":[{"taxonomy":"product_brand","embeddable":true,"href":"https:\/\/casaporciatti.it\/shop\/wp-json\/wp\/v2\/product_brand?post=7657"},{"taxonomy":"product_cat","embeddable":true,"href":"https:\/\/casaporciatti.it\/shop\/wp-json\/wp\/v2\/product_cat?post=7657"},{"taxonomy":"product_tag","embeddable":true,"href":"https:\/\/casaporciatti.it\/shop\/wp-json\/wp\/v2\/product_tag?post=7657"}],"curies":[{"name":"wp","href":"https:\/\/api.w.org\/{rel}","templated":true}]}}