{"id":7654,"date":"2023-02-14T17:32:53","date_gmt":"2023-02-14T16:32:53","guid":{"rendered":"https:\/\/casaporciatti.it\/shop\/prodotto\/massolino-barbaresco-albesani-2019\/"},"modified":"2025-07-10T10:41:06","modified_gmt":"2025-07-10T08:41:06","slug":"massolino-barbaresco-albesani-2020","status":"publish","type":"product","link":"https:\/\/casaporciatti.it\/shop\/prodotto\/massolino-barbaresco-albesani-2020\/","title":{"rendered":"MASSOLINO Barbaresco Albesani 2020"},"content":{"rendered":"<p class=\"p1\">Massolino\u00a0Barbaresco Albesani 2020 proviene da un bellissimo vigneto, situato nel comune di Neive, con ottima esposizione e<br \/>\naltitudine. Un vino ricco, elegante, talvolta austero, capace di coniugare grande piacere e ottimo potenziale di invecchiamento. Poche bottiglie di un Barbaresco davvero speciale!<\/p>\n<p>Il terreno della zona del Barbaresco\u00a0 offre un\u2019espressione del Nebbiolo molto particolare. Questi vigneti sono in grado di donare vini con un equilibrio ed una finezza eccezionali, delicati e eleganti. Un\u2019espressione molto suadente e affascinate. Emergono seducenti note floreali accompagnate da sentori di frutta rossa che donano al calice un\u2019identit\u00e0 ben precisa; siamo difronte a vini pi\u00f9 gentili e delicati rispetto ai nostri Barolo, ma con un fascino incredibile.<\/p>\n<p class=\"p1\"><strong>La storia dei Massolino<\/strong> e del loro vino si intrecciarono con la storia di Serralunga d&#8217;Alba sin dal 1896, quando Giovanni fond\u00f2 l&#8217;azienda. Giovanni fu la prima persona a portare elettricit\u00e0 in paese. Uomo intraprendente, tenace e creativo, \u00e8 il progenitore di una famiglia che ha fatto della combinazione di ricerca e tradizione un tratto distintivo.<\/p>\n<p class=\"p1\">La prima cantina dei Massolino fu costruita da Giuseppe, figlio di Giovanni, che, insieme alla sorella Angela, estese l&#8217;azienda con l&#8217;acquisto d nuovi terreni e, nel 1934, fu uno dei fondatori del Consorzio per la Difesa di Barolo e Barbaresco. A quel tempo, Giuseppe aveva sei figli. Tre di loro, Giovanni, Camilla e Renato, hanno seguito le orme del padre, espandendo l&#8217;azienda con l&#8217;acquisto di vigneti cru che sono autentici gioielli: Margheria, Parafada e Vigna Rionda.<\/p>\n<p class=\"p1\">Negli anni &#8217;90, Franco e Roberto, entrambi enologi, si unirono alla tenuta di famiglia. Il loro lavoro condensa l&#8217;esperienza di un&#8217;intera famiglia e l&#8217;ambizione di una nuova generazione, determinata a dare un contributo importante all&#8217;innovazione delle tecniche enologiche e agronomiche e all&#8217;immagine della tenuta in Italia e all&#8217;estero.<\/p>\n","protected":false},"excerpt":{"rendered":"<p>Massolino\u00a0Barbaresco Albesani 2020 proviene da un bellissimo vigneto, situato nel comune di Neive, con ottima esposizione e altitudine. Un vino [&hellip;]<\/p>\n","protected":false},"featured_media":7655,"template":"","meta":[],"product_brand":[],"product_cat":[16,17],"product_tag":[155,158],"class_list":{"0":"post-7654","1":"product","2":"type-product","3":"status-publish","4":"has-post-thumbnail","6":"product_cat-bere","7":"product_cat-vini-rossi","8":"product_tag-barbaresco","9":"product_tag-massolino","10":"pa_etichette-porciatti-consigliato-da-riccardo","11":"pa_produttore-massolino","13":"first","14":"instock","15":"shipping-taxable","16":"purchasable","17":"product-type-simple"},"acf":[],"_links":{"self":[{"href":"https:\/\/casaporciatti.it\/shop\/wp-json\/wp\/v2\/product\/7654","targetHints":{"allow":["GET"]}}],"collection":[{"href":"https:\/\/casaporciatti.it\/shop\/wp-json\/wp\/v2\/product"}],"about":[{"href":"https:\/\/casaporciatti.it\/shop\/wp-json\/wp\/v2\/types\/product"}],"wp:featuredmedia":[{"embeddable":true,"href":"https:\/\/casaporciatti.it\/shop\/wp-json\/wp\/v2\/media\/7655"}],"wp:attachment":[{"href":"https:\/\/casaporciatti.it\/shop\/wp-json\/wp\/v2\/media?parent=7654"}],"wp:term":[{"taxonomy":"product_brand","embeddable":true,"href":"https:\/\/casaporciatti.it\/shop\/wp-json\/wp\/v2\/product_brand?post=7654"},{"taxonomy":"product_cat","embeddable":true,"href":"https:\/\/casaporciatti.it\/shop\/wp-json\/wp\/v2\/product_cat?post=7654"},{"taxonomy":"product_tag","embeddable":true,"href":"https:\/\/casaporciatti.it\/shop\/wp-json\/wp\/v2\/product_tag?post=7654"}],"curies":[{"name":"wp","href":"https:\/\/api.w.org\/{rel}","templated":true}]}}