{"id":7648,"date":"2023-02-14T17:32:53","date_gmt":"2023-02-14T16:32:53","guid":{"rendered":"https:\/\/casaporciatti.it\/shop\/prodotto\/dugat-py-gevrey-chambertin-vieilles-vignes-2019\/"},"modified":"2024-11-06T09:44:33","modified_gmt":"2024-11-06T08:44:33","slug":"dugat-py-gevrey-chambertin-vieilles-vignes-2019","status":"publish","type":"product","link":"https:\/\/casaporciatti.it\/shop\/prodotto\/dugat-py-gevrey-chambertin-vieilles-vignes-2019\/","title":{"rendered":"DUGAT-PY Gevrey-Chambertin Vieilles Vignes 2019"},"content":{"rendered":"<p>Il Gevrey-Chambertin Vieilles Vignes 2019 di Dugat-Py \u00e8 esuberante, con un bouquet di frutta rossa e nera (prugna, ribes nero) e sottobosco. Al palato il vino \u00e8 intenso, potente e morbido.\u00a0 Sta appena entrando nella sua finestra di bevuta sostenuto da una trama tannica raffinata e buona freschezza.<\/p>\n<p>Dugat-Py \u00e8 un Domaine\u00a0 di Gevrey-Chambertin di gran classe che \u00e8 salito alla ribalta negli ultimi 10 anni. \u00c8 stato gestito per molti anni da Pierre Dugat e, sorprendentemente, ha iniziato l&#8217;imbottigliamento della tenuta solo nel 1989. Ora \u00e8 gestito dal figlio di Pierre, Bernard, riconosciuto come uno dei viticoltori pi\u00f9 talentuosi della C\u00f4te. Il Domaine \u00e8 composto da 5 ettari di vigneto\u00a0 in diversi siti Premier Cru e 3 Grand Cru. Bernard Dugat-Py, la moglie Joscelyne e il figlio Lo\u00efc, hanno sede presso l&#8217;Aulm\u00f4nerie, le cui cantine furono costruite nel XII secolo per conservare il vino per l&#8217;Abbazia di St Benign\u00e9 a Digione. Con elogi entusiastici provenienti soprattutto dall&#8217;altra parte dell&#8217;Atlantico, questo \u00e8 forse un dominio di culto ancora pi\u00f9 di quello del cugino di Bernard, Claude Dugat.<\/p>\n<p>Le viti sono per la maggior parte estremamente vecchie, con una media di 65 anni in tutto il domaine, e tutta la potatura viene eseguita a mano, mentre un cavallo viene utilizzato per arare alcuni dei vigneti. Il reimpianto avviene con selezioni dal proprio ceppo di vite, mai con cloni. Il domaine \u00e8 completamente biologico dal 2003 mentre il figlio Lo\u00efc ha svolto un lavoro biodinamico con il consulente Paul Masson. I vini vengono vinificati con il minor intervento possibile e vengono imbottigliati non affinati e non filtrati. &#8220;Non mi piacciono i vini opulenti, mi piacciono i vini eleganti&#8221;, dice Dugat. Di conseguenza, i vini sono concentrati, ma estremamente eleganti e ben equilibrati. I vini sono molto accessibili in giovent\u00f9 ma danno il meglio di s\u00e9 con 5-8 anni di affinamento in bottiglia.<\/p>\n<p>&nbsp;<\/p>\n","protected":false},"excerpt":{"rendered":"<p>Il Gevrey-Chambertin Vieilles Vignes 2019 di Dugat-Py \u00e8 esuberante, con un bouquet di frutta rossa e nera (prugna, ribes nero) [&hellip;]<\/p>\n","protected":false},"featured_media":7649,"template":"","meta":[],"product_brand":[],"product_cat":[16,17],"product_tag":[225,420],"class_list":{"0":"post-7648","1":"product","2":"type-product","3":"status-publish","4":"has-post-thumbnail","6":"product_cat-bere","7":"product_cat-vini-rossi","8":"product_tag-borgogna","9":"product_tag-dugat-py","10":"pa_produttore-dugat-py","12":"first","13":"instock","14":"shipping-taxable","15":"purchasable","16":"product-type-simple"},"acf":[],"_links":{"self":[{"href":"https:\/\/casaporciatti.it\/shop\/wp-json\/wp\/v2\/product\/7648","targetHints":{"allow":["GET"]}}],"collection":[{"href":"https:\/\/casaporciatti.it\/shop\/wp-json\/wp\/v2\/product"}],"about":[{"href":"https:\/\/casaporciatti.it\/shop\/wp-json\/wp\/v2\/types\/product"}],"wp:featuredmedia":[{"embeddable":true,"href":"https:\/\/casaporciatti.it\/shop\/wp-json\/wp\/v2\/media\/7649"}],"wp:attachment":[{"href":"https:\/\/casaporciatti.it\/shop\/wp-json\/wp\/v2\/media?parent=7648"}],"wp:term":[{"taxonomy":"product_brand","embeddable":true,"href":"https:\/\/casaporciatti.it\/shop\/wp-json\/wp\/v2\/product_brand?post=7648"},{"taxonomy":"product_cat","embeddable":true,"href":"https:\/\/casaporciatti.it\/shop\/wp-json\/wp\/v2\/product_cat?post=7648"},{"taxonomy":"product_tag","embeddable":true,"href":"https:\/\/casaporciatti.it\/shop\/wp-json\/wp\/v2\/product_tag?post=7648"}],"curies":[{"name":"wp","href":"https:\/\/api.w.org\/{rel}","templated":true}]}}