{"id":7626,"date":"2023-02-14T17:32:53","date_gmt":"2023-02-14T16:32:53","guid":{"rendered":"https:\/\/casaporciatti.it\/shop\/prodotto\/domaine-jean-marc-millot-echezeaux-grand-cru-2020\/"},"modified":"2023-03-16T11:54:47","modified_gmt":"2023-03-16T10:54:47","slug":"domaine-jean-marc-millot-echezeaux-grand-cru-2020","status":"publish","type":"product","link":"https:\/\/casaporciatti.it\/shop\/prodotto\/domaine-jean-marc-millot-echezeaux-grand-cru-2020\/","title":{"rendered":"DOMAINE JEAN-MARC MILLOT Ech\u00e9zeaux Grand Cru 2020"},"content":{"rendered":"<p>L Ech\u00e9zeaux Grand Cru 2020 del DOMAINE JEAN-MARC MILLOT mostra una bella lunghezza. L&#8217;assemblaggio dei tre appezzamenti porta una bella complessit\u00e0 grazie alla profondit\u00e0 degli &#8220;Ech\u00e9zeaux du dessus&#8221;, la mineralit\u00e0 del &#8220;Clos St Denis&#8221; e la finezza e femminilit\u00e0 delle &#8220;Poulaill\u00e8res&#8221;. Il colore \u00e8 rosso rubino intenso e ha tutta la seriet\u00e0 dei Grands Crus.<\/p>\n<p>L&#8217;Ech\u00e9zeaux \u00e8 una denominazione Grand Cru di Flagey Ech\u00e9zeaux, di vasta superficie, con climi e appezzamenti diversi tra Vougeot e Vosne Roman\u00e9e. Les Ech\u00e9zeaux sono costituiti da vari terreni ad un&#8217;altitudine compresa tra 260 e 300 m, separati dai Grands Ech\u00e9zeaux da un semplice sentiero. Con un&#8217;esposizione est-sudest, possono essere considerati il \u200b\u200bprolungamento naturale del Clos de Vougeot. La parte superiore poggia su una base calcarea dura, favorevole alla finezza. Pi\u00f9 in basso, il terreno \u00e8 pi\u00f9 profondo, offrendo cos\u00ec vini pi\u00f9 potenti. Il Domaine dispone di 1 ha di Ech\u00e9zeaux in tre diversi climi: \u201cles Clos Saint Denis\u201d, \u201cles Ech\u00e9zeaux du Dessus\u201d e \u201cles Poulaill\u00e8res\u201d.<br \/>\nFrutti rossi e mineralit\u00e0 si intrecciano, conferendo agli Ech\u00e9zeaux una bella finezza e una grande eleganza.<\/p>\n<p>Jean-Marc Millot coltiva uve e produce vini dal 1992. Con una straordinaria gamma di vigneti a suo nome, tra cui 3 Grand Cru (Echezeaux, Grands Echezeaux e Clos de Vougeot), era chiaro che questo Domaine sarebbe stato diretto alla grandezza. Ma \u00e8 stato solo quando sua figlia, Alix, \u00e8 arrivata nel 2014 e ha assunto tutte le responsabilit\u00e0 della viticoltura e della vinificazione che questa grandezza \u00e8 stata raggiunta. I vini hanno quella rara capacit\u00e0 di fornire un immediato piacere carnale, pur avendo la capacit\u00e0 di invecchiare per decenni. Questo \u00e8 davvero uno dei Domaine pi\u00f9 eccitanti della Borgogna.<\/p>\n","protected":false},"excerpt":{"rendered":"<p>L Ech\u00e9zeaux Grand Cru 2020 del DOMAINE JEAN-MARC MILLOT mostra una bella lunghezza. L&#8217;assemblaggio dei tre appezzamenti porta una bella [&hellip;]<\/p>\n","protected":false},"featured_media":7627,"template":"","meta":[],"product_brand":[],"product_cat":[16,17],"product_tag":[225,416],"class_list":{"0":"post-7626","1":"product","2":"type-product","3":"status-publish","4":"has-post-thumbnail","6":"product_cat-bere","7":"product_cat-vini-rossi","8":"product_tag-borgogna","9":"product_tag-domaine-jean-marc-millot","10":"pa_produttore-jean-marc-millot","12":"first","13":"instock","14":"shipping-taxable","15":"purchasable","16":"product-type-simple"},"acf":[],"_links":{"self":[{"href":"https:\/\/casaporciatti.it\/shop\/wp-json\/wp\/v2\/product\/7626","targetHints":{"allow":["GET"]}}],"collection":[{"href":"https:\/\/casaporciatti.it\/shop\/wp-json\/wp\/v2\/product"}],"about":[{"href":"https:\/\/casaporciatti.it\/shop\/wp-json\/wp\/v2\/types\/product"}],"wp:featuredmedia":[{"embeddable":true,"href":"https:\/\/casaporciatti.it\/shop\/wp-json\/wp\/v2\/media\/7627"}],"wp:attachment":[{"href":"https:\/\/casaporciatti.it\/shop\/wp-json\/wp\/v2\/media?parent=7626"}],"wp:term":[{"taxonomy":"product_brand","embeddable":true,"href":"https:\/\/casaporciatti.it\/shop\/wp-json\/wp\/v2\/product_brand?post=7626"},{"taxonomy":"product_cat","embeddable":true,"href":"https:\/\/casaporciatti.it\/shop\/wp-json\/wp\/v2\/product_cat?post=7626"},{"taxonomy":"product_tag","embeddable":true,"href":"https:\/\/casaporciatti.it\/shop\/wp-json\/wp\/v2\/product_tag?post=7626"}],"curies":[{"name":"wp","href":"https:\/\/api.w.org\/{rel}","templated":true}]}}