{"id":7620,"date":"2023-02-14T17:32:53","date_gmt":"2023-02-14T16:32:53","guid":{"rendered":"https:\/\/casaporciatti.it\/shop\/prodotto\/pertois-moriset-les-quatre-terroirs-champagne-grand-cru-brut\/"},"modified":"2025-06-11T10:07:58","modified_gmt":"2025-06-11T08:07:58","slug":"pertois-moriset-les-quatre-terroirs-champagne-grand-cru-brut","status":"publish","type":"product","link":"https:\/\/casaporciatti.it\/shop\/prodotto\/pertois-moriset-les-quatre-terroirs-champagne-grand-cru-brut\/","title":{"rendered":"Pertois-Moriset Les Quatre Terroirs Champagne Grand Cru Brut"},"content":{"rendered":"<p>Questa cuv\u00e9e Les Quatre Terroirs prodotta da Pertois-Moriset proviene esclusivamente dai vigneti della C\u00f4te des Blancs. Questo Blanc de Blancs Grand Cru \u00e8 un vino di grande nobilt\u00e0 e notevole finezza.<\/p>\n<p>E&#8217; un blend di Chardonnay proveniente, come suggerisce il nome, da 4 terroir classificati Grand Cru della C\u00f4te des Blancs: Chouilly, Cramant, Oger e Le Mesnil-sur-Oger.<\/p>\n<p>La cuv\u00e9e, vinificata in tini di acciaio inox e botti di rovere, \u00e8 composta per il 70% da vini dell&#8217;anno e per il 30% da vini di riserva perpetui. Questi vini di riserva sono conservati in tini e tini di acciaio inox.<\/p>\n<p>Come le altre cuv\u00e9e della casa, la fermentazione malolattica viene bloccata per preservare la bella acidit\u00e0, la freschezza e la tensione del vino e permettere cos\u00ec di dare una sensazione di finale in bocca pi\u00f9 lungo e salino.<\/p>\n<p>Le bottiglie hanno beneficiato di un affinamento per un minimo di 3 anni nelle cantine della casa<\/p>\n<p>&nbsp;<\/p>\n","protected":false},"excerpt":{"rendered":"<p>Questa cuv\u00e9e Les Quatre Terroirs prodotta da Pertois-Moriset proviene esclusivamente dai vigneti della C\u00f4te des Blancs. Questo Blanc de Blancs [&hellip;]<\/p>\n","protected":false},"featured_media":7621,"template":"","meta":[],"product_brand":[],"product_cat":[16,281],"product_tag":[287,414,211],"class_list":{"0":"post-7620","1":"product","2":"type-product","3":"status-publish","4":"has-post-thumbnail","6":"product_cat-bere","7":"product_cat-vini-spumanti","8":"product_tag-champagne","9":"product_tag-pertois-moriset","10":"product_tag-vini-per-le-feste","11":"pa_categorie-speciali-vini-per-le-feste","12":"pa_produttore-pertois-moriset","14":"first","15":"instock","16":"shipping-taxable","17":"purchasable","18":"product-type-simple"},"acf":[],"_links":{"self":[{"href":"https:\/\/casaporciatti.it\/shop\/wp-json\/wp\/v2\/product\/7620","targetHints":{"allow":["GET"]}}],"collection":[{"href":"https:\/\/casaporciatti.it\/shop\/wp-json\/wp\/v2\/product"}],"about":[{"href":"https:\/\/casaporciatti.it\/shop\/wp-json\/wp\/v2\/types\/product"}],"wp:featuredmedia":[{"embeddable":true,"href":"https:\/\/casaporciatti.it\/shop\/wp-json\/wp\/v2\/media\/7621"}],"wp:attachment":[{"href":"https:\/\/casaporciatti.it\/shop\/wp-json\/wp\/v2\/media?parent=7620"}],"wp:term":[{"taxonomy":"product_brand","embeddable":true,"href":"https:\/\/casaporciatti.it\/shop\/wp-json\/wp\/v2\/product_brand?post=7620"},{"taxonomy":"product_cat","embeddable":true,"href":"https:\/\/casaporciatti.it\/shop\/wp-json\/wp\/v2\/product_cat?post=7620"},{"taxonomy":"product_tag","embeddable":true,"href":"https:\/\/casaporciatti.it\/shop\/wp-json\/wp\/v2\/product_tag?post=7620"}],"curies":[{"name":"wp","href":"https:\/\/api.w.org\/{rel}","templated":true}]}}