{"id":7603,"date":"2023-02-14T17:32:39","date_gmt":"2023-02-14T16:32:39","guid":{"rendered":"https:\/\/casaporciatti.it\/shop\/prodotto\/egly-ouriet-les-premices-champagne-extra-brut\/"},"modified":"2023-07-27T11:06:32","modified_gmt":"2023-07-27T09:06:32","slug":"egly-ouriet-les-premices-champagne-extra-brut","status":"publish","type":"product","link":"https:\/\/casaporciatti.it\/shop\/prodotto\/egly-ouriet-les-premices-champagne-extra-brut\/","title":{"rendered":"Egly-Ouriet  Les Pr\u00e9mices, Champagne Extra Brut"},"content":{"rendered":"<p>Les Pr\u00e9mices firmato Egly-Ouriet \u00e8 un matrimonio alla pari di Chardonnay, Pinot Nero, Pinot Meunier, provenienti dal Massiccio di Saint Thierry e pi\u00f9 precisamente dal villaggio di Trigny. \u00c8 una cuv\u00e9e che rivela note floreali e una bella disccreta vinosit\u00e0 riconducibile al Pinot Nero.<\/p>\n<p>\u00c8 una cuv\u00e9e che offre uno stile meno vinoso rispetto alle altre cuv\u00e9e della casa. \u00c8 uno champagne che si afferma con uno stile elegante, vivace e teso.<\/p>\n<p>\u00c8 un Extra Brut con un leggero dosaggio di 1g\/L.<\/p>\n<p>Al naso Les Pr\u00e9mices di Egly-Ouriet offre un naso minerale, fresco, con un&#8217;elegante presenza floreale.<\/p>\n<p>Al palato la bollicina \u00e8 molto delicata, fine, il vino offre una bella cremosit\u00e0. Note minerali e fruttate.<\/p>\n<p>Una bella introduzione alla Maison di Egly-Ouriet.<\/p>\n","protected":false},"excerpt":{"rendered":"<p>Les Pr\u00e9mices firmato Egly-Ouriet \u00e8 un matrimonio alla pari di Chardonnay, Pinot Nero, Pinot Meunier, provenienti dal Massiccio di Saint [&hellip;]<\/p>\n","protected":false},"featured_media":7604,"template":"","meta":[],"product_brand":[],"product_cat":[16,281],"product_tag":[287,410,211],"class_list":{"0":"post-7603","1":"product","2":"type-product","3":"status-publish","4":"has-post-thumbnail","6":"product_cat-bere","7":"product_cat-vini-spumanti","8":"product_tag-champagne","9":"product_tag-egly-ouriet","10":"product_tag-vini-per-le-feste","11":"pa_categorie-speciali-vini-per-le-feste","12":"pa_produttore-egly-ouriet","14":"first","15":"outofstock","16":"shipping-taxable","17":"purchasable","18":"product-type-simple"},"acf":[],"_links":{"self":[{"href":"https:\/\/casaporciatti.it\/shop\/wp-json\/wp\/v2\/product\/7603","targetHints":{"allow":["GET"]}}],"collection":[{"href":"https:\/\/casaporciatti.it\/shop\/wp-json\/wp\/v2\/product"}],"about":[{"href":"https:\/\/casaporciatti.it\/shop\/wp-json\/wp\/v2\/types\/product"}],"wp:featuredmedia":[{"embeddable":true,"href":"https:\/\/casaporciatti.it\/shop\/wp-json\/wp\/v2\/media\/7604"}],"wp:attachment":[{"href":"https:\/\/casaporciatti.it\/shop\/wp-json\/wp\/v2\/media?parent=7603"}],"wp:term":[{"taxonomy":"product_brand","embeddable":true,"href":"https:\/\/casaporciatti.it\/shop\/wp-json\/wp\/v2\/product_brand?post=7603"},{"taxonomy":"product_cat","embeddable":true,"href":"https:\/\/casaporciatti.it\/shop\/wp-json\/wp\/v2\/product_cat?post=7603"},{"taxonomy":"product_tag","embeddable":true,"href":"https:\/\/casaporciatti.it\/shop\/wp-json\/wp\/v2\/product_tag?post=7603"}],"curies":[{"name":"wp","href":"https:\/\/api.w.org\/{rel}","templated":true}]}}