{"id":7588,"date":"2023-02-14T17:32:39","date_gmt":"2023-02-14T16:32:39","guid":{"rendered":"https:\/\/casaporciatti.it\/shop\/prodotto\/gaja-rossj-bass-langhe-2021\/"},"modified":"2025-06-11T17:05:28","modified_gmt":"2025-06-11T15:05:28","slug":"gaja-rossj-bass-2024","status":"publish","type":"product","link":"https:\/\/casaporciatti.it\/shop\/prodotto\/gaja-rossj-bass-2024\/","title":{"rendered":"GAJA ROSSJ-BASS 2024"},"content":{"rendered":"<p>Il<strong> ROSSJ-BASS di Gaja<\/strong> prende il nome dalla figlia pi\u00f9 giovane di Angelo Gaja, Rossana (Rossj). E&#8217; un blend di Chardonnay con un tocco di Sauvignon Blanc.<\/p>\n<p>Al naso aromi freschi e dolci di melone bianco e pesca nettarina bianca uniti a fiori di sambuco e gelsomino. Il vino si apre al palato con agrumi e freschi sentori di mentolo (che ricorda la menta piperita). Fresco, vibrante, consistente. Finale lungo e persistente.<\/p>\n<p><strong>Gaja<\/strong> \u00e8 una delle aziende vinicole pi\u00f9 prestigiose italiane. Fu fondata nel 1859 da Giovanni Gaja, ma \u00e8 diventata la star dell&#8217;enologia contemporanea con <strong>Angelo Gaja<\/strong> &#8211; il pronipote di Giovanni, che per primo ha introdotto concetti e pratiche tecnologiche innovative in Langa. Oggi\u00a0Angelo Gaja \u00e8 ancora il proprietario della cantina, anche se gran parte del lavoro di gestione \u00e8 affidato alle sue due figlie. Oltre alle aziende piemontesi, Gaja negli ultimi anni si \u00e8 espansa anche in Toscana, dove ora possiede diversi vigneti nelle zone pi\u00f9 vocate di Bolgheri e Montalcino<\/p>\n","protected":false},"excerpt":{"rendered":"<p>Il ROSSJ-BASS di Gaja prende il nome dalla figlia pi\u00f9 giovane di Angelo Gaja, Rossana (Rossj). E&#8217; un blend di [&hellip;]<\/p>\n","protected":false},"featured_media":7589,"template":"","meta":[],"product_brand":[],"product_cat":[16,182],"product_tag":[159,245],"class_list":{"0":"post-7588","1":"product","2":"type-product","3":"status-publish","4":"has-post-thumbnail","6":"product_cat-bere","7":"product_cat-vini-bianchi","8":"product_tag-gaja","9":"product_tag-langhe-doc","10":"pa_produttore-gaja","12":"first","13":"instock","14":"shipping-taxable","15":"purchasable","16":"product-type-simple"},"acf":[],"_links":{"self":[{"href":"https:\/\/casaporciatti.it\/shop\/wp-json\/wp\/v2\/product\/7588","targetHints":{"allow":["GET"]}}],"collection":[{"href":"https:\/\/casaporciatti.it\/shop\/wp-json\/wp\/v2\/product"}],"about":[{"href":"https:\/\/casaporciatti.it\/shop\/wp-json\/wp\/v2\/types\/product"}],"wp:featuredmedia":[{"embeddable":true,"href":"https:\/\/casaporciatti.it\/shop\/wp-json\/wp\/v2\/media\/7589"}],"wp:attachment":[{"href":"https:\/\/casaporciatti.it\/shop\/wp-json\/wp\/v2\/media?parent=7588"}],"wp:term":[{"taxonomy":"product_brand","embeddable":true,"href":"https:\/\/casaporciatti.it\/shop\/wp-json\/wp\/v2\/product_brand?post=7588"},{"taxonomy":"product_cat","embeddable":true,"href":"https:\/\/casaporciatti.it\/shop\/wp-json\/wp\/v2\/product_cat?post=7588"},{"taxonomy":"product_tag","embeddable":true,"href":"https:\/\/casaporciatti.it\/shop\/wp-json\/wp\/v2\/product_tag?post=7588"}],"curies":[{"name":"wp","href":"https:\/\/api.w.org\/{rel}","templated":true}]}}