{"id":7582,"date":"2023-02-14T17:32:39","date_gmt":"2023-02-14T16:32:39","guid":{"rendered":"https:\/\/casaporciatti.it\/shop\/prodotto\/riecine-vigna-gittori-chianti-classico-gran-selezione-2019\/"},"modified":"2025-07-13T12:28:34","modified_gmt":"2025-07-13T10:28:34","slug":"riecine-vigna-gittori-chianti-classico-gran-selezione-2020","status":"publish","type":"product","link":"https:\/\/casaporciatti.it\/shop\/prodotto\/riecine-vigna-gittori-chianti-classico-gran-selezione-2020\/","title":{"rendered":"RIECINE Vigna Gittori Chianti Classico Gran Selezione 2020"},"content":{"rendered":"<p><strong>Il Chianti Classico Gran Selezione Vigna Gittori\u00a0 2020 di Riecine<\/strong> proviene da una\u00a0 vigna di 2,25 ettari di Chianti Classico impiantati nel 1971 con una densit\u00e0 di 3.400 piante per ettaro \u00e8 situata con esposizione a sud su antiche terrazze. Il <strong>Vigna Gittori di Riecine <\/strong>propone un buoquet speziato, con accenti di vaniglia e pane tostato che abbracciano i sentori di ciliegia, fragola e violetta. Ricco, con una solida struttura e un lungo finale marcato da frutta, erbe mediterranee e note minerali. Evolver\u00e0 magnificamente<\/p>\n<p><strong>Riecine<\/strong>\u00a0 \u00e8 bellissima tenuta al centro del <strong>Chianti Classico<\/strong> nel comune di <strong>Gaiole in Chianti<\/strong>. Riecine ha sempre seguito un percorso particolare chiunque sia stato al comando.Fondata dall\u2019inglese John Dunkley e oggi gestita dalla famiglia Frank, la tenuta \u00e8 impegnata in un approccio naturale.<\/p>\n<p>L\u2019azienda \u00e8 certificata biologica e allo stesso tempo segue delle pratiche biodinamiche.\u00a0 Il terreno \u00e8 dunque vivo, popolato di piante, fiori ed erbe. la biodiversit\u00e0 \u00e8 incoraggiata e di conseguenza le difese proprie delle viti e la salute dei vigneti.\u00a0 Solo i grappoli migliori passano la selezione manuale, quelli pi\u00f9 maturi e sani; tutto il resto rimane nei campi per tornare sulla terra.<\/p>\n<p>Pochissima solforosa, lieviti naturali e lunghe fermentazioni cos\u00ec i vini di Riecine,\u00a0 delicatamente, vengono al mondo. Credendo fortemente nel Sangiovese come unica variet\u00e0 capace di interpretare il terroir, i vini di questa splendida tenuta hanno nell\u2019anima il \u201csenso del luogo\u201d<\/p>\n<p>&nbsp;<\/p>\n","protected":false},"excerpt":{"rendered":"<p>Il Chianti Classico Gran Selezione Vigna Gittori\u00a0 2020 di Riecine proviene da una\u00a0 vigna di 2,25 ettari di Chianti Classico [&hellip;]<\/p>\n","protected":false},"featured_media":7583,"template":"","meta":[],"product_brand":[],"product_cat":[16,17],"product_tag":[43,31,74,26],"class_list":{"0":"post-7582","1":"product","2":"type-product","3":"status-publish","4":"has-post-thumbnail","6":"product_cat-bere","7":"product_cat-vini-rossi","8":"product_tag-chianti-classico-gran-selezione","9":"product_tag-portami-in-chianti","10":"product_tag-riecine","11":"product_tag-vini-di-gaiole","12":"pa_categorie-speciali-portami-in-chianti","13":"pa_categorie-speciali-vini-di-gaiole-in-chianti","14":"pa_chianti-classico-vini-di-gaiole-in-chianti","15":"pa_produttore-riecine","17":"first","18":"instock","19":"shipping-taxable","20":"purchasable","21":"product-type-simple"},"acf":[],"_links":{"self":[{"href":"https:\/\/casaporciatti.it\/shop\/wp-json\/wp\/v2\/product\/7582","targetHints":{"allow":["GET"]}}],"collection":[{"href":"https:\/\/casaporciatti.it\/shop\/wp-json\/wp\/v2\/product"}],"about":[{"href":"https:\/\/casaporciatti.it\/shop\/wp-json\/wp\/v2\/types\/product"}],"wp:featuredmedia":[{"embeddable":true,"href":"https:\/\/casaporciatti.it\/shop\/wp-json\/wp\/v2\/media\/7583"}],"wp:attachment":[{"href":"https:\/\/casaporciatti.it\/shop\/wp-json\/wp\/v2\/media?parent=7582"}],"wp:term":[{"taxonomy":"product_brand","embeddable":true,"href":"https:\/\/casaporciatti.it\/shop\/wp-json\/wp\/v2\/product_brand?post=7582"},{"taxonomy":"product_cat","embeddable":true,"href":"https:\/\/casaporciatti.it\/shop\/wp-json\/wp\/v2\/product_cat?post=7582"},{"taxonomy":"product_tag","embeddable":true,"href":"https:\/\/casaporciatti.it\/shop\/wp-json\/wp\/v2\/product_tag?post=7582"}],"curies":[{"name":"wp","href":"https:\/\/api.w.org\/{rel}","templated":true}]}}