{"id":7554,"date":"2023-02-14T17:32:39","date_gmt":"2023-02-14T16:32:39","guid":{"rendered":"https:\/\/casaporciatti.it\/shop\/prodotto\/leclerc-briant-abyss-champagne-2016-brut-zero\/"},"modified":"2024-05-18T17:15:51","modified_gmt":"2024-05-18T15:15:51","slug":"leclerc-briant-abyss-champagne-2016-brut-zero","status":"publish","type":"product","link":"https:\/\/casaporciatti.it\/shop\/prodotto\/leclerc-briant-abyss-champagne-2016-brut-zero\/","title":{"rendered":"LECLERC BRIANT ABYSS Champagne 2016 Brut Z\u00e9ro"},"content":{"rendered":"<p>Lo Champagne Abyss 2016 Brut Zero di Leclerc Briant \u00e8 uno champagne dal carattere &#8220;marino&#8221; unico.<\/p>\n<p>La cuv\u00e9e Abyss \u00e8 uno Champagne dal carattere marino che ha beneficiato di una maturazione maturata nelle profondit\u00e0 del mare. La degustazione rivela una firma minerale e iodata che rispetta il suo terroir.<\/p>\n<p>Agrumato e con un tocco salino, mostra un bel sorso minerale. Dettagliato e fine. Al naso scorza di limone, pompelmo bianco seguiti da un&#8217;ampia consistenza gessosa e una vivace astringenza sul finale. Le uve per questo vino provengono da terreni ad alto contenuto calcareo, che conferisce al vino la suddetta salinit\u00e0.<\/p>\n<p>Prodotto dalla vendemmia 2016 (1\/3 Pinot Nero, 1\/3 Pinot Meunier e 1\/3 Chardonnay), Abyss \u00e8 stato imbottigliato a luglio 2017, sboccato a luglio 2020, immerso 1 mese dopo e poi riportato alla luce dal profondo ad agosto 2021 .<\/p>\n","protected":false},"excerpt":{"rendered":"<p>Lo Champagne Abyss 2016 Brut Zero di Leclerc Briant \u00e8 uno champagne dal carattere &#8220;marino&#8221; unico. La cuv\u00e9e Abyss \u00e8 [&hellip;]<\/p>\n","protected":false},"featured_media":7555,"template":"","meta":[],"product_brand":[],"product_cat":[16,281],"product_tag":[287,409,28,84,211],"class_list":{"0":"post-7554","1":"product","2":"type-product","3":"status-publish","4":"has-post-thumbnail","6":"product_cat-bere","7":"product_cat-vini-spumanti","8":"product_tag-champagne","9":"product_tag-leclerc-briant","10":"product_tag-produttore-artigianale","11":"product_tag-vini-per-lestate","12":"product_tag-vini-per-le-feste","13":"pa_categorie-speciali-vini-per-lestate","14":"pa_categorie-speciali-vini-per-le-feste","15":"pa_categorie-speciali-vino-biologico","16":"pa_etichette-porciatti-produttori-artigianali","17":"pa_etichette-porciatti-vino-biodinamico","18":"pa_produttore-fleury","19":"pa_produttore-leclerc-briant","21":"first","22":"outofstock","23":"shipping-taxable","24":"purchasable","25":"product-type-simple"},"acf":[],"_links":{"self":[{"href":"https:\/\/casaporciatti.it\/shop\/wp-json\/wp\/v2\/product\/7554","targetHints":{"allow":["GET"]}}],"collection":[{"href":"https:\/\/casaporciatti.it\/shop\/wp-json\/wp\/v2\/product"}],"about":[{"href":"https:\/\/casaporciatti.it\/shop\/wp-json\/wp\/v2\/types\/product"}],"wp:featuredmedia":[{"embeddable":true,"href":"https:\/\/casaporciatti.it\/shop\/wp-json\/wp\/v2\/media\/7555"}],"wp:attachment":[{"href":"https:\/\/casaporciatti.it\/shop\/wp-json\/wp\/v2\/media?parent=7554"}],"wp:term":[{"taxonomy":"product_brand","embeddable":true,"href":"https:\/\/casaporciatti.it\/shop\/wp-json\/wp\/v2\/product_brand?post=7554"},{"taxonomy":"product_cat","embeddable":true,"href":"https:\/\/casaporciatti.it\/shop\/wp-json\/wp\/v2\/product_cat?post=7554"},{"taxonomy":"product_tag","embeddable":true,"href":"https:\/\/casaporciatti.it\/shop\/wp-json\/wp\/v2\/product_tag?post=7554"}],"curies":[{"name":"wp","href":"https:\/\/api.w.org\/{rel}","templated":true}]}}