{"id":7548,"date":"2023-02-14T17:32:29","date_gmt":"2023-02-14T16:32:29","guid":{"rendered":"https:\/\/casaporciatti.it\/shop\/prodotto\/giuseppe-rinaldi-tre-tine-barolo-2018\/"},"modified":"2025-06-09T05:37:42","modified_gmt":"2025-06-09T03:37:42","slug":"giuseppe-rinaldi-tre-tine-barolo-2018","status":"publish","type":"product","link":"https:\/\/casaporciatti.it\/shop\/prodotto\/giuseppe-rinaldi-tre-tine-barolo-2018\/","title":{"rendered":"GIUSEPPE RINALDI TRE TINE Barolo 2018"},"content":{"rendered":"<p>Il Barolo Tre Tine Giuseppe Rinaldi 2018 presenta un frutto elegante e setoso, con viola appassita, spezie e tartufo. Il Barolo Tre Tine Giuseppe Rinaldi\u00a0 ha una\u00a0 buona struttura, tannini e acidit\u00e0 integrati nel vino. Tre Tine \u00e8 un blend delle uve dei cru di Ravera, Le Coste e Cannubi San Lorenzo.<\/p>\n<p>Giuseppe Rinaldi aveva un modo unico di vedere il mondo e i sui vini hanno lasciato un segno indelebile.<\/p>\n<p>Giuseppe Rinaldi si \u00e8 spento nel 2018, lasciando le redini dell&#8217;azienda alla figlia Marta, enologa diplomata alla scuola di Alba; giovane allora, ma con una lunga esperienza in cantina e in vigna, avendo sempre seguito il padre nel suo lavoro.<\/p>\n<p>Un assoluto rispetto per la tradizione e un fascino per la storia sembrano guidare i pensieri e, a loro volta, i vini di Giuseppe Rinaldi<\/p>\n<p>La storia personale di Beppe risale a cinque generazioni alla fine del XIX secolo, quando la sua famiglia e tanti altri vendettero i frutti dei loro vigneti alla famiglia Falletti. La prima cantina Rinaldi (che \u00e8 ancora oggi guidata da Luciano Rinaldi) fu acquisita nel 1870 dal gestore della tenuta Falletti, ma negli anni &#8217;20 Giuseppe Rinaldi, nonno dell&#8217;attuale proprietario, fond\u00f2 la propria tenuta con vigneti nei migliori siti di Barolo: Cannubi, Brunate, Le Coste e Ravera. Successivamente il figlio di Giuseppe, Battista, ha rilevato la cantina e ha sviluppato le tecniche di cantina per aumentare la qualit\u00e0; quando mor\u00ec nel 1992 suo figlio, anche lui di nome Giuseppe, lasci\u00f2 la carriera di veterinario per portare avanti il \u200b\u200blavoro di famiglia.<\/p>\n<p>Da enologo tradizionale, anche se certamente non convenzionale, Beppe vedeva nei blend la massima espressione del Barolo. Ogni\u00a0 vigneto, ha sempre affermato, avr\u00e0 delle carenze, soprattutto nelle annate che si sposano meno bene con il carattere del terreno. Le generazioni passate amavano la creativit\u00e0 e l&#8217;individualit\u00e0 delle miscele, e anche i loro vini etichettati &#8220;cru&#8221; erano spesso abbinati a uve non cru per esaltare il carattere ancora evidente del vigneto.<\/p>\n<p>Le tecniche non sono calcolate con precisione, ma seguono piuttosto la tradizione e l&#8217;istinto, come con l&#8217;uso di grandi tini di legno per la fermentazione.<\/p>\n<p>.Ad ogni bottiglia di Barolo viene inoltre conferita maggiore ampiezza e acidit\u00e0 attraverso un ripasso in cui al mosto di Nebbiolo vengono aggiunte bucce di Barbera, pratica che, spiegava Giuseppe, \u00e8 (ed \u00e8 sempre stata) comune ma di cui oggi non si parla mai. I Barolo Giuseppe Rinaldi sono fatti per un lungo invecchiamento.<\/p>\n","protected":false},"excerpt":{"rendered":"<p>Il Barolo Tre Tine Giuseppe Rinaldi 2018 presenta un frutto elegante e setoso, con viola appassita, spezie e tartufo. Il [&hellip;]<\/p>\n","protected":false},"featured_media":7329,"template":"","meta":[],"product_brand":[],"product_cat":[16,17],"product_tag":[150,376,28,377,91],"class_list":{"0":"post-7548","1":"product","2":"type-product","3":"status-publish","4":"has-post-thumbnail","6":"product_cat-bere","7":"product_cat-vini-rossi","8":"product_tag-barolo","9":"product_tag-giuseppe-rinaldi","10":"product_tag-produttore-artigianale","11":"product_tag-ricca","12":"product_tag-vini-pregiati-e-rari","13":"pa_categorie-speciali-vini-pregiati-e-rari","14":"pa_etichette-porciatti-produttori-artigianali","15":"pa_produttore-giuseppe-rinaldi","17":"first","18":"instock","19":"shipping-taxable","20":"purchasable","21":"product-type-simple"},"acf":[],"_links":{"self":[{"href":"https:\/\/casaporciatti.it\/shop\/wp-json\/wp\/v2\/product\/7548","targetHints":{"allow":["GET"]}}],"collection":[{"href":"https:\/\/casaporciatti.it\/shop\/wp-json\/wp\/v2\/product"}],"about":[{"href":"https:\/\/casaporciatti.it\/shop\/wp-json\/wp\/v2\/types\/product"}],"wp:featuredmedia":[{"embeddable":true,"href":"https:\/\/casaporciatti.it\/shop\/wp-json\/wp\/v2\/media\/7329"}],"wp:attachment":[{"href":"https:\/\/casaporciatti.it\/shop\/wp-json\/wp\/v2\/media?parent=7548"}],"wp:term":[{"taxonomy":"product_brand","embeddable":true,"href":"https:\/\/casaporciatti.it\/shop\/wp-json\/wp\/v2\/product_brand?post=7548"},{"taxonomy":"product_cat","embeddable":true,"href":"https:\/\/casaporciatti.it\/shop\/wp-json\/wp\/v2\/product_cat?post=7548"},{"taxonomy":"product_tag","embeddable":true,"href":"https:\/\/casaporciatti.it\/shop\/wp-json\/wp\/v2\/product_tag?post=7548"}],"curies":[{"name":"wp","href":"https:\/\/api.w.org\/{rel}","templated":true}]}}