{"id":7546,"date":"2023-02-14T17:32:29","date_gmt":"2023-02-14T16:32:29","guid":{"rendered":"https:\/\/casaporciatti.it\/shop\/prodotto\/castello-dei-rampolla-liu-toscana-igt-2020\/"},"modified":"2026-02-04T18:35:05","modified_gmt":"2026-02-04T17:35:05","slug":"castello-dei-rampolla-liu-toscana-igt-2020","status":"publish","type":"product","link":"https:\/\/casaporciatti.it\/shop\/prodotto\/castello-dei-rampolla-liu-toscana-igt-2020\/","title":{"rendered":"CASTELLO DEI RAMPOLLA Li\u00f9 Toscana IGT 2020"},"content":{"rendered":"<p class=\"p1\">Li\u00f9 del Castello dei Rampolla \u00e8 un 100% Merlot. Si ispira a principi di purezza della variet\u00e0, di snellezza e sostanza che viene dalla vendemmia giovane pur sempre congiunta, per\u00f2, ad una espressione di sostanza. L\u2019espansione e la freschezza dei suoli, infatti, garantiscono una maturazione graduale e progressiva delle uve anche nelle annate di maggior calura e il rigore delle buone pratiche agronomiche.<\/p>\n<p class=\"p1\">VINIFICAZIONE ED AFFINAMENTO. 9 mesi in tini di cemento\/anfore di terracotta 6 mesi in bottiglia<\/p>\n<p>Il\u00a0<strong>Castello dei Rampola<\/strong>\u00a0\u00e8 una storica tenuta di propriet\u00e0 della famiglia Di Napoli dal 1964, situata nella Conca d\u2019Oro di\u00a0<strong>Panzano<\/strong>. Fa parte di quel gruppo di produttori che hanno contribuito a rilanciare la regione del Chianti negli anni Settanta e Ottanta. Castello dei Rampolla lavora in\u00a0<strong>biodinamica<\/strong>\u00a0sin dal 1994 e i sui vini sono diventati dei cult per gli appassionati per consistenza capacit\u00e0 di interpretare il terroir<\/p>\n","protected":false},"excerpt":{"rendered":"<p>Li\u00f9 del Castello dei Rampolla \u00e8 un 100% Merlot. Si ispira a principi di purezza della variet\u00e0, di snellezza e [&hellip;]<\/p>\n","protected":false},"featured_media":5150,"template":"","meta":[],"product_brand":[],"product_cat":[16,17],"product_tag":[30,28,93,32,22],"class_list":{"0":"post-7546","1":"product","2":"type-product","3":"status-publish","4":"has-post-thumbnail","6":"product_cat-bere","7":"product_cat-vini-rossi","8":"product_tag-castello-dei-rampolla","9":"product_tag-produttore-artigianale","10":"product_tag-toscana-igt","11":"product_tag-vini-di-panzano","12":"product_tag-vino-biologico","13":"pa_categorie-speciali-vini-di-panzano-in-chianti","14":"pa_categorie-speciali-vino-biologico","15":"pa_etichette-porciatti-produttori-artigianali","16":"pa_etichette-porciatti-vino-biodinamico","17":"pa_produttore-castello-dei-rampolla","19":"first","20":"outofstock","21":"shipping-taxable","22":"purchasable","23":"product-type-simple"},"acf":[],"_links":{"self":[{"href":"https:\/\/casaporciatti.it\/shop\/wp-json\/wp\/v2\/product\/7546","targetHints":{"allow":["GET"]}}],"collection":[{"href":"https:\/\/casaporciatti.it\/shop\/wp-json\/wp\/v2\/product"}],"about":[{"href":"https:\/\/casaporciatti.it\/shop\/wp-json\/wp\/v2\/types\/product"}],"wp:featuredmedia":[{"embeddable":true,"href":"https:\/\/casaporciatti.it\/shop\/wp-json\/wp\/v2\/media\/5150"}],"wp:attachment":[{"href":"https:\/\/casaporciatti.it\/shop\/wp-json\/wp\/v2\/media?parent=7546"}],"wp:term":[{"taxonomy":"product_brand","embeddable":true,"href":"https:\/\/casaporciatti.it\/shop\/wp-json\/wp\/v2\/product_brand?post=7546"},{"taxonomy":"product_cat","embeddable":true,"href":"https:\/\/casaporciatti.it\/shop\/wp-json\/wp\/v2\/product_cat?post=7546"},{"taxonomy":"product_tag","embeddable":true,"href":"https:\/\/casaporciatti.it\/shop\/wp-json\/wp\/v2\/product_tag?post=7546"}],"curies":[{"name":"wp","href":"https:\/\/api.w.org\/{rel}","templated":true}]}}