{"id":7532,"date":"2023-02-14T17:32:29","date_gmt":"2023-02-14T16:32:29","guid":{"rendered":"https:\/\/casaporciatti.it\/shop\/prodotto\/laherte-freres-champagne-blanc-de-blanc-brut-nature-magnum-15-l\/"},"modified":"2023-03-16T11:54:21","modified_gmt":"2023-03-16T10:54:21","slug":"laherte-freres-champagne-blanc-de-blanc-brut-nature-magnum-15-l","status":"publish","type":"product","link":"https:\/\/casaporciatti.it\/shop\/prodotto\/laherte-freres-champagne-blanc-de-blanc-brut-nature-magnum-15-l\/","title":{"rendered":"LAHERTE FRERES Champagne Blanc de Blanc Brut Nature Magnum 1,5 L"},"content":{"rendered":"<p>Lo Champagne Blanc de Blancs Nature della Maison Laherte \u00e8 una cuv\u00e9e a base di Chardonnay proveniente dai migliori appezzamenti di Chardonnay della tenuta. Vigne il cui sottosuolo gessoso permettono qui di costruire uno champagne di grande mineralit\u00e0.<\/p>\n<p>I vitigni Chardonnay del Blanc de Blancs Nature Laherte beneficiano di pratiche colturali ragionate e hanno in media 35 anni.<\/p>\n<p>La met\u00e0 dei vini di riserva utilizzati nell&#8217;assemblaggio di questa cuv\u00e9e sono conservati in botti, conferendo quindi una certa rotondit\u00e0 a questa cuv\u00e9e.<\/p>\n<p>Questa cuv\u00e9e non \u00e8 dosata come suggerisce il nome, in modo da far esprimere gli aromi.<\/p>\n<p>Blanc de Blancs Nature Laherte \u00e8 una cuv\u00e9e importante, con aromi di frutta e fiori bianchi che avvolgono il palato.<\/p>\n<p>Finisce con bella lunghezza minerale.<\/p>\n","protected":false},"excerpt":{"rendered":"<p>Lo Champagne Blanc de Blancs Nature della Maison Laherte \u00e8 una cuv\u00e9e a base di Chardonnay proveniente dai migliori appezzamenti [&hellip;]<\/p>\n","protected":false},"featured_media":7530,"template":"","meta":[],"product_brand":[],"product_cat":[16,281],"product_tag":[287,407,28],"class_list":{"0":"post-7532","1":"product","2":"type-product","3":"status-publish","4":"has-post-thumbnail","6":"product_cat-bere","7":"product_cat-vini-spumanti","8":"product_tag-champagne","9":"product_tag-laherte-freres","10":"product_tag-produttore-artigianale","11":"pa_categorie-speciali-vini-per-le-feste","12":"pa_categorie-speciali-vini-pregiati-e-rari","13":"pa_etichette-porciatti-produttori-artigianali","14":"pa_produttore-laherte-freres","16":"first","17":"outofstock","18":"shipping-taxable","19":"purchasable","20":"product-type-simple"},"acf":[],"_links":{"self":[{"href":"https:\/\/casaporciatti.it\/shop\/wp-json\/wp\/v2\/product\/7532","targetHints":{"allow":["GET"]}}],"collection":[{"href":"https:\/\/casaporciatti.it\/shop\/wp-json\/wp\/v2\/product"}],"about":[{"href":"https:\/\/casaporciatti.it\/shop\/wp-json\/wp\/v2\/types\/product"}],"wp:featuredmedia":[{"embeddable":true,"href":"https:\/\/casaporciatti.it\/shop\/wp-json\/wp\/v2\/media\/7530"}],"wp:attachment":[{"href":"https:\/\/casaporciatti.it\/shop\/wp-json\/wp\/v2\/media?parent=7532"}],"wp:term":[{"taxonomy":"product_brand","embeddable":true,"href":"https:\/\/casaporciatti.it\/shop\/wp-json\/wp\/v2\/product_brand?post=7532"},{"taxonomy":"product_cat","embeddable":true,"href":"https:\/\/casaporciatti.it\/shop\/wp-json\/wp\/v2\/product_cat?post=7532"},{"taxonomy":"product_tag","embeddable":true,"href":"https:\/\/casaporciatti.it\/shop\/wp-json\/wp\/v2\/product_tag?post=7532"}],"curies":[{"name":"wp","href":"https:\/\/api.w.org\/{rel}","templated":true}]}}