{"id":7514,"date":"2023-02-14T17:32:29","date_gmt":"2023-02-14T16:32:29","guid":{"rendered":"https:\/\/casaporciatti.it\/shop\/prodotto\/domaine-ponsot-bourgogne-aoc-cuvee-du-pinson-2019\/"},"modified":"2025-11-26T08:01:12","modified_gmt":"2025-11-26T07:01:12","slug":"domaine-ponsot-bourgogne-aoc-cuvee-du-pinson-2023","status":"publish","type":"product","link":"https:\/\/casaporciatti.it\/shop\/prodotto\/domaine-ponsot-bourgogne-aoc-cuvee-du-pinson-2023\/","title":{"rendered":"DOMAINE PONSOT Bourgogne AOC Cuv\u00e9e du Pinson 2023"},"content":{"rendered":"<p>Il Bourgogne Rouge &#8220;Cuv\u00e9e du Pinson&#8221; del Domaine Ponsot mostra al naso intense note di frutti rossi e spezie in sottofondo. In bocca \u00e8 diretto, concentrato e succoso, dove una grande variet\u00e0 di note fruttate sono addolcite da un&#8217;interessante freschezza e tannini maturi. Finale esplosivo e raffinato.<\/p>\n<p>La storia del Domaine Ponsot inizia nel 1872 quando William Ponsot acquist\u00f2 una tenuta vinicola a Morey-Saint-Denis e vi stabil\u00ec la sua casa. I suoi principali appezzamenti di terreno a quel tempo erano il Clos des Monts-Luisants e il Clos de la Roche. Suo nipote e figlioccio, Hippolyte Ponsot, rilev\u00f2 il domaine nel 1920 e nel 1932 inizi\u00f2 a imbottigliare tutto il suo raccolto al domaine, una rarit\u00e0 per l&#8217;epoca. Alla fine la tenuta pass\u00f2 al figlio di Hippolyte Jean-Marie, e pi\u00f9 tardi ai figli di Jean-Marie, Laurent e Rose-Marie.<\/p>\n<p>Oggi, Rose-Marie Ponsot \u00e8 l&#8217;amministratore unico della societ\u00e0, distaccato da Alexandre Abel. Libero dalle ultime mode, Domaine Ponsot ha sempre cercato di esprimere la ricchezza del terroir della Borgogna attraverso pratiche di coltivazione naturale. L&#8217;intervento umano \u00e8 limitato e applicato solo all&#8217;aiuto di cui la vite ha bisogno.<\/p>\n<p>I vigneti sono in condizioni eccezionali grazie alla lunga tradizione della famiglia di lasciare che la natura prenda il comando del lavoro<\/p>\n","protected":false},"excerpt":{"rendered":"<p>Il Bourgogne Rouge &#8220;Cuv\u00e9e du Pinson&#8221; del Domaine Ponsot mostra al naso intense note di frutti rossi e spezie in [&hellip;]<\/p>\n","protected":false},"featured_media":7515,"template":"","meta":[],"product_brand":[],"product_cat":[16,17],"product_tag":[225,237],"class_list":{"0":"post-7514","1":"product","2":"type-product","3":"status-publish","4":"has-post-thumbnail","6":"product_cat-bere","7":"product_cat-vini-rossi","8":"product_tag-borgogna","9":"product_tag-domaine-ponsot","10":"pa_categorie-speciali-vini-pregiati-e-rari","11":"pa_produttore-domaine-ponsot","13":"first","14":"instock","15":"shipping-taxable","16":"purchasable","17":"product-type-simple"},"acf":[],"_links":{"self":[{"href":"https:\/\/casaporciatti.it\/shop\/wp-json\/wp\/v2\/product\/7514","targetHints":{"allow":["GET"]}}],"collection":[{"href":"https:\/\/casaporciatti.it\/shop\/wp-json\/wp\/v2\/product"}],"about":[{"href":"https:\/\/casaporciatti.it\/shop\/wp-json\/wp\/v2\/types\/product"}],"wp:featuredmedia":[{"embeddable":true,"href":"https:\/\/casaporciatti.it\/shop\/wp-json\/wp\/v2\/media\/7515"}],"wp:attachment":[{"href":"https:\/\/casaporciatti.it\/shop\/wp-json\/wp\/v2\/media?parent=7514"}],"wp:term":[{"taxonomy":"product_brand","embeddable":true,"href":"https:\/\/casaporciatti.it\/shop\/wp-json\/wp\/v2\/product_brand?post=7514"},{"taxonomy":"product_cat","embeddable":true,"href":"https:\/\/casaporciatti.it\/shop\/wp-json\/wp\/v2\/product_cat?post=7514"},{"taxonomy":"product_tag","embeddable":true,"href":"https:\/\/casaporciatti.it\/shop\/wp-json\/wp\/v2\/product_tag?post=7514"}],"curies":[{"name":"wp","href":"https:\/\/api.w.org\/{rel}","templated":true}]}}