{"id":7511,"date":"2023-02-14T17:32:29","date_gmt":"2023-02-14T16:32:29","guid":{"rendered":"https:\/\/casaporciatti.it\/shop\/prodotto\/michele-satta-giovin-re-2020\/"},"modified":"2023-03-16T11:54:19","modified_gmt":"2023-03-16T10:54:19","slug":"michele-satta-giovin-re-2020","status":"publish","type":"product","link":"https:\/\/casaporciatti.it\/shop\/prodotto\/michele-satta-giovin-re-2020\/","title":{"rendered":"MICHELE SATTA GIOVIN RE 2020"},"content":{"rendered":"<p>IL GIOVIN RE\u00a0 di Michele Satta \u00e8 un vino nato da un&#8217;improvvisa intuizione (\u00e8 stato assaggiando l&#8217;uva in vendemmia e trovandone straordinaria la ricchezza aromatica che si \u00e8 deciso di vinificare questo Viognier in purezza), il Giovin Re conferma anno dopo anno il suo valore.<\/p>\n<p>Il mosto fermenta per met\u00e0 in barriques usate e per met\u00e0 in cemento dove sosta fino a Marzo prima di essere imbottigliato senza alcuna chiarifica. In vendita dopo altri 12 mesi, raggiunge la piena espressione nei due anni seguenti. Si esalta accompagnando piatti di forte personalit\u00e0, sapidi e speziati.<\/p>\n<p>Nei primi anni &#8217;80 Michele Satta, \u00e8 arrivato a Bolgheri come consulente agronomico, ma diventa subito uno dei primi viticoltori della scena<\/p>\n<p>Ma ci\u00f2 che da sempre contraddistingue Satta \u00e8 la sua eresia di credere nel Sangiovese di Bolgheri.<\/p>\n<p>La maggior parte dei proprietari e dei viticoltori di Bolgheri concorda sul fatto che il Sangiovese, il grande vitigno rosso della Toscana, semplicemente non funziona nei terroir di Bolgheri. I risultati sono troppo ordinari. Satta \u00e8 la classica eccezione alla regola.<\/p>\n<p>A Bolgheri oggi la variet\u00e0 rappresenta meno dell&#8217;1,5 per cento degli impianti di vigneto. Eppure il Sangiovese pu\u00f2 costituire fino al 50 per cento delle miscele Bolgheri DOC e Bolgheri Superiore DOC, in parte grazie alla persistente difesa di Satta.<\/p>\n<p>Oggi, i Bolgheri di Satta contengono una buona dose di Sangiovese, e un terzo ha una grande dose dell&#8217;altra sua variet\u00e0 preferita, il Syrah, che prospera nei climi mediterranei e che imbottiglia anche da solo.<\/p>\n<p>Inizialmente Satta non veniva a Bolgheri per fare il vino. Originario del distretto dei laghi del Nord Italia, ha studiato agronomia e ha lavorato in una fattoria qui nel 1974.<\/p>\n<p>Nel 1983, desideroso di costruire la propria attivit\u00e0, Satta\u00a0 ha trovato vigneti e una piccola cantina di famiglia disponibili per un piccolo affitto. Ha iniziato ad acquistare i propri terreni agricoli e a piantare vigneti all&#8217;inizio degli anni &#8217;90, quando ha anche lavorato come consulente agronomico presso la Tenuta dell&#8217;Ornellaia.<\/p>\n<p>Satta ha piantato un eclettico mix di uve che include le variet\u00e0 rosse bordolesi preferite di Bolgheri insieme a Sangiovese, Syrah e Teroldego del Nord Italia.<\/p>\n<p>Da qualche anno con una produzione annua di circa 12.500 casse, Satta ha affidato le responsabilit\u00e0 di vinificazione al figlio Giacomo. Versione pi\u00f9 giovane e barbuta del padre, mostra la stessa propensione per la sperimentazione.<\/p>\n<p>Ha convertito la tenuta all&#8217;agricoltura biodinamica e sta provando le vinificazioni in vasche di cemento e anfore di argilla,<\/p>\n<p>&nbsp;<\/p>\n","protected":false},"excerpt":{"rendered":"<p>IL GIOVIN RE\u00a0 di Michele Satta \u00e8 un vino nato da un&#8217;improvvisa intuizione (\u00e8 stato assaggiando l&#8217;uva in vendemmia e [&hellip;]<\/p>\n","protected":false},"featured_media":7512,"template":"","meta":[],"product_brand":[],"product_cat":[16,182],"product_tag":[98,406,34],"class_list":{"0":"post-7511","1":"product","2":"type-product","3":"status-publish","4":"has-post-thumbnail","6":"product_cat-bere","7":"product_cat-vini-bianchi","8":"product_tag-bolgheri","9":"product_tag-michele-satta","10":"product_tag-scelto-da-riccardo","11":"pa_etichette-porciatti-consigliato-da-riccardo","12":"pa_produttore-michele-satta","14":"first","15":"outofstock","16":"shipping-taxable","17":"purchasable","18":"product-type-simple"},"acf":[],"_links":{"self":[{"href":"https:\/\/casaporciatti.it\/shop\/wp-json\/wp\/v2\/product\/7511","targetHints":{"allow":["GET"]}}],"collection":[{"href":"https:\/\/casaporciatti.it\/shop\/wp-json\/wp\/v2\/product"}],"about":[{"href":"https:\/\/casaporciatti.it\/shop\/wp-json\/wp\/v2\/types\/product"}],"wp:featuredmedia":[{"embeddable":true,"href":"https:\/\/casaporciatti.it\/shop\/wp-json\/wp\/v2\/media\/7512"}],"wp:attachment":[{"href":"https:\/\/casaporciatti.it\/shop\/wp-json\/wp\/v2\/media?parent=7511"}],"wp:term":[{"taxonomy":"product_brand","embeddable":true,"href":"https:\/\/casaporciatti.it\/shop\/wp-json\/wp\/v2\/product_brand?post=7511"},{"taxonomy":"product_cat","embeddable":true,"href":"https:\/\/casaporciatti.it\/shop\/wp-json\/wp\/v2\/product_cat?post=7511"},{"taxonomy":"product_tag","embeddable":true,"href":"https:\/\/casaporciatti.it\/shop\/wp-json\/wp\/v2\/product_tag?post=7511"}],"curies":[{"name":"wp","href":"https:\/\/api.w.org\/{rel}","templated":true}]}}