{"id":7481,"date":"2023-02-14T17:32:17","date_gmt":"2023-02-14T16:32:17","guid":{"rendered":"https:\/\/casaporciatti.it\/shop\/prodotto\/drappier-trop-men-faut-champagne-brut-nature\/"},"modified":"2023-03-16T11:54:09","modified_gmt":"2023-03-16T10:54:09","slug":"drappier-trop-men-faut-champagne-brut-nature","status":"publish","type":"product","link":"https:\/\/casaporciatti.it\/shop\/prodotto\/drappier-trop-men-faut-champagne-brut-nature\/","title":{"rendered":"DRAPPIER TROP M&#8217;EN FAUT Champagne Brut Nature"},"content":{"rendered":"<p>Il nome &#8220;Trop M&#8217;en Faut!&#8221; \u00bb \u00e8 una controparte di \u00ab Fromenteau \u00bb (nome champenois del Pinot Gris), che potrebbe essere tradotto come \u00ab \u200b\u200bTanto buono che non ne avr\u00f2 mai troppo! &#8220;. Con questa nuova cuv\u00e9e della casa Drappier riscopriamo il gusto dei vini di una volta, con un&#8217;espressione 100% Fromenteau.<\/p>\n<p>Il Pinot Grigio, questo vitigno dalla buccia ramata, un tempo molto presente nell&#8217;Aube, produceva i cosiddetti vini \u201cgrigi\u201d. Ricco, setoso e ampio, il Fromenteau, oggi molto raro, regala un succo dorato con note di frutti dimenticati.<\/p>\n<p>La Maison Drappier ha sperimentato questo vitigno nel 2015 e ora estende l&#8217;esperienza con un blend delle vendemmie 2017 e 2018. Il vitigno, situato nel terroir di Urville (C\u00f4te des Bars), \u00e8 coltivato biologicamente. La mineralit\u00e0 del calcare contrasta con la rotondit\u00e0 quasi esotica del Pinot Grigio.<\/p>\n<p>Questa cuv\u00e9e Trop M&#8217;en Faut! \u00e8 stato vinificata e affinata in tini di acciaio inox in modo da preservare tutta la tensione e tutta la freschezza del vino, senza zuccheraggio, filtrazioni o chiarifiche e con fermentazione malolattica naturale. Questa cuv\u00e9e beneficia di un invecchiamento di 24 mesi i e non viene dosata (Brut Nature).<\/p>\n<p>Lo Champagne Drappier Trop M&#8217;en Faut! ha un colore oro pallido e una bollicina fine e delicata. Questa cuv\u00e9e rivela belle note di prugna matura e la tensione dell&#8217;effervescenza \u00e8 addolcita da note di miele d&#8217;acacia.<\/p>\n<p>Questa cuv\u00e9e Trop M\u2019en Faut!, prodotta dalla casa Drappier, \u00e8 uno champagne elegante che trover\u00e0 posto in tavola accompagnando gli spaghetti alla bottarga; un tian di verdure estive o pollame bolliti a fuoco lento con spezie dolci.<\/p>\n","protected":false},"excerpt":{"rendered":"<p>Il nome &#8220;Trop M&#8217;en Faut!&#8221; \u00bb \u00e8 una controparte di \u00ab Fromenteau \u00bb (nome champenois del Pinot Gris), che potrebbe [&hellip;]<\/p>\n","protected":false},"featured_media":7482,"template":"","meta":[],"product_brand":[],"product_cat":[16,281],"product_tag":[287,288],"class_list":{"0":"post-7481","1":"product","2":"type-product","3":"status-publish","4":"has-post-thumbnail","6":"product_cat-bere","7":"product_cat-vini-spumanti","8":"product_tag-champagne","9":"product_tag-drappier","10":"pa_produttore-drappier","12":"first","13":"outofstock","14":"shipping-taxable","15":"purchasable","16":"product-type-simple"},"acf":[],"_links":{"self":[{"href":"https:\/\/casaporciatti.it\/shop\/wp-json\/wp\/v2\/product\/7481","targetHints":{"allow":["GET"]}}],"collection":[{"href":"https:\/\/casaporciatti.it\/shop\/wp-json\/wp\/v2\/product"}],"about":[{"href":"https:\/\/casaporciatti.it\/shop\/wp-json\/wp\/v2\/types\/product"}],"wp:featuredmedia":[{"embeddable":true,"href":"https:\/\/casaporciatti.it\/shop\/wp-json\/wp\/v2\/media\/7482"}],"wp:attachment":[{"href":"https:\/\/casaporciatti.it\/shop\/wp-json\/wp\/v2\/media?parent=7481"}],"wp:term":[{"taxonomy":"product_brand","embeddable":true,"href":"https:\/\/casaporciatti.it\/shop\/wp-json\/wp\/v2\/product_brand?post=7481"},{"taxonomy":"product_cat","embeddable":true,"href":"https:\/\/casaporciatti.it\/shop\/wp-json\/wp\/v2\/product_cat?post=7481"},{"taxonomy":"product_tag","embeddable":true,"href":"https:\/\/casaporciatti.it\/shop\/wp-json\/wp\/v2\/product_tag?post=7481"}],"curies":[{"name":"wp","href":"https:\/\/api.w.org\/{rel}","templated":true}]}}