{"id":7478,"date":"2023-02-14T17:32:17","date_gmt":"2023-02-14T16:32:17","guid":{"rendered":"https:\/\/casaporciatti.it\/shop\/prodotto\/louis-roeder-cristal-champagne-brut-2014\/"},"modified":"2026-03-06T05:25:40","modified_gmt":"2026-03-06T04:25:40","slug":"louis-roederer-cristal-champagne-brut-2014","status":"publish","type":"product","link":"https:\/\/casaporciatti.it\/shop\/prodotto\/louis-roederer-cristal-champagne-brut-2014\/","title":{"rendered":"LOUIS ROEDERER CRISTAL Champagne Brut 2014"},"content":{"rendered":"<p>LOUIS ROEDERER CRISTAL Champagne Brut 2014 \u00e8 un vino radioso. Gi\u00e0 cos\u00ec affascinante e tuttavia cos\u00ec promettente. Delle 45 parcelle storiche del Domaine Cristal, solo 39 sono state selezione selezionate quest&#8217;anno, quelle le cui uve riflettevano l&#8217;identit\u00e0 di questo vino unico: frutto puro, finezza superiore e lunghezza.<\/p>\n<p>Questa fedelt\u00e0 alla terra, Cristal la deve alla sua coerenza; \u00e8 un vino che fa parte di una durata, quella delle stagioni, di maturazione, trasmissione e ricerca. Ricerca dell&#8217;eccellenza, della purezza, dell&#8217;accordo: Cristal vibra all&#8217;unisono con il suo terroir e gli fa eco perfettamente. Basta allora che il Cantiniere regoli le sue risonanze, per assegnargli l&#8217;invecchiamento pi\u00f9 fedele che lo faccia vibrare sulla nota pi\u00f9 acuta.<\/p>\n<p>Il 2014 \u00e8 stato un anno luminoso, dove il frutto e la finezza hanno dato il loro splendore pi\u00f9 puro. Annata di pieno sole, frutto di una vendemmia generosa e compiuta,\u00a0 lo Champagne Cristal 2014 assume tutta la sua identit\u00e0.<\/p>\n<p>L&#8217;annata 2014 ha prodotto vini pi\u00f9 terrosi che mai, dove la purezza del gesso, pi\u00f9 drenante, ha permesso di temperare i capricci del tempo. Svelato dalle pratiche viticole pi\u00f9 gentili e sempre pi\u00f9 virtuose, il 2014 sar\u00e0 ricordato\u00a0 in questa ricerca del massimo equilibrio tra maturit\u00e0 e freschezza.<\/p>\n","protected":false},"excerpt":{"rendered":"<p>LOUIS ROEDERER CRISTAL Champagne Brut 2014 \u00e8 un vino radioso. Gi\u00e0 cos\u00ec affascinante e tuttavia cos\u00ec promettente. Delle 45 parcelle [&hellip;]<\/p>\n","protected":false},"featured_media":7479,"template":"","meta":[],"product_brand":[],"product_cat":[16,281],"product_tag":[287,402,211,91],"class_list":{"0":"post-7478","1":"product","2":"type-product","3":"status-publish","4":"has-post-thumbnail","6":"product_cat-bere","7":"product_cat-vini-spumanti","8":"product_tag-champagne","9":"product_tag-louis-roederer","10":"product_tag-vini-per-le-feste","11":"product_tag-vini-pregiati-e-rari","12":"pa_categorie-speciali-vini-per-le-feste","13":"pa_categorie-speciali-vini-pregiati-e-rari","14":"pa_produttore-louis-roederer","16":"first","17":"instock","18":"shipping-taxable","19":"purchasable","20":"product-type-simple"},"acf":[],"_links":{"self":[{"href":"https:\/\/casaporciatti.it\/shop\/wp-json\/wp\/v2\/product\/7478","targetHints":{"allow":["GET"]}}],"collection":[{"href":"https:\/\/casaporciatti.it\/shop\/wp-json\/wp\/v2\/product"}],"about":[{"href":"https:\/\/casaporciatti.it\/shop\/wp-json\/wp\/v2\/types\/product"}],"wp:featuredmedia":[{"embeddable":true,"href":"https:\/\/casaporciatti.it\/shop\/wp-json\/wp\/v2\/media\/7479"}],"wp:attachment":[{"href":"https:\/\/casaporciatti.it\/shop\/wp-json\/wp\/v2\/media?parent=7478"}],"wp:term":[{"taxonomy":"product_brand","embeddable":true,"href":"https:\/\/casaporciatti.it\/shop\/wp-json\/wp\/v2\/product_brand?post=7478"},{"taxonomy":"product_cat","embeddable":true,"href":"https:\/\/casaporciatti.it\/shop\/wp-json\/wp\/v2\/product_cat?post=7478"},{"taxonomy":"product_tag","embeddable":true,"href":"https:\/\/casaporciatti.it\/shop\/wp-json\/wp\/v2\/product_tag?post=7478"}],"curies":[{"name":"wp","href":"https:\/\/api.w.org\/{rel}","templated":true}]}}