{"id":7467,"date":"2023-02-14T17:32:17","date_gmt":"2023-02-14T16:32:17","guid":{"rendered":"https:\/\/casaporciatti.it\/shop\/prodotto\/renzo-marinai-chianti-classico-gran-selezione-2018\/"},"modified":"2025-08-29T10:58:28","modified_gmt":"2025-08-29T08:58:28","slug":"renzo-marinai-chianti-classico-gran-selezione-2019","status":"publish","type":"product","link":"https:\/\/casaporciatti.it\/shop\/prodotto\/renzo-marinai-chianti-classico-gran-selezione-2019\/","title":{"rendered":"RENZO MARINAI Chianti Classico Gran Selezione 2019"},"content":{"rendered":"<p><strong>Il Renzo Marinai Chianti Classico Gran Selezione 2019<\/strong>\u00a0\u00e8 la migliore espressione del Sangiovese dei vigneti di propriet\u00e0 posti nella mitica conca d&#8217;oro di Panzano. Colore rosso intenso e brillante, delicato, elegante, armonico, con un notevole corpo e carattere spiccato e molto persistente, vino di grande stoffa e sorprendente complessit\u00e0. Un vino da grande invecchiamento.<\/p>\n<p><strong>Renzo Marina<\/strong>i \u00e8 una piccola realt\u00e0 di circa 6 ettari di vigneto posti in uno dei luoghi pi\u00f9 rinomati della denominazione Chianti Classico: la Conca d&#8217;Oro di<strong> Panzano in Chianti<\/strong>. I vigneti si trovano in localit\u00e0 San Martino a Cecione poco fuori il borgo di Panzano a circa 400 m slm. Ad affiancare il Sangiovese c&#8217;\u00e8 sempre una piccola percentuale di Cabernet Sauvignon che, soprattutto nelle annate difficili, apporta un contributo di tannino e struttura.<\/p>\n<p>Lo stile dei <strong>Chianti Classico<\/strong> prodotti da Renzo Marinai \u00e8 ben marcato:\u00a0 sostanza e corpo, con un&#8217;eccellente concentrazione di frutti maturi, spezie e cuoio. Vini muscolosi che richiedono un accompagnamento dello stesso tenore per mantenere l&#8217;equilibrio.<\/p>\n","protected":false},"excerpt":{"rendered":"<p>Il Renzo Marinai Chianti Classico Gran Selezione 2019\u00a0\u00e8 la migliore espressione del Sangiovese dei vigneti di propriet\u00e0 posti nella mitica [&hellip;]<\/p>\n","protected":false},"featured_media":7468,"template":"","meta":[],"product_brand":[],"product_cat":[16,17],"product_tag":[43,31,72,22],"class_list":{"0":"post-7467","1":"product","2":"type-product","3":"status-publish","4":"has-post-thumbnail","6":"product_cat-bere","7":"product_cat-vini-rossi","8":"product_tag-chianti-classico-gran-selezione","9":"product_tag-portami-in-chianti","10":"product_tag-renzo-marinai","11":"product_tag-vino-biologico","12":"pa_categorie-speciali-portami-in-chianti","13":"pa_categorie-speciali-vino-biologico","14":"pa_chianti-classico-vini-di-panzano","15":"pa_etichette-porciatti-vino-biologico","16":"pa_produttore-renzo-marinai","18":"first","19":"outofstock","20":"shipping-taxable","21":"purchasable","22":"product-type-simple"},"acf":[],"_links":{"self":[{"href":"https:\/\/casaporciatti.it\/shop\/wp-json\/wp\/v2\/product\/7467","targetHints":{"allow":["GET"]}}],"collection":[{"href":"https:\/\/casaporciatti.it\/shop\/wp-json\/wp\/v2\/product"}],"about":[{"href":"https:\/\/casaporciatti.it\/shop\/wp-json\/wp\/v2\/types\/product"}],"wp:featuredmedia":[{"embeddable":true,"href":"https:\/\/casaporciatti.it\/shop\/wp-json\/wp\/v2\/media\/7468"}],"wp:attachment":[{"href":"https:\/\/casaporciatti.it\/shop\/wp-json\/wp\/v2\/media?parent=7467"}],"wp:term":[{"taxonomy":"product_brand","embeddable":true,"href":"https:\/\/casaporciatti.it\/shop\/wp-json\/wp\/v2\/product_brand?post=7467"},{"taxonomy":"product_cat","embeddable":true,"href":"https:\/\/casaporciatti.it\/shop\/wp-json\/wp\/v2\/product_cat?post=7467"},{"taxonomy":"product_tag","embeddable":true,"href":"https:\/\/casaporciatti.it\/shop\/wp-json\/wp\/v2\/product_tag?post=7467"}],"curies":[{"name":"wp","href":"https:\/\/api.w.org\/{rel}","templated":true}]}}