{"id":7451,"date":"2023-02-14T17:32:03","date_gmt":"2023-02-14T16:32:03","guid":{"rendered":"https:\/\/casaporciatti.it\/shop\/prodotto\/renieri-brunello-di-montalcino-2016\/"},"modified":"2023-11-14T09:17:37","modified_gmt":"2023-11-14T08:17:37","slug":"renieri-brunello-di-montalcino-2016","status":"publish","type":"product","link":"https:\/\/casaporciatti.it\/shop\/prodotto\/renieri-brunello-di-montalcino-2016\/","title":{"rendered":"RENIERI Brunello di Montalcino 2016"},"content":{"rendered":"<p><strong>Il Brunello di Montalcino Renieri 2016 \u00e8 un vino elegante, fruttato e accessibile che cattura la purezza e l&#8217;eleganza dell&#8217;annata.<\/strong><\/p>\n<p>La parte pi\u00f9 interessante tuttavia, \u00e8 lo stato fresco, suadente e brillante di questo vino che lo rende quasi pronto per essere gustato appena uscito dalla cantina.<\/p>\n<p>Il Brunello di Montalcino Renieri proviene da un appezzamento di nove ettari con terreni argillosi calcarei. Profumi di ciliegia e mora, spezie delicate note tostate e floreali sul\u00a0 finale. Il vino \u00e8 caratterizzato da un&#8217;acidit\u00e0 equilibrata e da una bella tensione tannica. <strong>Questa \u00e8 una bottiglia da scegliere se vuoi un memorabile assaggio della grande annata 2016<\/strong>.<\/p>\n<p><strong>Renieri, di propriet\u00e0 della famiglia Bacci<\/strong>, si estende su circa 120 ettari, di cui 30 coltivati a vite. Si trova nella parte meridionale del territorio di Montalcino, nelle terre che guardano il Monte Amiata. L\u2019altitudine delle vigne \u00e8 di 400 mt sopra il livello del mare e l\u2019esposizione, a quasi 360 gradi, va da est a nord-ovest. I terreni vulcanici sono predominanti. Calcare e roccia si mescolano alle argille rosse ed il tufo.<\/p>\n<p>L\u2019uvaggio predominante \u00e8 il Sangiovese per il Brunello di Montalcino e il Rosso di Montalcino.<\/p>\n<p>Renieri produce una piccola quantit\u00e0 di Syrah, imbottigliata in purezza. Merlot, Cabernet Sauvignon e il Petit Verdot vengono utilizzati per i vini IGT.<\/p>\n<p>La cantina di oltre 1000 mq \u00e8 interrata per facilitare il movimento delle uve per gravit\u00e0 e mantenere la temperatura ottimale necessaria per l\u2019affinamento del vino.<\/p>\n","protected":false},"excerpt":{"rendered":"<p>Il Brunello di Montalcino Renieri 2016 \u00e8 un vino elegante, fruttato e accessibile che cattura la purezza e l&#8217;eleganza dell&#8217;annata. [&hellip;]<\/p>\n","protected":false},"featured_media":7452,"template":"","meta":[],"product_brand":[],"product_cat":[16,17],"product_tag":[121,400,91],"class_list":{"0":"post-7451","1":"product","2":"type-product","3":"status-publish","4":"has-post-thumbnail","6":"product_cat-bere","7":"product_cat-vini-rossi","8":"product_tag-brunello-di-montalcino","9":"product_tag-renieri","10":"product_tag-vini-pregiati-e-rari","11":"pa_categorie-speciali-brunello-di-montalcino","12":"pa_categorie-speciali-vini-pregiati-e-rari","13":"pa_produttore-renieri","15":"first","16":"instock","17":"sale","18":"shipping-taxable","19":"purchasable","20":"product-type-simple"},"acf":[],"_links":{"self":[{"href":"https:\/\/casaporciatti.it\/shop\/wp-json\/wp\/v2\/product\/7451","targetHints":{"allow":["GET"]}}],"collection":[{"href":"https:\/\/casaporciatti.it\/shop\/wp-json\/wp\/v2\/product"}],"about":[{"href":"https:\/\/casaporciatti.it\/shop\/wp-json\/wp\/v2\/types\/product"}],"wp:featuredmedia":[{"embeddable":true,"href":"https:\/\/casaporciatti.it\/shop\/wp-json\/wp\/v2\/media\/7452"}],"wp:attachment":[{"href":"https:\/\/casaporciatti.it\/shop\/wp-json\/wp\/v2\/media?parent=7451"}],"wp:term":[{"taxonomy":"product_brand","embeddable":true,"href":"https:\/\/casaporciatti.it\/shop\/wp-json\/wp\/v2\/product_brand?post=7451"},{"taxonomy":"product_cat","embeddable":true,"href":"https:\/\/casaporciatti.it\/shop\/wp-json\/wp\/v2\/product_cat?post=7451"},{"taxonomy":"product_tag","embeddable":true,"href":"https:\/\/casaporciatti.it\/shop\/wp-json\/wp\/v2\/product_tag?post=7451"}],"curies":[{"name":"wp","href":"https:\/\/api.w.org\/{rel}","templated":true}]}}