{"id":7448,"date":"2023-02-14T17:32:03","date_gmt":"2023-02-14T16:32:03","guid":{"rendered":"https:\/\/casaporciatti.it\/shop\/prodotto\/renieri-brunello-di-montalcino-riserva-2016\/"},"modified":"2025-09-09T16:31:20","modified_gmt":"2025-09-09T14:31:20","slug":"renieri-brunello-di-montalcino-riserva-2016","status":"publish","type":"product","link":"https:\/\/casaporciatti.it\/shop\/prodotto\/renieri-brunello-di-montalcino-riserva-2016\/","title":{"rendered":"RENIERI Brunello di Montalcino Riserva 2016"},"content":{"rendered":"<p>Il Brunello di Montalcino Riserva Renieri 2016 \u00e8 pieno, generoso e ampio nelle prestazioni aromatiche. Profumi di frutta rossa e e fiori inondano i sensi, con amarena, confettura di more e tabacco stagionato in primo piano.<\/p>\n<p>Il Brunello di Montalcino Riserva Renieri matura in grandi botti da 50 ettolitri, e la produzione \u00e8 ridotta: sole 6.000 bottiglie prodotte. C&#8217;\u00e8 un tocco di mandorla amara, anche con toni affumicati o nocciola. Questi conferiscono al vino una personalit\u00e0\u00a0 carattere.<\/p>\n<p>Renieri, di propriet\u00e0 della famiglia Bacci, si estende su circa 120 ettari, di cui 30 coltivati a vite. Si trova nella parte meridionale del territorio di Montalcino, nelle terre che guardano il Monte Amiata. L\u2019altitudine delle vigne \u00e8 di 400 mt sopra il livello del mare e l\u2019esposizione, a quasi 360 gradi, va da est a nord-ovest. I terreni vulcanici sono predominanti. Calcare e roccia si mescolano alle argille rosse ed il tufo.<\/p>\n<p>L\u2019uvaggio predominante \u00e8 il Sangiovese per il Brunello di Montalcino e il Rosso di Montalcino.<\/p>\n<p>Renieri produce una piccola quantit\u00e0 di Syrah, imbottigliata in purezza. Merlot, Cabernet Sauvignon e il Petit Verdot vengono utilizzati per i vini IGT.<\/p>\n<p>La cantina di oltre 1000 mq \u00e8 interrata per facilitare il movimento delle uve per gravit\u00e0 e mantenere la temperatura ottimale necessaria per l\u2019affinamento del vin<\/p>\n","protected":false},"excerpt":{"rendered":"<p>Il Brunello di Montalcino Riserva Renieri 2016 \u00e8 pieno, generoso e ampio nelle prestazioni aromatiche. Profumi di frutta rossa e [&hellip;]<\/p>\n","protected":false},"featured_media":7449,"template":"","meta":[],"product_brand":[],"product_cat":[16,17],"product_tag":[399,121,400,91],"class_list":{"0":"post-7448","1":"product","2":"type-product","3":"status-publish","4":"has-post-thumbnail","6":"product_cat-bere","7":"product_cat-vini-rossi","8":"product_tag-brunello","9":"product_tag-brunello-di-montalcino","10":"product_tag-renieri","11":"product_tag-vini-pregiati-e-rari","12":"pa_categorie-speciali-brunello-di-montalcino","13":"pa_categorie-speciali-vini-pregiati-e-rari","14":"pa_produttore-renieri","16":"first","17":"outofstock","18":"shipping-taxable","19":"purchasable","20":"product-type-simple"},"acf":[],"_links":{"self":[{"href":"https:\/\/casaporciatti.it\/shop\/wp-json\/wp\/v2\/product\/7448","targetHints":{"allow":["GET"]}}],"collection":[{"href":"https:\/\/casaporciatti.it\/shop\/wp-json\/wp\/v2\/product"}],"about":[{"href":"https:\/\/casaporciatti.it\/shop\/wp-json\/wp\/v2\/types\/product"}],"wp:featuredmedia":[{"embeddable":true,"href":"https:\/\/casaporciatti.it\/shop\/wp-json\/wp\/v2\/media\/7449"}],"wp:attachment":[{"href":"https:\/\/casaporciatti.it\/shop\/wp-json\/wp\/v2\/media?parent=7448"}],"wp:term":[{"taxonomy":"product_brand","embeddable":true,"href":"https:\/\/casaporciatti.it\/shop\/wp-json\/wp\/v2\/product_brand?post=7448"},{"taxonomy":"product_cat","embeddable":true,"href":"https:\/\/casaporciatti.it\/shop\/wp-json\/wp\/v2\/product_cat?post=7448"},{"taxonomy":"product_tag","embeddable":true,"href":"https:\/\/casaporciatti.it\/shop\/wp-json\/wp\/v2\/product_tag?post=7448"}],"curies":[{"name":"wp","href":"https:\/\/api.w.org\/{rel}","templated":true}]}}