{"id":7411,"date":"2023-02-14T17:32:03","date_gmt":"2023-02-14T16:32:03","guid":{"rendered":"https:\/\/casaporciatti.it\/shop\/prodotto\/podere-terreno-chianti-classico-2020\/"},"modified":"2026-01-15T05:18:57","modified_gmt":"2026-01-15T04:18:57","slug":"podere-terreno-chianti-classico-2021","status":"publish","type":"product","link":"https:\/\/casaporciatti.it\/shop\/prodotto\/podere-terreno-chianti-classico-2021\/","title":{"rendered":"PODERE TERRENO Chianti Classico 2021"},"content":{"rendered":"<p>Il Chianti Classico Podere Terreno \u00e8 prodotto con uve Sangiovese e colorino, vinificato secondo tradizione e invecchiato in vasche di acciaio e cemento per 12 mesi. Fruttato ed elegante il Chianti Classic Podere Terreno \u00e8 un vino corposo con tannini morbidi e persistenti, sottolineati da una acidit\u00e0 che conferisce lunghezza e grande bevibilit\u00e0.<\/p>\n<p>Podere Terreno \u00e8 stato sicuramente abitato fin dall&#8217; XIV secolo. Oggi \u00e8 un azienda agricola con agriturismo attivo da pi\u00f9 di trenta anni, con cantina e vigneti posti lungo la via della Volpaia, tra Montevertine e Castello di Volpaia.<br \/>\nI vigneti di et\u00e0 compresa tra i 12 e i 30 anni hanno una superficie totale di circa 6 ettari si trovano su terreni a tessitura franco argillosa ricca di rocce di galestro e alberese a 540 metri di altitudine una densit\u00e0 media di 5000 ceppi ad ettaro con forme di allevamento che vanno dal cordone speronato nelle vigne pi\u00f9 giovani all&#8217;archetto nelle vigne pi\u00f9 vecchie.<\/p>\n","protected":false},"excerpt":{"rendered":"<p>Il Chianti Classico Podere Terreno \u00e8 prodotto con uve Sangiovese e colorino, vinificato secondo tradizione e invecchiato in vasche di [&hellip;]<\/p>\n","protected":false},"featured_media":7412,"template":"","meta":[],"product_brand":[],"product_cat":[16,17],"product_tag":[18,393,21],"class_list":{"0":"post-7411","1":"product","2":"type-product","3":"status-publish","4":"has-post-thumbnail","6":"product_cat-bere","7":"product_cat-vini-rossi","8":"product_tag-chianti-classico","9":"product_tag-podere-terreno","10":"product_tag-vini-di-radda","11":"pa_categorie-speciali-vini-di-radda","12":"pa_chianti-classico-vini-di-radda-in-chianti","13":"pa_produttore-podere-terreno","15":"first","16":"instock","17":"shipping-taxable","18":"purchasable","19":"product-type-simple"},"acf":[],"_links":{"self":[{"href":"https:\/\/casaporciatti.it\/shop\/wp-json\/wp\/v2\/product\/7411","targetHints":{"allow":["GET"]}}],"collection":[{"href":"https:\/\/casaporciatti.it\/shop\/wp-json\/wp\/v2\/product"}],"about":[{"href":"https:\/\/casaporciatti.it\/shop\/wp-json\/wp\/v2\/types\/product"}],"wp:featuredmedia":[{"embeddable":true,"href":"https:\/\/casaporciatti.it\/shop\/wp-json\/wp\/v2\/media\/7412"}],"wp:attachment":[{"href":"https:\/\/casaporciatti.it\/shop\/wp-json\/wp\/v2\/media?parent=7411"}],"wp:term":[{"taxonomy":"product_brand","embeddable":true,"href":"https:\/\/casaporciatti.it\/shop\/wp-json\/wp\/v2\/product_brand?post=7411"},{"taxonomy":"product_cat","embeddable":true,"href":"https:\/\/casaporciatti.it\/shop\/wp-json\/wp\/v2\/product_cat?post=7411"},{"taxonomy":"product_tag","embeddable":true,"href":"https:\/\/casaporciatti.it\/shop\/wp-json\/wp\/v2\/product_tag?post=7411"}],"curies":[{"name":"wp","href":"https:\/\/api.w.org\/{rel}","templated":true}]}}