{"id":7404,"date":"2023-02-14T17:31:54","date_gmt":"2023-02-14T16:31:54","guid":{"rendered":"https:\/\/casaporciatti.it\/shop\/prodotto\/drappier-champagne-brut-nature-pinot-noir-zero-dosage\/"},"modified":"2023-03-16T11:53:49","modified_gmt":"2023-03-16T10:53:49","slug":"drappier-champagne-brut-nature-pinot-noir-zero-dosage","status":"publish","type":"product","link":"https:\/\/casaporciatti.it\/shop\/prodotto\/drappier-champagne-brut-nature-pinot-noir-zero-dosage\/","title":{"rendered":"DRAPPIER Champagne Brut Nature Pinot Noir Zero Dosage"},"content":{"rendered":"<p>Il DRAPPIER Brut Nature Pinot Noir Zero Dosage \u00e8 uno Champagne per gli amanti dei sapori autentici.\u00a0 Una cuv\u00e9e totalmente al 100% da uve di Pinot Nero, e dopo una prima spremitura, senza aggiunta di dosaggio. Nasce cos\u00ec un prodotto con solo 2 g\/l di zucchero di residuo naturale, per bottiglia. Al naso \u00e8 croccante con sentori di frutta matura. La bocca \u00e8 dritta, pura, con molta finezza e freschezza.<\/p>\n<p>Il DRAPPIER Champagne Brut Nature Pinot Noir Zero Dosage \u00e8 ideale per l\u2019aperitivo, perfetto con insalata di gamberi e pompelmo, carpaccio di capesante, e pollo di Bresse farcito con crema. Servire a 7\u00b0<\/p>\n<p>La maison Drappier produce da due secoli Champagne autentici, riconosciuti per i loro intensi aromi di Pinot Nero. Fornitore del generale De Gaulle, la Maison Drappier firma cuv\u00e9e da sempre caratterizzate da freschezza e fine effervescenza. La casa di famiglia \u00e8 anche nota per la sua grande cuv\u00e9e vintage, la Grande Sendr\u00e9e, che sorprende per la sua raffinatezza e complessit\u00e0 aromatica.<\/p>\n","protected":false},"excerpt":{"rendered":"<p>Il DRAPPIER Brut Nature Pinot Noir Zero Dosage \u00e8 uno Champagne per gli amanti dei sapori autentici.\u00a0 Una cuv\u00e9e totalmente [&hellip;]<\/p>\n","protected":false},"featured_media":7405,"template":"","meta":[],"product_brand":[],"product_cat":[16,281],"product_tag":[287,288],"class_list":{"0":"post-7404","1":"product","2":"type-product","3":"status-publish","4":"has-post-thumbnail","6":"product_cat-bere","7":"product_cat-vini-spumanti","8":"product_tag-champagne","9":"product_tag-drappier","10":"pa_produttore-drappier","12":"first","13":"outofstock","14":"shipping-taxable","15":"purchasable","16":"product-type-simple"},"acf":[],"_links":{"self":[{"href":"https:\/\/casaporciatti.it\/shop\/wp-json\/wp\/v2\/product\/7404","targetHints":{"allow":["GET"]}}],"collection":[{"href":"https:\/\/casaporciatti.it\/shop\/wp-json\/wp\/v2\/product"}],"about":[{"href":"https:\/\/casaporciatti.it\/shop\/wp-json\/wp\/v2\/types\/product"}],"wp:featuredmedia":[{"embeddable":true,"href":"https:\/\/casaporciatti.it\/shop\/wp-json\/wp\/v2\/media\/7405"}],"wp:attachment":[{"href":"https:\/\/casaporciatti.it\/shop\/wp-json\/wp\/v2\/media?parent=7404"}],"wp:term":[{"taxonomy":"product_brand","embeddable":true,"href":"https:\/\/casaporciatti.it\/shop\/wp-json\/wp\/v2\/product_brand?post=7404"},{"taxonomy":"product_cat","embeddable":true,"href":"https:\/\/casaporciatti.it\/shop\/wp-json\/wp\/v2\/product_cat?post=7404"},{"taxonomy":"product_tag","embeddable":true,"href":"https:\/\/casaporciatti.it\/shop\/wp-json\/wp\/v2\/product_tag?post=7404"}],"curies":[{"name":"wp","href":"https:\/\/api.w.org\/{rel}","templated":true}]}}