{"id":7401,"date":"2023-02-14T17:31:54","date_gmt":"2023-02-14T16:31:54","guid":{"rendered":"https:\/\/casaporciatti.it\/shop\/prodotto\/drappier-rose-de-saignee-champagne-brut\/"},"modified":"2025-02-26T19:17:54","modified_gmt":"2025-02-26T18:17:54","slug":"drappier-brut-nature-rose","status":"publish","type":"product","link":"https:\/\/casaporciatti.it\/shop\/prodotto\/drappier-brut-nature-rose\/","title":{"rendered":"DRAPPIER Brut Nature Ros\u00e9"},"content":{"rendered":"<p>Drappier Brut Nature Ros\u00e9 \u00e8 un un ottimo Champagne per scoprire tutto il savoir con il Pinot Nero di questa storica Maison.<\/p>\n<p>La produzione del Drappier Brut Nature Ros\u00e9\u00a0 attraverso la macerazione del Pinot Nero \u00e8 rara in Champagne. Con un parco vigneti particolarmente ricco di Pinot Nero, la casa Drappier ha la materia prima da cui estrarre le uve con la pi\u00f9 alta concentrazione di aromi di frutti rossi. La concentrazione \u00e8 cos\u00ec alta che la Maisoin Drappier &#8220;alleggerisce&#8221; la cuv\u00e9e, aggiungendo del Pinot vinificato in bianco. Al naso rivela aromi di frutti rossi e viola, e grazie ad una &#8220;prise de mousse&#8221; a bassa temperatura, un&#8217;effervescenza fine rivela sapori di agrumi e pepe.<\/p>\n<p>La maison Drappier produce da due secoli Champagne autentici, riconosciuti per i loro intensi aromi di Pinot Nero. Fornitore del generale De Gaulle, la Maison Drappier firma cuv\u00e9e da sempre caratterizzate da freschezza e fine effervescenza. La casa di famiglia \u00e8 anche nota per la sua grande cuv\u00e9e vintage, la Grande Sendr\u00e9e, che sorprende per la sua raffinatezza e complessit\u00e0 aromatica.<\/p>\n","protected":false},"excerpt":{"rendered":"<p>Drappier Brut Nature Ros\u00e9 \u00e8 un un ottimo Champagne per scoprire tutto il savoir con il Pinot Nero di questa [&hellip;]<\/p>\n","protected":false},"featured_media":11268,"template":"","meta":[],"product_brand":[],"product_cat":[16,281],"product_tag":[287,288],"class_list":{"0":"post-7401","1":"product","2":"type-product","3":"status-publish","4":"has-post-thumbnail","6":"product_cat-bere","7":"product_cat-vini-spumanti","8":"product_tag-champagne","9":"product_tag-drappier","10":"pa_categorie-speciali-vini-per-le-feste","11":"pa_produttore-drappier","13":"first","14":"outofstock","15":"shipping-taxable","16":"purchasable","17":"product-type-simple"},"acf":[],"_links":{"self":[{"href":"https:\/\/casaporciatti.it\/shop\/wp-json\/wp\/v2\/product\/7401","targetHints":{"allow":["GET"]}}],"collection":[{"href":"https:\/\/casaporciatti.it\/shop\/wp-json\/wp\/v2\/product"}],"about":[{"href":"https:\/\/casaporciatti.it\/shop\/wp-json\/wp\/v2\/types\/product"}],"wp:featuredmedia":[{"embeddable":true,"href":"https:\/\/casaporciatti.it\/shop\/wp-json\/wp\/v2\/media\/11268"}],"wp:attachment":[{"href":"https:\/\/casaporciatti.it\/shop\/wp-json\/wp\/v2\/media?parent=7401"}],"wp:term":[{"taxonomy":"product_brand","embeddable":true,"href":"https:\/\/casaporciatti.it\/shop\/wp-json\/wp\/v2\/product_brand?post=7401"},{"taxonomy":"product_cat","embeddable":true,"href":"https:\/\/casaporciatti.it\/shop\/wp-json\/wp\/v2\/product_cat?post=7401"},{"taxonomy":"product_tag","embeddable":true,"href":"https:\/\/casaporciatti.it\/shop\/wp-json\/wp\/v2\/product_tag?post=7401"}],"curies":[{"name":"wp","href":"https:\/\/api.w.org\/{rel}","templated":true}]}}