{"id":7370,"date":"2023-02-14T17:31:54","date_gmt":"2023-02-14T16:31:54","guid":{"rendered":"https:\/\/casaporciatti.it\/shop\/prodotto\/manuel-marinacci-barbaresco-2016\/"},"modified":"2024-07-29T05:39:23","modified_gmt":"2024-07-29T03:39:23","slug":"manuel-marinacci-barbaresco-2018","status":"publish","type":"product","link":"https:\/\/casaporciatti.it\/shop\/prodotto\/manuel-marinacci-barbaresco-2018\/","title":{"rendered":"MANUEL MARINACCI Barbaresco 2018"},"content":{"rendered":"<p>Dal vigneto dietro casa, il Barbaresco 2018 di Manuel Marinacci \u00e8 una gioia. Vivace ma concentrato, con note di menta, fragola e un pizzico di chinino, \u00e8 un nebbiolo lungo, grazioso e delizioso.<\/p>\n<p>Manuel Marinacci \u00e8 un enologo che, nel disperato tentativo di seguire i suoi sogni, \u00e8 partito per studiare enologia ad Alba ed \u00e8 finito in classe al fianco di personaggi come il leggendario Giuseppe Mascarello. Da allora ha costruito una piccola tenuta a San Rocco Seno d&#8217;Elvio nella zona del Barbaresco con la prima annata nel 2004.<\/p>\n<p>Manuel ha chiaramente preso in prestito qualcosa da Mascarello: questi sono i Nebbioli tradizionali, dove la purezza del frutto \u00e8 fondamentale. E i suoi vini sono a dir poco deliziosi.<\/p>\n","protected":false},"excerpt":{"rendered":"<p>Dal vigneto dietro casa, il Barbaresco 2018 di Manuel Marinacci \u00e8 una gioia. Vivace ma concentrato, con note di menta, [&hellip;]<\/p>\n","protected":false},"featured_media":7371,"template":"","meta":[],"product_brand":[],"product_cat":[16,17],"product_tag":[155,387],"class_list":{"0":"post-7370","1":"product","2":"type-product","3":"status-publish","4":"has-post-thumbnail","6":"product_cat-bere","7":"product_cat-vini-rossi","8":"product_tag-barbaresco","9":"product_tag-manuel-marinacci","10":"pa_produttore-manuel-marinacci","12":"first","13":"instock","14":"shipping-taxable","15":"purchasable","16":"product-type-simple"},"acf":[],"_links":{"self":[{"href":"https:\/\/casaporciatti.it\/shop\/wp-json\/wp\/v2\/product\/7370","targetHints":{"allow":["GET"]}}],"collection":[{"href":"https:\/\/casaporciatti.it\/shop\/wp-json\/wp\/v2\/product"}],"about":[{"href":"https:\/\/casaporciatti.it\/shop\/wp-json\/wp\/v2\/types\/product"}],"wp:featuredmedia":[{"embeddable":true,"href":"https:\/\/casaporciatti.it\/shop\/wp-json\/wp\/v2\/media\/7371"}],"wp:attachment":[{"href":"https:\/\/casaporciatti.it\/shop\/wp-json\/wp\/v2\/media?parent=7370"}],"wp:term":[{"taxonomy":"product_brand","embeddable":true,"href":"https:\/\/casaporciatti.it\/shop\/wp-json\/wp\/v2\/product_brand?post=7370"},{"taxonomy":"product_cat","embeddable":true,"href":"https:\/\/casaporciatti.it\/shop\/wp-json\/wp\/v2\/product_cat?post=7370"},{"taxonomy":"product_tag","embeddable":true,"href":"https:\/\/casaporciatti.it\/shop\/wp-json\/wp\/v2\/product_tag?post=7370"}],"curies":[{"name":"wp","href":"https:\/\/api.w.org\/{rel}","templated":true}]}}