{"id":7367,"date":"2023-02-14T17:31:39","date_gmt":"2023-02-14T16:31:39","guid":{"rendered":"https:\/\/casaporciatti.it\/shop\/prodotto\/panizzi-vernaccia-di-san-gimignano-riserva-2017\/"},"modified":"2025-10-21T10:23:38","modified_gmt":"2025-10-21T08:23:38","slug":"panizzi-vernaccia-di-san-gimignano-riserva-2020","status":"publish","type":"product","link":"https:\/\/casaporciatti.it\/shop\/prodotto\/panizzi-vernaccia-di-san-gimignano-riserva-2020\/","title":{"rendered":"PANIZZI Vernaccia di San Gimignano Riserva 2020"},"content":{"rendered":"<p>Panizzi Vernaccia di San Gimignano Riserva \u00e8\u00a0 il vino storico di questa importante realt\u00e0 e richiede cure molto particolari per la sua produzione.<\/p>\n<p>Nasce da una singola vigna a 400 mt di altezza posta su un pianoro tufaceo; elaborata in barrique, la Vernaccia Riserva Panizzi \u00e8 il vino pi\u00f9 premiato dell&#8217;azienda e la migliore dimostrazione delle capacit\u00e0 di evoluzione e di tenuta nel tempo di questo vitigno.<\/p>\n","protected":false},"excerpt":{"rendered":"<p>Panizzi Vernaccia di San Gimignano Riserva \u00e8\u00a0 il vino storico di questa importante realt\u00e0 e richiede cure molto particolari per [&hellip;]<\/p>\n","protected":false},"featured_media":7368,"template":"","meta":[],"product_brand":[],"product_cat":[16,182],"product_tag":[185,184],"class_list":{"0":"post-7367","1":"product","2":"type-product","3":"status-publish","4":"has-post-thumbnail","6":"product_cat-bere","7":"product_cat-vini-bianchi","8":"product_tag-panizzi","9":"product_tag-vernaccia-di-san-gimignano","10":"pa_produttore-panizzi","12":"first","13":"instock","14":"shipping-taxable","15":"purchasable","16":"product-type-simple"},"acf":[],"_links":{"self":[{"href":"https:\/\/casaporciatti.it\/shop\/wp-json\/wp\/v2\/product\/7367","targetHints":{"allow":["GET"]}}],"collection":[{"href":"https:\/\/casaporciatti.it\/shop\/wp-json\/wp\/v2\/product"}],"about":[{"href":"https:\/\/casaporciatti.it\/shop\/wp-json\/wp\/v2\/types\/product"}],"wp:featuredmedia":[{"embeddable":true,"href":"https:\/\/casaporciatti.it\/shop\/wp-json\/wp\/v2\/media\/7368"}],"wp:attachment":[{"href":"https:\/\/casaporciatti.it\/shop\/wp-json\/wp\/v2\/media?parent=7367"}],"wp:term":[{"taxonomy":"product_brand","embeddable":true,"href":"https:\/\/casaporciatti.it\/shop\/wp-json\/wp\/v2\/product_brand?post=7367"},{"taxonomy":"product_cat","embeddable":true,"href":"https:\/\/casaporciatti.it\/shop\/wp-json\/wp\/v2\/product_cat?post=7367"},{"taxonomy":"product_tag","embeddable":true,"href":"https:\/\/casaporciatti.it\/shop\/wp-json\/wp\/v2\/product_tag?post=7367"}],"curies":[{"name":"wp","href":"https:\/\/api.w.org\/{rel}","templated":true}]}}