{"id":7364,"date":"2023-02-14T17:31:39","date_gmt":"2023-02-14T16:31:39","guid":{"rendered":"https:\/\/casaporciatti.it\/shop\/prodotto\/ferrari-perle-bianco-2014-trento-doc-riserva\/"},"modified":"2023-07-27T11:12:08","modified_gmt":"2023-07-27T09:12:08","slug":"ferrari-perle-bianco-2014-trento-doc-riserva","status":"publish","type":"product","link":"https:\/\/casaporciatti.it\/shop\/prodotto\/ferrari-perle-bianco-2014-trento-doc-riserva\/","title":{"rendered":"FERRARI PERLE&#8217; BIANCO 2014 Trento Doc Riserva"},"content":{"rendered":"<p>Il Ferrari Perl\u00e9 Bianco 2013 nasce dall\u2019attenta selezione di partite di Chardonnay, che gli enologi della Casa ritengono pi\u00f9 vocate al lungo affinamento. Almeno 7 anni sui lieviti selezionati in proprie colture. Il Ferrari Perl\u00e9 Bianco 2013 \u00e8 un Trento doc Riserva che seduce per la personalit\u00e0 versatile, appassiona per l\u2019armonia e conquista per l\u2019eleganza.<\/p>\n<p>Giulio Ferrari, trentino, ha avviato la sua venerabile casa di spumanti nel 1902, dopo aver studiato enologia in Francia. Convinto che il terroir della sua regione natale fosse l&#8217;ideale per la coltivazione dello Chardonnay, ha prodotto tre delle sue cuv\u00e9e ora pi\u00f9 famose \u2013 Ferrari Brut, Perl\u00e9 e Giulio Ferrari \u2013 come blanc de blancs.<\/p>\n<p>Questo approccio innovativo ha rapidamente dato i suoi frutti. I vini Ferrari ricevono costantemente alcuni dei migliori riconoscimenti italiani, tra cui l&#8217;assegnazione di Tre Bicchieri per 22 anni consecutivi.<\/p>\n<p>Nel 1952 Giulio Ferrari, non avendo figli suoi, scelse l&#8217;amico e commerciante locale Bruno Lunelli come successore della sua amata attivit\u00e0. Oggi al timone c&#8217;\u00e8 la terza generazione della famiglia Lunelli. La passione e il talento imprenditoriale di Bruno Lunelli sono passati ai figli Franco, Gino e Mauro, che hanno fatto della Ferrari il leader di mercato in Italia e il vino celebrativo nazionale per eccellenza.<\/p>\n<p>La produzione \u00e8 nelle mani di una squadra capace di otto enologi e quattro agronomi, guidati dal capo enologo Marcello Lunelli. La ricerca dell&#8217;eccellenza in tutte le aree della produzione e della gestione Ferrari \u00e8 un&#8217;eredit\u00e0 di famiglia duratura con diversi cugini coinvolti dalla nuova generazione: il cugino di Marcello, Matteo Lunelli, \u00e8 il presidente della Ferrari F.lli Lunelli SpA, Camilla Lunelli \u00e8 a capo della comunicazione globale, e Alessandro Lunelli, ingegnere di formazione, \u00e8 responsabile della progettazione e della supervisione tecnica.<\/p>\n<p>Questa generazione guida l&#8217;azienda con l&#8217;obiettivo di coniugare innovazione e tradizione, promuovendo Ferrari nel mondo come ambasciatrice dell&#8217;Arte di Vivere Italiana.<\/p>\n","protected":false},"excerpt":{"rendered":"<p>Il Ferrari Perl\u00e9 Bianco 2013 nasce dall\u2019attenta selezione di partite di Chardonnay, che gli enologi della Casa ritengono pi\u00f9 vocate [&hellip;]<\/p>\n","protected":false},"featured_media":7365,"template":"","meta":[],"product_brand":[],"product_cat":[16,281],"product_tag":[386,34,211],"class_list":{"0":"post-7364","1":"product","2":"type-product","3":"status-publish","4":"has-post-thumbnail","6":"product_cat-bere","7":"product_cat-vini-spumanti","8":"product_tag-ferrari","9":"product_tag-scelto-da-riccardo","10":"product_tag-vini-per-le-feste","11":"pa_categorie-speciali-vini-per-le-feste","12":"pa_etichette-porciatti-consigliato-da-riccardo","13":"pa_produttore-ferrari","15":"first","16":"outofstock","17":"shipping-taxable","18":"purchasable","19":"product-type-simple"},"acf":[],"_links":{"self":[{"href":"https:\/\/casaporciatti.it\/shop\/wp-json\/wp\/v2\/product\/7364","targetHints":{"allow":["GET"]}}],"collection":[{"href":"https:\/\/casaporciatti.it\/shop\/wp-json\/wp\/v2\/product"}],"about":[{"href":"https:\/\/casaporciatti.it\/shop\/wp-json\/wp\/v2\/types\/product"}],"wp:featuredmedia":[{"embeddable":true,"href":"https:\/\/casaporciatti.it\/shop\/wp-json\/wp\/v2\/media\/7365"}],"wp:attachment":[{"href":"https:\/\/casaporciatti.it\/shop\/wp-json\/wp\/v2\/media?parent=7364"}],"wp:term":[{"taxonomy":"product_brand","embeddable":true,"href":"https:\/\/casaporciatti.it\/shop\/wp-json\/wp\/v2\/product_brand?post=7364"},{"taxonomy":"product_cat","embeddable":true,"href":"https:\/\/casaporciatti.it\/shop\/wp-json\/wp\/v2\/product_cat?post=7364"},{"taxonomy":"product_tag","embeddable":true,"href":"https:\/\/casaporciatti.it\/shop\/wp-json\/wp\/v2\/product_tag?post=7364"}],"curies":[{"name":"wp","href":"https:\/\/api.w.org\/{rel}","templated":true}]}}