{"id":7310,"date":"2023-02-14T17:31:39","date_gmt":"2023-02-14T16:31:39","guid":{"rendered":"https:\/\/casaporciatti.it\/shop\/prodotto\/monte-dallora-stropa-amarone-della-valpolicella-2010\/"},"modified":"2024-10-19T13:50:11","modified_gmt":"2024-10-19T11:50:11","slug":"monte-dallora-stropa-amarone-della-valpolicella-2015","status":"publish","type":"product","link":"https:\/\/casaporciatti.it\/shop\/prodotto\/monte-dallora-stropa-amarone-della-valpolicella-2015\/","title":{"rendered":"MONTE DALL&#8217;ORA STROPA Amarone della Valpolicella 2015"},"content":{"rendered":"<p>Il Monte dall&#8217;Ora Stropa Amarone della Valpolicella ricorda l\u2019uva appassita, con sentori di ciliegia, prugna e sottobosco, chiudendo poi con integranti e raffinati profumi di pepe, spezie e sentori balsamici. In bocca \u00e8 avvolgente, denso e complesso, di lunghissima persistenza.<\/p>\n<p>La Stropa \u00e8 un passaggio dal salice piangente autoctono, utilizzato storicamente nella viticoltura della Valpolicella per legare le viti ai pergolati; \u00e8 facilmente reperibile e abbastanza forte da resistere ai venti invernali che scendono dalle montagne dell&#8217;Alto Adige. Monte Dall&#8217;Ora non solo ha perpetuato quella pratica, ma ha chiamato il suo Amarone per questo e in realt\u00e0 ha legato una stropa intorno al collo di ogni bottiglia con tappo di cera rossa. Questo legame letterale alla tradizione simboleggia perfettamente la loro passione per la storia e il terroir della Valpolicella.<\/p>\n<p>I grappoli per il Monte dell&#8217;Ora Stropa sono disposti in un unico strato in piccole cassette di legno a doghe che vengono accatastate nel fruttaio a lato aperto accanto alla casa\/cantina. L&#8217;essiccazione procede lenta e naturale con tecnologia zero; l&#8217;ambiente \u00e8 ben ventilato e abbastanza fresco, impedendo qualsiasi fermentazione e permettendo una graduale evaporazione e concentrazione dei sapori. Dopo 3-4 mesi, le uve appassite vengono diraspate, pigiate delicatamente (lasciando alcuni acini interi per un tocco di macerazione carbonica) e fatte cadere per gravit\u00e0 in uno o due piccoli tini aperti di rovere. La fermentazione \u00e8 del tutto spontanea con lieviti indigeni e senza solforosa, impiegando 40-50 giorni con pestaggi giornalieri per raggiungere un secco quasi totale (1-2 grammi RS max tipicamente). L&#8217;invecchiamento minimo \u00e8 in botti da 25 ettolitri per 3 anni, poi in bottiglia per altri 2,5 anni. La produzione \u00e8 stata di 4500 bottiglie nel 2010.<\/p>\n<p>Situato al centro della Valpolicella su uno dei cinque crinali che scendono a valle (che ricordano le dita di una mano), il Monte Dall&#8217;Ora \u00e8 la creazione di Carlo Venturini e di sua moglie Alessandra Zantedeschi. Entrambi provengono da famiglie vignaioli, ma hanno deciso di ricominciare da capo con la propria tenuta nel 1995. All&#8217;epoca i terrazzamenti acquistati erano in pessime condizioni e tutto doveva essere ricostruito.<\/p>\n<p>Le viti sono o selezione massale o innestate su portainnesto americano. Carlo ha scelto di lavorare (e in alcuni casi reimpiantare) i vitigni tradizionali della regione: Corvina, Corvinone, Rondinella e Oseleta (un vitigno autoctono perduto). La tenuta \u00e8 stata gestita in modo biologico fino al 2006, quando la coppia si \u00e8 convertita all&#8217;agricoltura biodinamica. I suoli sono unici per il loro particolare crinale e sono composti da calcare con una tonalit\u00e0 rossastra. I primi 15 metri sono molto morbidi e porosi, permettendo alle radici delle viti di penetrare in profondit\u00e0 nel sottosuolo.<\/p>\n<p>Le viti sono tutte allevate a pergola. Carlo pens\u00f2 di allevare le viti a Guyot, ma cambi\u00f2 presto idea per ragioni climatiche e di controllo della qualit\u00e0. In molte regioni i viticoltori continuano ad utilizzare la pergola perch\u00e9 questo sistema di allevamento della vite produce rese molto elevate; pur essendo spesso irrilevante per la salute delle uve, la giustificazione diffusa \u00e8 che \u00e8 necessario proteggere il frutto dal sole. Nel caso della Valpolicella \u00e8 proprio cos\u00ec: Corvina e Corvinone sono entrambi molto sensibili alla luce solare. Sono anche variet\u00e0 molto vigorose: con il guyot i grappoli diventerebbero troppo grandi e tenderebbero a ammalarsi. La pergola crea pi\u00f9 aria e spazio tra i grappoli; le piante sono pi\u00f9 separate, il che si traduce in grappoli pi\u00f9 piccoli e pi\u00f9 concentrati.<\/p>\n<p>Invece di preoccuparsi di rese pi\u00f9 basse per una maggiore concentrazione (obiettivo facile con la pergola ma difficilissimo da raggiungere), Carlo preferisce concentrare le sue energie sull&#8217;equilibrio in vigna: questo significa essenzialmente promuovere la biodiversit\u00e0 agricola e naturale invece della sola cura della vite. L&#8217;erba cresce libera, con ciliegi e ulivi che completano l&#8217;intera vigna. Questa filosofia di lavoro prosegue attraverso la vinificazione: &#8220;Trovare l&#8217;equilibrio in vigna porta equilibrio in cantina&#8221;.<\/p>\n","protected":false},"excerpt":{"rendered":"<p>Il Monte dall&#8217;Ora Stropa Amarone della Valpolicella ricorda l\u2019uva appassita, con sentori di ciliegia, prugna e sottobosco, chiudendo poi con [&hellip;]<\/p>\n","protected":false},"featured_media":7311,"template":"","meta":[],"product_brand":[],"product_cat":[16,17],"product_tag":[371,372,28,22],"class_list":{"0":"post-7310","1":"product","2":"type-product","3":"status-publish","4":"has-post-thumbnail","6":"product_cat-bere","7":"product_cat-vini-rossi","8":"product_tag-amarone-della-valpolicella","9":"product_tag-monte-dallora","10":"product_tag-produttore-artigianale","11":"product_tag-vino-biologico","12":"pa_categorie-speciali-vino-biologico","13":"pa_etichette-porciatti-produttori-artigianali","14":"pa_etichette-porciatti-vino-biodinamico","15":"pa_produttore-monte-dallora","17":"first","18":"instock","19":"shipping-taxable","20":"purchasable","21":"product-type-simple"},"acf":[],"_links":{"self":[{"href":"https:\/\/casaporciatti.it\/shop\/wp-json\/wp\/v2\/product\/7310","targetHints":{"allow":["GET"]}}],"collection":[{"href":"https:\/\/casaporciatti.it\/shop\/wp-json\/wp\/v2\/product"}],"about":[{"href":"https:\/\/casaporciatti.it\/shop\/wp-json\/wp\/v2\/types\/product"}],"wp:featuredmedia":[{"embeddable":true,"href":"https:\/\/casaporciatti.it\/shop\/wp-json\/wp\/v2\/media\/7311"}],"wp:attachment":[{"href":"https:\/\/casaporciatti.it\/shop\/wp-json\/wp\/v2\/media?parent=7310"}],"wp:term":[{"taxonomy":"product_brand","embeddable":true,"href":"https:\/\/casaporciatti.it\/shop\/wp-json\/wp\/v2\/product_brand?post=7310"},{"taxonomy":"product_cat","embeddable":true,"href":"https:\/\/casaporciatti.it\/shop\/wp-json\/wp\/v2\/product_cat?post=7310"},{"taxonomy":"product_tag","embeddable":true,"href":"https:\/\/casaporciatti.it\/shop\/wp-json\/wp\/v2\/product_tag?post=7310"}],"curies":[{"name":"wp","href":"https:\/\/api.w.org\/{rel}","templated":true}]}}