{"id":7301,"date":"2023-02-14T17:31:25","date_gmt":"2023-02-14T16:31:25","guid":{"rendered":"https:\/\/casaporciatti.it\/shop\/prodotto\/antinori-pian-delle-vigne-brunello-di-montalcino-2016\/"},"modified":"2026-01-15T05:24:02","modified_gmt":"2026-01-15T04:24:02","slug":"antinori-pian-delle-vigne-brunello-di-montalcino-2020","status":"publish","type":"product","link":"https:\/\/casaporciatti.it\/shop\/prodotto\/antinori-pian-delle-vigne-brunello-di-montalcino-2020\/","title":{"rendered":"ANTINORI PIAN DELLE VIGNE Brunello di Montalcino 2020"},"content":{"rendered":"<p>Il Brunello di Montalcino Pian delle Vigne Marchesi Antinori 2020 propone un profilo tradizionale della tenuta in cui si percepisce un bouquet classico e suadente. Le caratteristiche di questo Brunello di Montalciono sono radicate nella maturit\u00e0 della ciliegia essiccata e della mora,\u00a0 a cui seguono note terrose e un po&#8217; di liquirizia .<\/p>\n<p>Pian delle Vigne si comporta bene nella celebrata annata 2002, dimostrando fin da subito una capacit\u00e0 di beva impressionate. \u00c8 stato travasato dalla botte ed \u00e8 passato in vetro per preservare l&#8217;integrit\u00e0 aromatica dell&#8217;annata. Dare priorit\u00e0 al vetro rispetto all&#8217;invecchiamento in botte \u00e8 una tendenza che anche Antinori ha fatto propria.<\/p>\n","protected":false},"excerpt":{"rendered":"<p>Il Brunello di Montalcino Pian delle Vigne Marchesi Antinori 2020 propone un profilo tradizionale della tenuta in cui si percepisce [&hellip;]<\/p>\n","protected":false},"featured_media":7302,"template":"","meta":[],"product_brand":[],"product_cat":[16,17],"product_tag":[90,121],"class_list":{"0":"post-7301","1":"product","2":"type-product","3":"status-publish","4":"has-post-thumbnail","6":"product_cat-bere","7":"product_cat-vini-rossi","8":"product_tag-antinori","9":"product_tag-brunello-di-montalcino","10":"pa_categorie-speciali-brunello-di-montalcino","11":"pa_produttore-antinori","13":"first","14":"outofstock","15":"shipping-taxable","16":"purchasable","17":"product-type-simple"},"acf":[],"_links":{"self":[{"href":"https:\/\/casaporciatti.it\/shop\/wp-json\/wp\/v2\/product\/7301","targetHints":{"allow":["GET"]}}],"collection":[{"href":"https:\/\/casaporciatti.it\/shop\/wp-json\/wp\/v2\/product"}],"about":[{"href":"https:\/\/casaporciatti.it\/shop\/wp-json\/wp\/v2\/types\/product"}],"wp:featuredmedia":[{"embeddable":true,"href":"https:\/\/casaporciatti.it\/shop\/wp-json\/wp\/v2\/media\/7302"}],"wp:attachment":[{"href":"https:\/\/casaporciatti.it\/shop\/wp-json\/wp\/v2\/media?parent=7301"}],"wp:term":[{"taxonomy":"product_brand","embeddable":true,"href":"https:\/\/casaporciatti.it\/shop\/wp-json\/wp\/v2\/product_brand?post=7301"},{"taxonomy":"product_cat","embeddable":true,"href":"https:\/\/casaporciatti.it\/shop\/wp-json\/wp\/v2\/product_cat?post=7301"},{"taxonomy":"product_tag","embeddable":true,"href":"https:\/\/casaporciatti.it\/shop\/wp-json\/wp\/v2\/product_tag?post=7301"}],"curies":[{"name":"wp","href":"https:\/\/api.w.org\/{rel}","templated":true}]}}