{"id":7292,"date":"2023-02-14T17:31:25","date_gmt":"2023-02-14T16:31:25","guid":{"rendered":"https:\/\/casaporciatti.it\/shop\/prodotto\/monte-bernardi-mb1933-chianti-classico-2020\/"},"modified":"2026-02-23T08:23:45","modified_gmt":"2026-02-23T07:23:45","slug":"monte-bernardi-mb1933-chianti-classico-2022","status":"publish","type":"product","link":"https:\/\/casaporciatti.it\/shop\/prodotto\/monte-bernardi-mb1933-chianti-classico-2022\/","title":{"rendered":"MONTE BERNARDI MB1933 Chianti Classico 2022"},"content":{"rendered":"<p>Il<strong> Chianti Classico MB1933 di Monte Bernardi<\/strong> \u00e8 l&#8217;ultimo nato della dinamica azienda guidata dalla famiglia Schmelzer di Panzano in Chianti. Solo 2800 bottiglie prodotte, una sorta di anti-Gran Selezione mascherato da Chianti Classico \u201cbase\u201d proveniente da una vigna promiscua del 1933, con tanto galestro e un 20% di pietraforte.<\/p>\n<p>Il cru \u00e8 stato coltivato dalla stessa famiglia dagli anni \u201970. Marcello Bartolini \u00e8 la persona che per tanto anni si \u00e8 occupato di questa vigna e MB \u00e8 in suo omaggio.<\/p>\n<p>Profumato e profondo richiama l\u2019alta bevibilit\u00e1 del Retromarcia, ma rispetto al fratellino ha un naso pi\u00f9 complesso, evidenziando inoltre pi\u00f9 ciccia e ricercatezza al palato, tra tannini finissimi e richiami di spezie e pesca noce<\/p>\n<p>Le vigne di <strong>Monte Bernardi<\/strong> si estendono per 15 ettari, con viti che per un terzo hanno pi\u00f9 di 45 anni di et\u00e0.\u00a0 I vigneti sono situati nella zona collinare pi\u00f9 meridionale di <strong>Panzano in Chianti<\/strong>, un&#8217;area che \u00e8 stata riconosciuta come uno dei Grand Cru del Chianti Classico, ed \u00e8 considerata capace di produrre vini in grado di competere con i migliori del mondo. Le viti sono piantate su un terreno molto sassoso costituito da scisto (Galestro), marna e calcare (Alberese).<\/p>\n<p class=\"p1\">La tenuta fu originariamente acquistata nel 1988 da Stak &amp; Sharon e il primo vino fu prodotto nel 1992. La famiglia <strong>Schmelzer<\/strong> acquis\u00ec Monte Bernardi alla fine del 2003 investendo fin da subito sia nelle vigne che in cantina.<\/p>\n<p class=\"p1\">I vigneti sono perfettamente situati &#8211; si trovano a un&#8217;altitudine di 350 metri sul livello del mare, circondati da foreste e godono di un&#8217;esposizione a sud, con il fiume Pesa che scorre a poche centinaia di metri pi\u00f9 i basso. Questi fattori contribuiscono al microclima unico del Monte Bernardi.<\/p>\n","protected":false},"excerpt":{"rendered":"<p>Il Chianti Classico MB1933 di Monte Bernardi \u00e8 l&#8217;ultimo nato della dinamica azienda guidata dalla famiglia Schmelzer di Panzano in [&hellip;]<\/p>\n","protected":false},"featured_media":7293,"template":"","meta":[],"product_brand":[],"product_cat":[16,17],"product_tag":[18,53,34,32,22],"class_list":{"0":"post-7292","1":"product","2":"type-product","3":"status-publish","4":"has-post-thumbnail","6":"product_cat-bere","7":"product_cat-vini-rossi","8":"product_tag-chianti-classico","9":"product_tag-monte-bernardi","10":"product_tag-scelto-da-riccardo","11":"product_tag-vini-di-panzano","12":"product_tag-vino-biologico","13":"pa_categorie-speciali-portami-in-chianti","14":"pa_categorie-speciali-vino-biologico","15":"pa_chianti-classico-vini-di-panzano","16":"pa_etichette-porciatti-consigliato-da-riccardo","17":"pa_etichette-porciatti-vino-biologico","18":"pa_produttore-monte-bernardi","20":"first","21":"instock","22":"shipping-taxable","23":"purchasable","24":"product-type-simple"},"acf":[],"_links":{"self":[{"href":"https:\/\/casaporciatti.it\/shop\/wp-json\/wp\/v2\/product\/7292","targetHints":{"allow":["GET"]}}],"collection":[{"href":"https:\/\/casaporciatti.it\/shop\/wp-json\/wp\/v2\/product"}],"about":[{"href":"https:\/\/casaporciatti.it\/shop\/wp-json\/wp\/v2\/types\/product"}],"wp:featuredmedia":[{"embeddable":true,"href":"https:\/\/casaporciatti.it\/shop\/wp-json\/wp\/v2\/media\/7293"}],"wp:attachment":[{"href":"https:\/\/casaporciatti.it\/shop\/wp-json\/wp\/v2\/media?parent=7292"}],"wp:term":[{"taxonomy":"product_brand","embeddable":true,"href":"https:\/\/casaporciatti.it\/shop\/wp-json\/wp\/v2\/product_brand?post=7292"},{"taxonomy":"product_cat","embeddable":true,"href":"https:\/\/casaporciatti.it\/shop\/wp-json\/wp\/v2\/product_cat?post=7292"},{"taxonomy":"product_tag","embeddable":true,"href":"https:\/\/casaporciatti.it\/shop\/wp-json\/wp\/v2\/product_tag?post=7292"}],"curies":[{"name":"wp","href":"https:\/\/api.w.org\/{rel}","templated":true}]}}