{"id":7246,"date":"2023-02-14T17:31:13","date_gmt":"2023-02-14T16:31:13","guid":{"rendered":"https:\/\/casaporciatti.it\/shop\/prodotto\/castello-di-vicchiomaggio-la-prima-chianti-classico-gran-selezione-2015\/"},"modified":"2025-08-05T10:44:37","modified_gmt":"2025-08-05T08:44:37","slug":"castello-di-vicchiomaggio-la-prima-chianti-classico-gran-selezione-2015","status":"publish","type":"product","link":"https:\/\/casaporciatti.it\/shop\/prodotto\/castello-di-vicchiomaggio-la-prima-chianti-classico-gran-selezione-2015\/","title":{"rendered":"CASTELLO DI VICCHIOMAGGIO LA PRIMA Chianti Classico Gran Selezione 2015"},"content":{"rendered":"<p>Il Chianti Classico Gran Selezione La Prima del Castello di Vicchiomaggio \u00e8 ottenuto con il 95% di Sangiovese e il 5% di Merlot (invecchiato in barrique per due anni). E&#8217; adatto per bistecca alla fiorentina o carne alla griglia. Propone sentori di frutta matura, come mora e prugna scura. In bocca \u00e8 ricco, intenso e\u00a0 dal piacevole finale. Proveniente dalla zona pi\u00f9 fresca di Greve in Chianti, d\u00e0 il meglio di s\u00e9 nelle annate calde come la 2015<\/p>\n<p>Castello Vicchiomaggio \u00a0si estende per 140 ettari di cui: 34 coltivati a vigneto, 10 ad olivo, ed il restante \u00e8 bosco a Greve in Chianti<\/p>\n<p>Tra le variet\u00e0 coltivate spicca su tutti il Sangiovese, uva tradizionale e fondamentale per la produzione del Chianti Classico. Sono presenti, per\u00f2, altri vitigni di variet\u00e0 internazionali quali il Merlot e Cabernet Sauvignon. Queste ultime in particolare vengono utilizzate per la produzione di vini rossi IGT.<\/p>\n<p>Il terroir della zona \u00e8 caratterizzato da un clima mediterraneo e dal tipico terreno ricco di argilla e pietre grandi, il cosiddetto Galestro.<br \/>\nUna particolare attenzione \u00e8 rivolta all\u2019esposizione dei vigneti, sono infatti tutti rivolti verso Sud, per garantire la massima esposizione solare durante tutta la giornata.<\/p>\n<p>Per quanto riguarda il sistema di allevamento ne sono stati scelti due differenti: cordone speronato e guyot. La loro applicazione dipende dal tipo di variet\u00e0 scelto e dalla resa produttiva di ogni vitigno. In questo modo viene gestita la quantit\u00e0 di uva prodotta e, conseguentemente, la qualit\u00e0 del prodotto finito. Inoltre questi sistemi di allevamento permettono di evitare un eccessivo allontanamento dei tralci dal tronco principale e quindi di avere una maggiore concentrazione di sostanze necessarie alla corretta maturazione dell\u2019uva.<\/p>\n<p>La raccolta delle uve avviene manualmente e si protrae da met\u00e0 settembre a met\u00e0 ottobre.<br \/>\nAl momento della raccolta i grappoli vengono selezionati a mano per poi essere pressati in appositi macchinari. Il prodotto cos\u00ec ottenuto viene trasferito in vasche di acciaio inox a temperatura controllata.<\/p>\n<p>A questo punto comincia la fermentazione alcolica grazie alla presenza di lieviti. Questa fermentazione ha una durata che varia dai 12 ai 15 giorni. In seguito si procede alla svinatura ovvero la separazione della parte liquida dalle bucce che fino ad ora avevano contribuito alla fermentazione alcolica.<\/p>\n<p>Le bucce non vanno, per\u00f2, sprecate ma bens\u00ec riutilizzate in un processo di distillazione per la produzione della grappa.<\/p>\n<p>Il vino, privato delle bucce, rimane nelle vasche d\u2019acciaio per ancora 20\/30 giorni, dove avviene la seconda fermentazione, la cos\u00ec detta: \u201cfermentazione malolattica\u201d.A gennaio il vino viene trasferito nella cantina di maturazione, dove riposer\u00e0 nelle botti e nelle barrique di rovere francese. Il tempo di maturazione in legno varia da un minimo di 8 mesi ad un massimo di 24, a seconda della tipologia di vino.<br \/>\nTerminato l\u2019affinamento il vino viene imbottigliato, per poi riposare ulteriormente nella bottiglia prima dell\u2019entrata in commercio.<\/p>\n","protected":false},"excerpt":{"rendered":"<p>Il Chianti Classico Gran Selezione La Prima del Castello di Vicchiomaggio \u00e8 ottenuto con il 95% di Sangiovese e il [&hellip;]<\/p>\n","protected":false},"featured_media":7247,"template":"","meta":[],"product_brand":[],"product_cat":[16,17],"product_tag":[363,43],"class_list":{"0":"post-7246","1":"product","2":"type-product","3":"status-publish","4":"has-post-thumbnail","6":"product_cat-bere","7":"product_cat-vini-rossi","8":"product_tag-castello-di-vicchiomaggio","9":"product_tag-chianti-classico-gran-selezione","10":"pa_categorie-speciali-in-promozione-ora","11":"pa_chianti-classico-vini-di-greve-in-chianti","12":"pa_produttore-castello-di-vicchiomaggio","14":"first","15":"instock","16":"shipping-taxable","17":"purchasable","18":"product-type-simple"},"acf":[],"_links":{"self":[{"href":"https:\/\/casaporciatti.it\/shop\/wp-json\/wp\/v2\/product\/7246","targetHints":{"allow":["GET"]}}],"collection":[{"href":"https:\/\/casaporciatti.it\/shop\/wp-json\/wp\/v2\/product"}],"about":[{"href":"https:\/\/casaporciatti.it\/shop\/wp-json\/wp\/v2\/types\/product"}],"wp:featuredmedia":[{"embeddable":true,"href":"https:\/\/casaporciatti.it\/shop\/wp-json\/wp\/v2\/media\/7247"}],"wp:attachment":[{"href":"https:\/\/casaporciatti.it\/shop\/wp-json\/wp\/v2\/media?parent=7246"}],"wp:term":[{"taxonomy":"product_brand","embeddable":true,"href":"https:\/\/casaporciatti.it\/shop\/wp-json\/wp\/v2\/product_brand?post=7246"},{"taxonomy":"product_cat","embeddable":true,"href":"https:\/\/casaporciatti.it\/shop\/wp-json\/wp\/v2\/product_cat?post=7246"},{"taxonomy":"product_tag","embeddable":true,"href":"https:\/\/casaporciatti.it\/shop\/wp-json\/wp\/v2\/product_tag?post=7246"}],"curies":[{"name":"wp","href":"https:\/\/api.w.org\/{rel}","templated":true}]}}