{"id":7219,"date":"2023-02-14T17:31:13","date_gmt":"2023-02-14T16:31:13","guid":{"rendered":"https:\/\/casaporciatti.it\/shop\/prodotto\/cantina-terlano-alto-adige-pinot-bianco-rarity-2009\/"},"modified":"2026-04-14T08:29:13","modified_gmt":"2026-04-14T06:29:13","slug":"cantina-terlano-alto-adige-pinot-bianco-rarity-2013","status":"publish","type":"product","link":"https:\/\/casaporciatti.it\/shop\/prodotto\/cantina-terlano-alto-adige-pinot-bianco-rarity-2013\/","title":{"rendered":"CANTINA TERLANO Alto Adige Pinot Bianco Rarity 2013"},"content":{"rendered":"<p>Una prerogativa della Cantina di Terlano sono le cosiddette &#8220;Rarit\u00e0&#8221;, ossia bottiglie speciali di vini bianchi invecchiati, maturati per almeno dieci anni sui lieviti fini all\u2019interno di cisterne d\u2019acciaio in pressione. Ci\u00f2 che pi\u00f9 affascina di questi vini \u00e8 la freschezza della loro giovinezza, un elemento che rende questo Terlaner oltremodo avvincente, nonostante la sua veneranda et\u00e0. \u00c8 un vino che si presta alla perfezione per maturare a lungo in bottiglia.<\/p>\n<p>Fondata nel 1893, la Cantina Terlano \u00e8 diventata una delle principali cooperative di viticoltori dell&#8217;Alto Adige, nel nord-est dell&#8217;Italia.<\/p>\n<p>Situata sulle Dolomiti, ai piedi delle Alpi, la posizione distintiva di Terlano e lo straordinario terroir sono fondamentali per lo sviluppo dei loro splendidi vini. Situata in una conca riparata, Terlano gode di un&#8217;ottima esposizione a sud. I pendii dei vigneti che vanno dai 250 ai 900 m slm offrono le condizioni ideali per la coltivazione della vite, in particolare il Lagrein, una variet\u00e0 autoctona dell&#8217;Alto Adige. I vigneti composti da rocce rosse ad alto contenuto minerale trattengono il calore della giornata, mentre il terreno poroso permette il drenaggio dell&#8217;acqua, mantenendo il terreno asciutto attorno alle radici delle viti. Questi fattori, uniti alle fresche temperature serali, danno vita a vini di incredibile profondit\u00e0 e potenzialmente da invecchiamento.<\/p>\n<p>Con un&#8217;attuale adesione di 143 produttori che coltivano una superficie totale di 165 ettari, Terlano assicura i pi\u00f9 alti standard di qualit\u00e0 compensando i coltivatori per la qualit\u00e0 delle loro uve e non per la quantit\u00e0. Nei vigneti, l&#8217;enfasi \u00e8 sulla riduzione della resa a favore di una produzione di frutta pi\u00f9 concentrata.<br \/>\nTerlano produce il 30% di vini rossi e il 70% di bianchi, tutti con denominazione di qualit\u00e0 DOC.<\/p>\n","protected":false},"excerpt":{"rendered":"<p>Una prerogativa della Cantina di Terlano sono le cosiddette &#8220;Rarit\u00e0&#8221;, ossia bottiglie speciali di vini bianchi invecchiati, maturati per almeno [&hellip;]<\/p>\n","protected":false},"featured_media":7220,"template":"","meta":[],"product_brand":[],"product_cat":[16,182],"product_tag":[298,299,34,91],"class_list":{"0":"post-7219","1":"product","2":"type-product","3":"status-publish","4":"has-post-thumbnail","6":"product_cat-bere","7":"product_cat-vini-bianchi","8":"product_tag-alto-adige","9":"product_tag-cantina-terlano","10":"product_tag-scelto-da-riccardo","11":"product_tag-vini-pregiati-e-rari","12":"pa_categorie-speciali-vini-per-le-feste","13":"pa_categorie-speciali-vini-pregiati-e-rari","14":"pa_etichette-porciatti-consigliato-da-riccardo","15":"pa_produttore-cantina-terlano","17":"first","18":"instock","19":"shipping-taxable","20":"purchasable","21":"product-type-simple"},"acf":[],"_links":{"self":[{"href":"https:\/\/casaporciatti.it\/shop\/wp-json\/wp\/v2\/product\/7219","targetHints":{"allow":["GET"]}}],"collection":[{"href":"https:\/\/casaporciatti.it\/shop\/wp-json\/wp\/v2\/product"}],"about":[{"href":"https:\/\/casaporciatti.it\/shop\/wp-json\/wp\/v2\/types\/product"}],"wp:featuredmedia":[{"embeddable":true,"href":"https:\/\/casaporciatti.it\/shop\/wp-json\/wp\/v2\/media\/7220"}],"wp:attachment":[{"href":"https:\/\/casaporciatti.it\/shop\/wp-json\/wp\/v2\/media?parent=7219"}],"wp:term":[{"taxonomy":"product_brand","embeddable":true,"href":"https:\/\/casaporciatti.it\/shop\/wp-json\/wp\/v2\/product_brand?post=7219"},{"taxonomy":"product_cat","embeddable":true,"href":"https:\/\/casaporciatti.it\/shop\/wp-json\/wp\/v2\/product_cat?post=7219"},{"taxonomy":"product_tag","embeddable":true,"href":"https:\/\/casaporciatti.it\/shop\/wp-json\/wp\/v2\/product_tag?post=7219"}],"curies":[{"name":"wp","href":"https:\/\/api.w.org\/{rel}","templated":true}]}}