{"id":7198,"date":"2023-02-14T17:31:00","date_gmt":"2023-02-14T16:31:00","guid":{"rendered":"https:\/\/casaporciatti.it\/shop\/prodotto\/podere-monastero-la-pineta-toscana-igt-2021\/"},"modified":"2025-07-10T10:51:04","modified_gmt":"2025-07-10T08:51:04","slug":"podere-monastero-la-pineta-toscana-igt-2022","status":"publish","type":"product","link":"https:\/\/casaporciatti.it\/shop\/prodotto\/podere-monastero-la-pineta-toscana-igt-2022\/","title":{"rendered":"PODERE MONASTERO LA PINETA Toscana IGT 2022"},"content":{"rendered":"<p>Pura espressione di Pinot Nero dal cuore della Chianti, il Podere Monastero La Pineta 2022 \u00e8 vino che rivela aromi di frutti di bosco e ciliegia seguiti da spezie, legno di cedro e un tocco di cannella. Bisogna dare a questo vino qualche anno in pi\u00f9 per raggiungere una migliore integrazione. La bocca \u00e8 fresca e speziata con ricordi di menta verde e zenzero essiccato. L&#8217;effetto \u00e8 super intenso e avvolgente. E&#8217; sicuramente un&#8217;espressione diversa del Pinot Nero francese, ma c&#8217;\u00e8 qualcosa di totalmente irresistibile che lo rende imperdibile.<\/p>\n<p>Podere Monastero \u00e8 la propriet\u00e0 di Alessandro Cellai a Castellina in Chianti, nel cuore del Chianti Classico. Cellai produce solo due vini, un Pinot Nero e un Cabernet Sauvignon\/Merlot, entrambi realizzati in uno stile ricco e fruttato i cui si riconosce l&#8217;amore di Cellai per i vini del Nuovo Mondo.<\/p>\n<p>Solo 3200 bt<\/p>\n","protected":false},"excerpt":{"rendered":"<p>Pura espressione di Pinot Nero dal cuore della Chianti, il Podere Monastero La Pineta 2022 \u00e8 vino che rivela aromi [&hellip;]<\/p>\n","protected":false},"featured_media":7199,"template":"","meta":[],"product_brand":[],"product_cat":[16,17],"product_tag":[112,362,28,34,93,46],"class_list":{"0":"post-7198","1":"product","2":"type-product","3":"status-publish","4":"has-post-thumbnail","6":"product_cat-bere","7":"product_cat-vini-rossi","8":"product_tag-la-toscana-nascosta","9":"product_tag-podere-monastero","10":"product_tag-produttore-artigianale","11":"product_tag-scelto-da-riccardo","12":"product_tag-toscana-igt","13":"product_tag-vini-di-castellina","14":"pa_categorie-speciali-la-toscana-nascosta","15":"pa_chianti-classico-vini-di-castellina-in-chianti","16":"pa_etichette-porciatti-consigliato-da-riccardo","17":"pa_etichette-porciatti-produttori-artigianali","18":"pa_produttore-podere-monastero","20":"first","21":"outofstock","22":"shipping-taxable","23":"purchasable","24":"product-type-simple"},"acf":[],"_links":{"self":[{"href":"https:\/\/casaporciatti.it\/shop\/wp-json\/wp\/v2\/product\/7198","targetHints":{"allow":["GET"]}}],"collection":[{"href":"https:\/\/casaporciatti.it\/shop\/wp-json\/wp\/v2\/product"}],"about":[{"href":"https:\/\/casaporciatti.it\/shop\/wp-json\/wp\/v2\/types\/product"}],"wp:featuredmedia":[{"embeddable":true,"href":"https:\/\/casaporciatti.it\/shop\/wp-json\/wp\/v2\/media\/7199"}],"wp:attachment":[{"href":"https:\/\/casaporciatti.it\/shop\/wp-json\/wp\/v2\/media?parent=7198"}],"wp:term":[{"taxonomy":"product_brand","embeddable":true,"href":"https:\/\/casaporciatti.it\/shop\/wp-json\/wp\/v2\/product_brand?post=7198"},{"taxonomy":"product_cat","embeddable":true,"href":"https:\/\/casaporciatti.it\/shop\/wp-json\/wp\/v2\/product_cat?post=7198"},{"taxonomy":"product_tag","embeddable":true,"href":"https:\/\/casaporciatti.it\/shop\/wp-json\/wp\/v2\/product_tag?post=7198"}],"curies":[{"name":"wp","href":"https:\/\/api.w.org\/{rel}","templated":true}]}}