{"id":7175,"date":"2023-02-14T17:31:00","date_gmt":"2023-02-14T16:31:00","guid":{"rendered":"https:\/\/casaporciatti.it\/shop\/prodotto\/fleury-champagne-fleur-de-leurope-nature\/"},"modified":"2023-07-27T11:15:36","modified_gmt":"2023-07-27T09:15:36","slug":"fleury-champagne-fleur-de-leurope-nature","status":"publish","type":"product","link":"https:\/\/casaporciatti.it\/shop\/prodotto\/fleury-champagne-fleur-de-leurope-nature\/","title":{"rendered":"FLEURY Champagne Fleur de l&#8217;Europe Nature"},"content":{"rendered":"<p>La cuv\u00e9e\u00a0<strong>Fleur de l&#8217;Europe Nature della Maison Fleury<\/strong> \u00e8 uno\u00a0 Champagne emblematico pieno di vivacit\u00e0 e freschezza.<\/p>\n<p>La maison Fleury \u00e8 fra precursori della biodinamica in Champagne. Ha iniziato la conversione alla viticoltura biologica nel 1970, molto prima che fosse di moda. Oggi Fleury \u00e8 certificata Agricoltura Biologica (AB) e Demeter su tutta la sua tenuta di 15 ettari.<\/p>\n<p>La cuv\u00e9e Fleur de l&#8217;Europe Nature \u00e8 il risultato del matrimonio di 85% Pinot Nero che fornisce struttura e vinosit\u00e0, con il 15% di Chardonnay che bilancia questa\u00a0 unione con un tocco di freschezza.<\/p>\n<p>Le uve provengono da vigne di circa 25 anni nella <strong>C\u00f4te des Bar.<\/strong> Tre quarti del vino viene vinificato in tini smaltati per preservare una bella vivacit\u00e0, e per il resto in botti di rovere. La vinificazione in botte dona aromi pi\u00f9 rotondi, e un tocco di golosit\u00e0 (note di miele, vaniglia).<\/p>\n<p>La cuv\u00e9e Fleur de l&#8217;Europe \u00e8 <strong>un Brut Nature, uno champagne non dosato<\/strong> (senza aggiunta di zucchero), che permette al terroir e alle viti di esprimersi appieno.<\/p>\n","protected":false},"excerpt":{"rendered":"<p>La cuv\u00e9e\u00a0Fleur de l&#8217;Europe Nature della Maison Fleury \u00e8 uno\u00a0 Champagne emblematico pieno di vivacit\u00e0 e freschezza. La maison Fleury [&hellip;]<\/p>\n","protected":false},"featured_media":7176,"template":"","meta":[],"product_brand":[],"product_cat":[16,281],"product_tag":[287,28,84,211,22],"class_list":{"0":"post-7175","1":"product","2":"type-product","3":"status-publish","4":"has-post-thumbnail","6":"product_cat-bere","7":"product_cat-vini-spumanti","8":"product_tag-champagne","9":"product_tag-produttore-artigianale","10":"product_tag-vini-per-lestate","11":"product_tag-vini-per-le-feste","12":"product_tag-vino-biologico","13":"pa_categorie-speciali-vini-per-lestate","14":"pa_categorie-speciali-vini-per-le-feste","15":"pa_categorie-speciali-vino-biologico","16":"pa_etichette-porciatti-produttori-artigianali","17":"pa_etichette-porciatti-vino-biodinamico","18":"pa_produttore-fleury","20":"first","21":"instock","22":"shipping-taxable","23":"purchasable","24":"product-type-simple"},"acf":[],"_links":{"self":[{"href":"https:\/\/casaporciatti.it\/shop\/wp-json\/wp\/v2\/product\/7175","targetHints":{"allow":["GET"]}}],"collection":[{"href":"https:\/\/casaporciatti.it\/shop\/wp-json\/wp\/v2\/product"}],"about":[{"href":"https:\/\/casaporciatti.it\/shop\/wp-json\/wp\/v2\/types\/product"}],"wp:featuredmedia":[{"embeddable":true,"href":"https:\/\/casaporciatti.it\/shop\/wp-json\/wp\/v2\/media\/7176"}],"wp:attachment":[{"href":"https:\/\/casaporciatti.it\/shop\/wp-json\/wp\/v2\/media?parent=7175"}],"wp:term":[{"taxonomy":"product_brand","embeddable":true,"href":"https:\/\/casaporciatti.it\/shop\/wp-json\/wp\/v2\/product_brand?post=7175"},{"taxonomy":"product_cat","embeddable":true,"href":"https:\/\/casaporciatti.it\/shop\/wp-json\/wp\/v2\/product_cat?post=7175"},{"taxonomy":"product_tag","embeddable":true,"href":"https:\/\/casaporciatti.it\/shop\/wp-json\/wp\/v2\/product_tag?post=7175"}],"curies":[{"name":"wp","href":"https:\/\/api.w.org\/{rel}","templated":true}]}}