{"id":7163,"date":"2023-02-14T17:31:00","date_gmt":"2023-02-14T16:31:00","guid":{"rendered":"https:\/\/casaporciatti.it\/shop\/prodotto\/fontuccia-senti-oh-ansonica-isola-del-giglio-2021\/"},"modified":"2026-04-11T18:34:36","modified_gmt":"2026-04-11T16:34:36","slug":"fontuccia-senti-oh-ansonica-isola-del-giglio-2025","status":"publish","type":"product","link":"https:\/\/casaporciatti.it\/shop\/prodotto\/fontuccia-senti-oh-ansonica-isola-del-giglio-2025\/","title":{"rendered":"FONTUCCIA SENTI OH! Ansonica Isola del Giglio 2025"},"content":{"rendered":"<p>Il Fontuccia Senti Oh!\u00a0 Ansonica dell&#8217;Isola del Giglio \u00e8 uno splendido bianco che sa di pesche mature e meloni profumati, con spiccata salinit\u00e0 e retrogusto agrumato.<\/p>\n<p>L&#8217;azienda prende il nome dalla localit\u00e0 in cui \u00e8 situato il principale vigneto: La Fontuccia. I terreni sono totalmente granitici e ricchi di minerali, il clima \u00e8 piuttosto umido in primavera, ma molto asciutto e ventilato in estate con scarsissime precipitazioni.<\/p>\n<p>I vigneti sono totalmente dedicati all&#8217;autoctono Ansonica e posti su terrazzamenti di epoca romana. Questo tipo di coltivazione rende la vendemmia molto suggestiva e dispendiosa.<\/p>\n","protected":false},"excerpt":{"rendered":"<p>Il Fontuccia Senti Oh!\u00a0 Ansonica dell&#8217;Isola del Giglio \u00e8 uno splendido bianco che sa di pesche mature e meloni profumati, [&hellip;]<\/p>\n","protected":false},"featured_media":7164,"template":"","meta":[],"product_brand":[],"product_cat":[16,182],"product_tag":[358,28,34,20,84],"class_list":{"0":"post-7163","1":"product","2":"type-product","3":"status-publish","4":"has-post-thumbnail","6":"product_cat-bere","7":"product_cat-vini-bianchi","8":"product_tag-fontuccia","9":"product_tag-produttore-artigianale","10":"product_tag-scelto-da-riccardo","11":"product_tag-vetrina","12":"product_tag-vini-per-lestate","13":"pa_categorie-speciali-la-toscana-nascosta","14":"pa_categorie-speciali-vini-per-lestate","15":"pa_etichette-porciatti-consigliato-da-riccardo","16":"pa_etichette-porciatti-produttori-artigianali","17":"pa_produttore-fontuccia","19":"first","20":"instock","21":"shipping-taxable","22":"purchasable","23":"product-type-simple"},"acf":[],"_links":{"self":[{"href":"https:\/\/casaporciatti.it\/shop\/wp-json\/wp\/v2\/product\/7163","targetHints":{"allow":["GET"]}}],"collection":[{"href":"https:\/\/casaporciatti.it\/shop\/wp-json\/wp\/v2\/product"}],"about":[{"href":"https:\/\/casaporciatti.it\/shop\/wp-json\/wp\/v2\/types\/product"}],"wp:featuredmedia":[{"embeddable":true,"href":"https:\/\/casaporciatti.it\/shop\/wp-json\/wp\/v2\/media\/7164"}],"wp:attachment":[{"href":"https:\/\/casaporciatti.it\/shop\/wp-json\/wp\/v2\/media?parent=7163"}],"wp:term":[{"taxonomy":"product_brand","embeddable":true,"href":"https:\/\/casaporciatti.it\/shop\/wp-json\/wp\/v2\/product_brand?post=7163"},{"taxonomy":"product_cat","embeddable":true,"href":"https:\/\/casaporciatti.it\/shop\/wp-json\/wp\/v2\/product_cat?post=7163"},{"taxonomy":"product_tag","embeddable":true,"href":"https:\/\/casaporciatti.it\/shop\/wp-json\/wp\/v2\/product_tag?post=7163"}],"curies":[{"name":"wp","href":"https:\/\/api.w.org\/{rel}","templated":true}]}}