{"id":7160,"date":"2023-02-14T17:31:00","date_gmt":"2023-02-14T16:31:00","guid":{"rendered":"https:\/\/casaporciatti.it\/shop\/prodotto\/monte-bernardi-sangio-chianti-classico-2019\/"},"modified":"2026-03-08T15:17:18","modified_gmt":"2026-03-08T14:17:18","slug":"monte-bernardi-sangio-chianti-classico-2022","status":"publish","type":"product","link":"https:\/\/casaporciatti.it\/shop\/prodotto\/monte-bernardi-sangio-chianti-classico-2022\/","title":{"rendered":"MONTE BERNARDI SANGIO&#8217; Chianti Classico 2022"},"content":{"rendered":"<p>Il <strong>Monte Bernardi Sangio&#8217; <\/strong>Chianti Classico \u00e8 un espressione dei terreni e del microclima dei vigneti selezionati nelle alte colline sopra Panzano in Chianti, gli ambiti vigneti della Sala. In questa zona ci sono alcuni dei vigneti pi\u00f9 ricercati di Panzano, apprezzati per la produzione di vini di profumo ed eleganza. Michael Schmelzer li descrive cos\u00ec: &#8220;La maggioranza intorno ai 15 anni, su vecchi portinnesti, a circa 500 metri di altitudine con collocazione ideale. Sangi\u00f2 \u00e8 un vino piacevole da bere al momento del rilascio, ma pu\u00f2 anche essere invecchiato per una maggiore complessit\u00e0.<\/p>\n<p>Le vigne di <strong>Monte Bernardi<\/strong> si estendono per 15 ettari, con viti che per un terzo hanno pi\u00f9 di 45 anni di et\u00e0.\u00a0 I vigneti sono situati nella zona collinare pi\u00f9 meridionale di <strong>Panzano in Chianti<\/strong>, un&#8217;area che \u00e8 stata riconosciuta come uno dei Grand Cru del Chianti Classico, ed \u00e8 considerata capace di produrre vini in grado di competere con i migliori del mondo. Le viti sono piantate su un terreno molto sassoso costituito da scisto (Galestro), marna e calcare (Alberese).<\/p>\n<p class=\"p1\">La tenuta fu originariamente acquistata nel 1988 da Stak &amp; Sharon e il primo vino fu prodotto nel 1992. La famiglia <strong>Schmelzer<\/strong> acquis\u00ec Monte Bernardi alla fine del 2003 investendo fin da subito sia nelle vigne che in cantina.<\/p>\n<p class=\"p1\">I vigneti sono perfettamente situati &#8211; si trovano a un&#8217;altitudine di 350 metri sul livello del mare, circondati da foreste e godono di un&#8217;esposizione a sud, con il fiume Pesa che scorre a poche centinaia di metri pi\u00f9 i basso. Questi fattori contribuiscono al microclima unico del Monte Bernardi.<\/p>\n","protected":false},"excerpt":{"rendered":"<p>Il Monte Bernardi Sangio&#8217; Chianti Classico \u00e8 un espressione dei terreni e del microclima dei vigneti selezionati nelle alte colline [&hellip;]<\/p>\n","protected":false},"featured_media":7161,"template":"","meta":[],"product_brand":[],"product_cat":[16,17],"product_tag":[18,53,31,28,22],"class_list":{"0":"post-7160","1":"product","2":"type-product","3":"status-publish","4":"has-post-thumbnail","6":"product_cat-bere","7":"product_cat-vini-rossi","8":"product_tag-chianti-classico","9":"product_tag-monte-bernardi","10":"product_tag-portami-in-chianti","11":"product_tag-produttore-artigianale","12":"product_tag-vino-biologico","13":"pa_categorie-speciali-portami-in-chianti","14":"pa_categorie-speciali-vino-biologico","15":"pa_chianti-classico-vini-di-panzano","16":"pa_etichette-porciatti-produttori-artigianali","17":"pa_etichette-porciatti-vino-biologico","18":"pa_produttore-monte-bernardi","20":"first","21":"instock","22":"shipping-taxable","23":"purchasable","24":"product-type-simple"},"acf":[],"_links":{"self":[{"href":"https:\/\/casaporciatti.it\/shop\/wp-json\/wp\/v2\/product\/7160","targetHints":{"allow":["GET"]}}],"collection":[{"href":"https:\/\/casaporciatti.it\/shop\/wp-json\/wp\/v2\/product"}],"about":[{"href":"https:\/\/casaporciatti.it\/shop\/wp-json\/wp\/v2\/types\/product"}],"wp:featuredmedia":[{"embeddable":true,"href":"https:\/\/casaporciatti.it\/shop\/wp-json\/wp\/v2\/media\/7161"}],"wp:attachment":[{"href":"https:\/\/casaporciatti.it\/shop\/wp-json\/wp\/v2\/media?parent=7160"}],"wp:term":[{"taxonomy":"product_brand","embeddable":true,"href":"https:\/\/casaporciatti.it\/shop\/wp-json\/wp\/v2\/product_brand?post=7160"},{"taxonomy":"product_cat","embeddable":true,"href":"https:\/\/casaporciatti.it\/shop\/wp-json\/wp\/v2\/product_cat?post=7160"},{"taxonomy":"product_tag","embeddable":true,"href":"https:\/\/casaporciatti.it\/shop\/wp-json\/wp\/v2\/product_tag?post=7160"}],"curies":[{"name":"wp","href":"https:\/\/api.w.org\/{rel}","templated":true}]}}