{"id":7154,"date":"2023-02-14T17:31:00","date_gmt":"2023-02-14T16:31:00","guid":{"rendered":"https:\/\/casaporciatti.it\/shop\/prodotto\/charles-heidsieck-champagne-blanc-de-blanc-s-a\/"},"modified":"2023-03-16T11:52:50","modified_gmt":"2023-03-16T10:52:50","slug":"charles-heidsieck-champagne-blanc-de-blanc-s-a","status":"publish","type":"product","link":"https:\/\/casaporciatti.it\/shop\/prodotto\/charles-heidsieck-champagne-blanc-de-blanc-s-a\/","title":{"rendered":"Charles Heidsieck Champagne Blanc de Blanc S.A."},"content":{"rendered":"<p>Lo Champagne <strong>Charles Heidsieck Blanc de Blanc<\/strong> combina la freschezza degli Chardonnay con lo stile gourmet della casa di Reims.<\/p>\n<p>Un matrimonio tra l&#8217;80% di vini dell&#8217;annata e il 20% di vini di riserva. E&#8217; una cuv\u00e9e che raggiunge l&#8217;impresa di riunire gli opposti: la tensione e la freschezza dei giovani Chardonnay da un lato, e la patina setosa e &#8220;Charles Heidsieck&#8221; dall&#8217;altra.<\/p>\n<p>Il blend di Blanc de Blancs Charles Heidsieck \u00e8 composto da Chardonnay dei terroir di Oger e Vertus (C\u00f4te des Blancs), Villers-Marmery, Tr\u00e9pail, Vaudemange e Montgueux.<\/p>\n<p>\u00c8 una cuv\u00e9e che affina 4 anni nelle cantine di casa e che viene dosata a Brut (10g \/ l).<\/p>\n<p>Il Blanc de Blancs Charles Heidsieck ha un colore oro pallido con riflessi verdi.<\/p>\n<p>Al naso \u00e8 uno champagne che offre note di pesca, agrumi canditi, \u00a0fiori di tiglio, caprifoglio e nocciole fresche. Al seguire sottili aromi di mandarino e limone.<\/p>\n<p>Al palato, il Blanc de Blancs Charles Heidsieck offre un attacco franco, puro, soave con un tocco cremoso e setoso. Il finale equilibrato sorprende per la sua mineralit\u00e0 e il suo lato salato.<\/p>\n","protected":false},"excerpt":{"rendered":"<p>Lo Champagne Charles Heidsieck Blanc de Blanc combina la freschezza degli Chardonnay con lo stile gourmet della casa di Reims. [&hellip;]<\/p>\n","protected":false},"featured_media":7155,"template":"","meta":[],"product_brand":[],"product_cat":[16,281],"product_tag":[287,357,211],"class_list":{"0":"post-7154","1":"product","2":"type-product","3":"status-publish","4":"has-post-thumbnail","6":"product_cat-bere","7":"product_cat-vini-spumanti","8":"product_tag-champagne","9":"product_tag-charles-heidsieck","10":"product_tag-vini-per-le-feste","11":"pa_categorie-speciali-vini-per-le-feste","12":"pa_categorie-speciali-vini-pregiati-e-rari","13":"pa_produttore-charles-heidsieck","15":"first","16":"outofstock","17":"shipping-taxable","18":"purchasable","19":"product-type-simple"},"acf":[],"_links":{"self":[{"href":"https:\/\/casaporciatti.it\/shop\/wp-json\/wp\/v2\/product\/7154","targetHints":{"allow":["GET"]}}],"collection":[{"href":"https:\/\/casaporciatti.it\/shop\/wp-json\/wp\/v2\/product"}],"about":[{"href":"https:\/\/casaporciatti.it\/shop\/wp-json\/wp\/v2\/types\/product"}],"wp:featuredmedia":[{"embeddable":true,"href":"https:\/\/casaporciatti.it\/shop\/wp-json\/wp\/v2\/media\/7155"}],"wp:attachment":[{"href":"https:\/\/casaporciatti.it\/shop\/wp-json\/wp\/v2\/media?parent=7154"}],"wp:term":[{"taxonomy":"product_brand","embeddable":true,"href":"https:\/\/casaporciatti.it\/shop\/wp-json\/wp\/v2\/product_brand?post=7154"},{"taxonomy":"product_cat","embeddable":true,"href":"https:\/\/casaporciatti.it\/shop\/wp-json\/wp\/v2\/product_cat?post=7154"},{"taxonomy":"product_tag","embeddable":true,"href":"https:\/\/casaporciatti.it\/shop\/wp-json\/wp\/v2\/product_tag?post=7154"}],"curies":[{"name":"wp","href":"https:\/\/api.w.org\/{rel}","templated":true}]}}