{"id":7151,"date":"2023-02-14T17:30:45","date_gmt":"2023-02-14T16:30:45","guid":{"rendered":"https:\/\/casaporciatti.it\/shop\/prodotto\/charles-heidsieck-champagne-brut-reserve\/"},"modified":"2023-03-16T11:52:47","modified_gmt":"2023-03-16T10:52:47","slug":"charles-heidsieck-champagne-brut-reserve","status":"publish","type":"product","link":"https:\/\/casaporciatti.it\/shop\/prodotto\/charles-heidsieck-champagne-brut-reserve\/","title":{"rendered":"Charles Heidsieck Champagne Brut R\u00e9serve"},"content":{"rendered":"<p>Lo Champagne Charles Heidsieck Brut R\u00e9serve\u00a0\u00e8 una vera rivoluzione nella storia della maison.<\/p>\n<p>Si tratta di una cuv\u00e9e che sostituisce il vecchio Brut R\u00e9serve con un blend di 60 cru dell&#8217;annata a cui si aggiungono vini di riserva con un&#8217;et\u00e0 media di 10 anni e che rappresentano il 40% del vino.<\/p>\n<p>Questa significativa presenza di vini di vendemmie precedenti e un invecchiamento di 8 anni nelle cantine Charles Heidsieck conferiscono al Brut R\u00e9serve uno stile assolutamente unico e inimitabile.<\/p>\n<p>Il Brut R\u00e9serve Charles Heidsieck ha un colore dorato intenso e profondo e una bollicina finissima.<\/p>\n<p>E&#8217; una cuv\u00e9e che offre un naso sorprendente e unico, mescolando caff\u00e8 tostato, brioche e pasticcini, ma anche un tocco di mango maturo, albicocca e frutta secca.<\/p>\n<p>Al palato, il Brut R\u00e9serve si rivela pienamente: preciso, dal tocco elegante e ricco.<\/p>\n<p>Si tratta di una cuv\u00e9e di grande bevibilit\u00e0, cremosa, che termina con un finale pralinato e vanigliato.<\/p>\n","protected":false},"excerpt":{"rendered":"<p>Lo Champagne Charles Heidsieck Brut R\u00e9serve\u00a0\u00e8 una vera rivoluzione nella storia della maison. Si tratta di una cuv\u00e9e che sostituisce [&hellip;]<\/p>\n","protected":false},"featured_media":7152,"template":"","meta":[],"product_brand":[],"product_cat":[16,281],"product_tag":[287,357,211],"class_list":{"0":"post-7151","1":"product","2":"type-product","3":"status-publish","4":"has-post-thumbnail","6":"product_cat-bere","7":"product_cat-vini-spumanti","8":"product_tag-champagne","9":"product_tag-charles-heidsieck","10":"product_tag-vini-per-le-feste","11":"pa_categorie-speciali-vini-per-le-feste","12":"pa_produttore-charles-heidsieck","14":"first","15":"outofstock","16":"shipping-taxable","17":"purchasable","18":"product-type-simple"},"acf":[],"_links":{"self":[{"href":"https:\/\/casaporciatti.it\/shop\/wp-json\/wp\/v2\/product\/7151","targetHints":{"allow":["GET"]}}],"collection":[{"href":"https:\/\/casaporciatti.it\/shop\/wp-json\/wp\/v2\/product"}],"about":[{"href":"https:\/\/casaporciatti.it\/shop\/wp-json\/wp\/v2\/types\/product"}],"wp:featuredmedia":[{"embeddable":true,"href":"https:\/\/casaporciatti.it\/shop\/wp-json\/wp\/v2\/media\/7152"}],"wp:attachment":[{"href":"https:\/\/casaporciatti.it\/shop\/wp-json\/wp\/v2\/media?parent=7151"}],"wp:term":[{"taxonomy":"product_brand","embeddable":true,"href":"https:\/\/casaporciatti.it\/shop\/wp-json\/wp\/v2\/product_brand?post=7151"},{"taxonomy":"product_cat","embeddable":true,"href":"https:\/\/casaporciatti.it\/shop\/wp-json\/wp\/v2\/product_cat?post=7151"},{"taxonomy":"product_tag","embeddable":true,"href":"https:\/\/casaporciatti.it\/shop\/wp-json\/wp\/v2\/product_tag?post=7151"}],"curies":[{"name":"wp","href":"https:\/\/api.w.org\/{rel}","templated":true}]}}