{"id":7105,"date":"2023-02-14T17:30:45","date_gmt":"2023-02-14T16:30:45","guid":{"rendered":"https:\/\/casaporciatti.it\/shop\/prodotto\/marie-noelle-ledru-champagne-extra-brut-grand-cru-s-a\/"},"modified":"2023-03-16T11:52:38","modified_gmt":"2023-03-16T10:52:38","slug":"marie-noelle-ledru-champagne-extra-brut-grand-cru-s-a","status":"publish","type":"product","link":"https:\/\/casaporciatti.it\/shop\/prodotto\/marie-noelle-ledru-champagne-extra-brut-grand-cru-s-a\/","title":{"rendered":"Marie-Noelle Ledru Champagne Extra Brut Grand Cru, s.a."},"content":{"rendered":"<p>Lo\u00a0Champagne Extra Brut Grand Cru di\u00a0Marie-Noelle Ledru\u00a0esprime un invitante bouquet di miele, pera, noci tostate e praline, seguito da un palato pieno, morbido, ben concentrato e preciso, con fine profondit\u00e0 al centro e fondo gessoso.\u00a0La mousse \u00e8 elegante. Magistralmente equilibrato, sar\u00e0 ancora meglio con un certo affinamento in bottiglia.<\/p>\n<p>Mentre gran parte dell&#8217;entusiasmo riservato ai piccoli r\u00e9coltant della Champagne \u00e8 generato da giovani star, alcuni dei pi\u00f9 grandi Champagne de terroir provengono dalla viticultrice vecchia scuola Marie-N\u00f6elle Ledru, che si \u00e8 ritirata con l&#8217;annata 2016 dopo pi\u00f9 di trent&#8217;anni di creazione di magistrali Champagne.<\/p>\n<p>Le cuv\u00e9e di Ledru sono molto ambite dagli appassionati di Champagne per la chiarezza con cui esprimono la potenza e la finezza del Pinot Noir proveniente da uno dei pi\u00f9 grandi terroir della regione, il villaggio Grand Cru di Ambonnay sul versante meridionale della Montagne de Reims.<\/p>\n<p>Ma la produzione di Marie-N\u00f6elle gi\u00e0 microscopica, con il suo ritiro, ha reso le sue cuv\u00e9e ancora pi\u00f9 difficili da trovare. .<\/p>\n<p>Ledru ha sempre lavorato da sola, tradizionalmente e su piccola scala, curando la sua terra con naturalezza e producendo vini in modo semplice e classico, il tutto per l&#8217;articolazione pi\u00f9 pura di un grande terroir. Non c&#8217;\u00e8 da stupirsi che sia diventata un faro per coloro che apprezzano gli champagne che catturano l&#8217;anima della loro regione, villaggio e vigneto.<\/p>\n<p>Marie-N\u00f6elle Ledru discende da quattro generazioni di vignerons che lavorano la terra sulla Montagne de Reims meridionale. La famiglia ha mostrato un raro coraggio nell&#8217;operare da sola come produttore indipendente di Champagne dai propri vigneti dal 1946, in un momento in cui lo Champagne era interamente dominato dalle grandes marques.<\/p>\n<p>Marie-N\u00f6elle ha preso le redini nel 1984 e, per trentadue anni, ha modellato Champagne che esprimono perfettamente la grande finezza, complessit\u00e0 aromatica e struttura morbida di Ambonnay. Se Egly-Ouriet \u00e8 il re di Ambonnay, allora Ledru era sicuramente la sua regina.<\/p>\n<p>E lo ha fatto a modo suo, seguendo le orme dei suoi antenati, svolgendo da sola tutti i compiti senza compromessi. Le sue viti, 85% Pinot Noir e 15% Chardonnnay, di et\u00e0 media di 40 anni, e situate nel miglior terroir di Ambonnay &#8211; i pendii ripidi e molto calcarei esposti a sud-est sopra il villaggio &#8211; sono curate nel modo pi\u00f9 naturale possibile, senza erbicidi o pesticidi.<\/p>\n<p>Nella sua minuscola cantina, l&#8217;approccio di Ledru \u00e8 altrettanto semplice e naturale. La fermentazione avvine in vasche di acciaio inox ed i vini completano sempre la malolattica. Marie-N\u00f6elle non ha mai utilizzato la filtrazione o la stabilizzazione a freddo e ha permesso alle cuv\u00e9e vintage di svilupparsi per cinque anni sui lieviti.<\/p>\n","protected":false},"excerpt":{"rendered":"<p>Lo\u00a0Champagne Extra Brut Grand Cru di\u00a0Marie-Noelle Ledru\u00a0esprime un invitante bouquet di miele, pera, noci tostate e praline, seguito da un [&hellip;]<\/p>\n","protected":false},"featured_media":7106,"template":"","meta":[],"product_brand":[],"product_cat":[16,281],"product_tag":[287,349],"class_list":{"0":"post-7105","1":"product","2":"type-product","3":"status-publish","4":"has-post-thumbnail","6":"product_cat-bere","7":"product_cat-vini-spumanti","8":"product_tag-champagne","9":"product_tag-marie-noelle-ledru","10":"pa_produttore-marie-noelle-ledru","12":"first","13":"outofstock","14":"shipping-taxable","15":"purchasable","16":"product-type-simple"},"acf":[],"_links":{"self":[{"href":"https:\/\/casaporciatti.it\/shop\/wp-json\/wp\/v2\/product\/7105","targetHints":{"allow":["GET"]}}],"collection":[{"href":"https:\/\/casaporciatti.it\/shop\/wp-json\/wp\/v2\/product"}],"about":[{"href":"https:\/\/casaporciatti.it\/shop\/wp-json\/wp\/v2\/types\/product"}],"wp:featuredmedia":[{"embeddable":true,"href":"https:\/\/casaporciatti.it\/shop\/wp-json\/wp\/v2\/media\/7106"}],"wp:attachment":[{"href":"https:\/\/casaporciatti.it\/shop\/wp-json\/wp\/v2\/media?parent=7105"}],"wp:term":[{"taxonomy":"product_brand","embeddable":true,"href":"https:\/\/casaporciatti.it\/shop\/wp-json\/wp\/v2\/product_brand?post=7105"},{"taxonomy":"product_cat","embeddable":true,"href":"https:\/\/casaporciatti.it\/shop\/wp-json\/wp\/v2\/product_cat?post=7105"},{"taxonomy":"product_tag","embeddable":true,"href":"https:\/\/casaporciatti.it\/shop\/wp-json\/wp\/v2\/product_tag?post=7105"}],"curies":[{"name":"wp","href":"https:\/\/api.w.org\/{rel}","templated":true}]}}