{"id":7070,"date":"2023-02-14T17:30:32","date_gmt":"2023-02-14T16:30:32","guid":{"rendered":"https:\/\/casaporciatti.it\/shop\/prodotto\/emidio-pepe-pecorino-2018\/"},"modified":"2024-05-06T14:35:33","modified_gmt":"2024-05-06T12:35:33","slug":"emidio-pepe-pecorino-2021","status":"publish","type":"product","link":"https:\/\/casaporciatti.it\/shop\/prodotto\/emidio-pepe-pecorino-2021\/","title":{"rendered":"EMIDIO PEPE Pecorino 2021"},"content":{"rendered":"<p>Emidio Pepe Pecorino 2021 si presenta nel bicchiere con un colore giallo intenso. Agrumi freschi e mela al naso e in bocca. Profondo e saporito, mostra una qualit\u00e0 multiforme. L&#8217;acidit\u00e0 del pecorino \u00e8 evidente al palato nonostante la malolattica. Finale lungo e vibrante, di ottima succosit\u00e0.<\/p>\n<p>Emidio Pepe \u00e8 un produttore singolare che crea rossi e bianchi e rosati straordinariamente complessi, degni di invecchiamento in Abruzzo. La famiglia produce\u00a0 vini dalla fine del XIX secolo, il processo di vinificazione \u00e8 rimasto filosoficamente immutato!<\/p>\n<p>I vigneti di Pepe si trovano nella provincia settentrionale di Teramo, con suoli ricchi di argilla e calcare. Infatti i primi 40 centimetri dei terreni sono argillosi ma sotto \u00e8\u00a0 presente roccia calcarea solida. Il Trebbiano viene calpestato in tini di legno per due ragioni: per evitare il contatto tra le presse di ferro e gli acidi del frutto e anche per la complessit\u00e0 materica risultante nella sottile macerazione che avviene quando le bucce calpestate cedono le loro caratteristiche al succo. I vini bianchi che ne derivano sono leggermente dorati, ben equilibrati e complessi, con sentori di frutta secca, fieno e frutti gialli. Il Montepulciano ha poca relazione con la maggior parte degli altri vini di questa denominazione; sono grandi, audaci e pieni dei sapori intensi di amarene essiccate, liquirizia ed erbe selvatiche.<\/p>\n<p>Il regime di vinificazione al Pepe segue un percorso super naturale e artigianale. Le uve sono coltivate in modo biodinamico, raccolte a mano, diraspate a mano, fermentate con lieviti spontanei e invecchiate 18-24 mesi in vasche di cemento vetrificato. I vini vengono imbottigliati non filtrati e affinati nella loro cantina in bottiglia per un continuo sviluppo. Prima della commercializzazione, le bottiglie di Montepulciano di almeno 10 anni vengono travasate a mano in bottiglie nuove ed etichettate. In cantina \u00e8 conservato un ampio stock di annate pi\u00f9 vecchie.<\/p>\n<p>&nbsp;<\/p>\n<p>&nbsp;<\/p>\n","protected":false},"excerpt":{"rendered":"<p>Emidio Pepe Pecorino 2021 si presenta nel bicchiere con un colore giallo intenso. Agrumi freschi e mela al naso e [&hellip;]<\/p>\n","protected":false},"featured_media":7071,"template":"","meta":[],"product_brand":[],"product_cat":[16,182],"product_tag":[321],"class_list":{"0":"post-7070","1":"product","2":"type-product","3":"status-publish","4":"has-post-thumbnail","6":"product_cat-bere","7":"product_cat-vini-bianchi","8":"product_tag-emidio-pepe","9":"pa_produttore-emidio-pepe","11":"first","12":"outofstock","13":"shipping-taxable","14":"purchasable","15":"product-type-simple"},"acf":[],"_links":{"self":[{"href":"https:\/\/casaporciatti.it\/shop\/wp-json\/wp\/v2\/product\/7070","targetHints":{"allow":["GET"]}}],"collection":[{"href":"https:\/\/casaporciatti.it\/shop\/wp-json\/wp\/v2\/product"}],"about":[{"href":"https:\/\/casaporciatti.it\/shop\/wp-json\/wp\/v2\/types\/product"}],"wp:featuredmedia":[{"embeddable":true,"href":"https:\/\/casaporciatti.it\/shop\/wp-json\/wp\/v2\/media\/7071"}],"wp:attachment":[{"href":"https:\/\/casaporciatti.it\/shop\/wp-json\/wp\/v2\/media?parent=7070"}],"wp:term":[{"taxonomy":"product_brand","embeddable":true,"href":"https:\/\/casaporciatti.it\/shop\/wp-json\/wp\/v2\/product_brand?post=7070"},{"taxonomy":"product_cat","embeddable":true,"href":"https:\/\/casaporciatti.it\/shop\/wp-json\/wp\/v2\/product_cat?post=7070"},{"taxonomy":"product_tag","embeddable":true,"href":"https:\/\/casaporciatti.it\/shop\/wp-json\/wp\/v2\/product_tag?post=7070"}],"curies":[{"name":"wp","href":"https:\/\/api.w.org\/{rel}","templated":true}]}}