{"id":7048,"date":"2023-02-14T17:30:32","date_gmt":"2023-02-14T16:30:32","guid":{"rendered":"https:\/\/casaporciatti.it\/shop\/prodotto\/g-d-vajra-langhe-freisa-kye-2016\/"},"modified":"2023-03-16T11:52:24","modified_gmt":"2023-03-16T10:52:24","slug":"g-d-vajra-langhe-freisa-kye-2016","status":"publish","type":"product","link":"https:\/\/casaporciatti.it\/shop\/prodotto\/g-d-vajra-langhe-freisa-kye-2016\/","title":{"rendered":"G.D. VAJRA  Langhe Freisa Ky\u00e8 2016"},"content":{"rendered":"<p>Il Langhe Freisa Ky\u00e8 2016 prende il nome da &#8220;chi \u00e8?&#8221; , sottolineando un po&#8217; il mistero e il fascino che circonda quest&#8217;uva autoctona. La variet\u00e0 Freisa \u00e8 una delle preferite dai locali, ma \u00e8 relativamente sconosciuta al di fuori del Piemonte. Questa espressione di G.D. Vajra si apre con un colore piacevolmente saturo dai riflessi rubino scuro\/granato. Il profumo offre sentori di amarena, frutta scura, spezie e pepe bianco. La nota fruttata \u00e8\u00a0 protagonista cos\u00ec come la sua freschezza. L&#8217;uva proviene dai vigneti impiantati pi\u00f9 vicini alla cantina nella parte bassa del Bricco delle Viole. Il vino fermenta in acciaio inox\u00a0 ed \u00e8 affinato in grandi botti di rovere di Slavonia per 26 mesi. A maggio 2020 sono state rilasciate solo 6.000 bottiglie.<\/p>\n<p>G.D. Vajra \u00e8 stata fondata nel 1972 e prende il nome dal padre di Aldo, Giuseppe Domenico Vajra. Aldo ha progressivamente aumentato l&#8217;area vitata a 60 ettari, di cui 10 Nebbiolo destinati alla produzione di Barolo, situati in punti strategici come Bricco delle Viole, Fossati, La Volta e Coste di Vergne. Aldo adotta una vinificazione tradizionale, ma allo stesso tempo si avvale delle moderne tecnologie, come la fermentazione a temperatura controllata, per produrre vini puliti ed eleganti.<\/p>\n","protected":false},"excerpt":{"rendered":"<p>Il Langhe Freisa Ky\u00e8 2016 prende il nome da &#8220;chi \u00e8?&#8221; , sottolineando un po&#8217; il mistero e il fascino [&hellip;]<\/p>\n","protected":false},"featured_media":7049,"template":"","meta":[],"product_brand":[],"product_cat":[16,17],"product_tag":[339,153],"class_list":{"0":"post-7048","1":"product","2":"type-product","3":"status-publish","4":"has-post-thumbnail","6":"product_cat-bere","7":"product_cat-vini-rossi","8":"product_tag-freisa","9":"product_tag-g-d-vajra","10":"pa_produttore-g-d-vajra","12":"first","13":"outofstock","14":"shipping-taxable","15":"purchasable","16":"product-type-simple"},"acf":[],"_links":{"self":[{"href":"https:\/\/casaporciatti.it\/shop\/wp-json\/wp\/v2\/product\/7048","targetHints":{"allow":["GET"]}}],"collection":[{"href":"https:\/\/casaporciatti.it\/shop\/wp-json\/wp\/v2\/product"}],"about":[{"href":"https:\/\/casaporciatti.it\/shop\/wp-json\/wp\/v2\/types\/product"}],"wp:featuredmedia":[{"embeddable":true,"href":"https:\/\/casaporciatti.it\/shop\/wp-json\/wp\/v2\/media\/7049"}],"wp:attachment":[{"href":"https:\/\/casaporciatti.it\/shop\/wp-json\/wp\/v2\/media?parent=7048"}],"wp:term":[{"taxonomy":"product_brand","embeddable":true,"href":"https:\/\/casaporciatti.it\/shop\/wp-json\/wp\/v2\/product_brand?post=7048"},{"taxonomy":"product_cat","embeddable":true,"href":"https:\/\/casaporciatti.it\/shop\/wp-json\/wp\/v2\/product_cat?post=7048"},{"taxonomy":"product_tag","embeddable":true,"href":"https:\/\/casaporciatti.it\/shop\/wp-json\/wp\/v2\/product_tag?post=7048"}],"curies":[{"name":"wp","href":"https:\/\/api.w.org\/{rel}","templated":true}]}}