{"id":7039,"date":"2023-02-14T17:30:19","date_gmt":"2023-02-14T16:30:19","guid":{"rendered":"https:\/\/casaporciatti.it\/shop\/prodotto\/selvapiana-bucerchiale-chianti-rufina-riserva-2019\/"},"modified":"2024-12-13T18:25:13","modified_gmt":"2024-12-13T17:25:13","slug":"selvapiana-bucerchiale-chianti-rufina-riserva-2020","status":"publish","type":"product","link":"https:\/\/casaporciatti.it\/shop\/prodotto\/selvapiana-bucerchiale-chianti-rufina-riserva-2020\/","title":{"rendered":"SELVAPIANA BUCERCHIALE Chianti Rufina Riserva 2020"},"content":{"rendered":"<p>Il Bucerchiale 2020 \u00e8 il vino di punta di Selvapiana, un Chianti Rufina Riserva prodotto dalle uve del miglior vigneto della tenuta, il Bucerchiale. Francesco Giuntini, in collaborazione con il giovane enologo Franco Bernabei alla sua seconda annata a Selvapiana, ha creato questo vino speciale per essere un punto di riferimento di lungo invecchiamento del migior Sangiovese di R\u00f9fina e Selvapiana.<\/p>\n<p>Il vino non \u00e8 un blend, come \u00e8 normale con il Chianti, ma piuttosto \u00e8 un Sangiovese in purezza. Prodotto per la prima volta nel 1979, il Bucerchiale viene imbottigliato solo nelle migliori annate.<\/p>\n<p>Il Selvapiana Bucerchiale Riserva Chianti Rufina \u00e8 un&#8217;espressione generosa ed esuberante del Sangiovese che rimane sempre fedele alle sue radici tradizionali e legate al territorio. Questo vino parla con una lingua toscana, dando voce a frutti di bosco, tartufo e aromi di erbe mediterranee. Il finale \u00e8 fruttato con una struttura elegante e una fresca acidit\u00e0.<\/p>\n<p>Selvapiana \u00e8 tra le due dozzine di viticoltori pi\u00f9 conosciute e rispettate della R\u00f9fina &#8211; la pi\u00f9 piccola sottozona del Chianti. La cantina Selvapiana, come tutto il Chianti R\u00f9fina, si trova a ridosso del fiume Sieve, affluente dell&#8217;Arno a monte di Firenze. L&#8217;aria \u00e8 pi\u00f9 fresca e pulita qui che in citt\u00e0, motivo per cui queste colline sono state a lungo un rifugio per gli aristocratici in fuga dalla calura estiva di Firenze. Durante il Rinascimento, una nobile famiglia fiorentina costru\u00ec la residenza Selvapiana ingrandendo una torre di avvistamento medievale che era uno degli avamposti a guardia di Firenze dagli invasori nemici.<\/p>\n<p>e.<\/p>\n","protected":false},"excerpt":{"rendered":"<p>Il Bucerchiale 2020 \u00e8 il vino di punta di Selvapiana, un Chianti Rufina Riserva prodotto dalle uve del miglior vigneto [&hellip;]<\/p>\n","protected":false},"featured_media":7040,"template":"","meta":[],"product_brand":[],"product_cat":[16,17],"product_tag":[335,336],"class_list":{"0":"post-7039","1":"product","2":"type-product","3":"status-publish","4":"has-post-thumbnail","6":"product_cat-bere","7":"product_cat-vini-rossi","8":"product_tag-chianti-rufina","9":"product_tag-selvapiana","10":"pa_produttore-selvapiana","12":"first","13":"instock","14":"shipping-taxable","15":"purchasable","16":"product-type-simple"},"acf":[],"_links":{"self":[{"href":"https:\/\/casaporciatti.it\/shop\/wp-json\/wp\/v2\/product\/7039","targetHints":{"allow":["GET"]}}],"collection":[{"href":"https:\/\/casaporciatti.it\/shop\/wp-json\/wp\/v2\/product"}],"about":[{"href":"https:\/\/casaporciatti.it\/shop\/wp-json\/wp\/v2\/types\/product"}],"wp:featuredmedia":[{"embeddable":true,"href":"https:\/\/casaporciatti.it\/shop\/wp-json\/wp\/v2\/media\/7040"}],"wp:attachment":[{"href":"https:\/\/casaporciatti.it\/shop\/wp-json\/wp\/v2\/media?parent=7039"}],"wp:term":[{"taxonomy":"product_brand","embeddable":true,"href":"https:\/\/casaporciatti.it\/shop\/wp-json\/wp\/v2\/product_brand?post=7039"},{"taxonomy":"product_cat","embeddable":true,"href":"https:\/\/casaporciatti.it\/shop\/wp-json\/wp\/v2\/product_cat?post=7039"},{"taxonomy":"product_tag","embeddable":true,"href":"https:\/\/casaporciatti.it\/shop\/wp-json\/wp\/v2\/product_tag?post=7039"}],"curies":[{"name":"wp","href":"https:\/\/api.w.org\/{rel}","templated":true}]}}