{"id":7036,"date":"2023-02-14T17:30:19","date_gmt":"2023-02-14T16:30:19","guid":{"rendered":"https:\/\/casaporciatti.it\/shop\/prodotto\/benoit-lahaye-champagne-blanc-de-noirs\/"},"modified":"2025-10-28T13:39:38","modified_gmt":"2025-10-28T12:39:38","slug":"benoit-lahaye-champagne-blanc-de-noirs","status":"publish","type":"product","link":"https:\/\/casaporciatti.it\/shop\/prodotto\/benoit-lahaye-champagne-blanc-de-noirs\/","title":{"rendered":"BENOIT LAHAYE CHAMPAGNE BLANC DE NOIRS"},"content":{"rendered":"<p>Lo\u00a0Champagne Blanc de Noirs di Benoit Lahaye mostra una bella purezza e freschezza al naso. A base di Pinot Nero, \u00e8 questa una cuv\u00e9e di corpo, con una certa rotondit\u00e0, fruttata, elegante e finemente piena. In bocca il vino \u00e8 fresco e con una bel finale persistente.<\/p>\n<p>Benoit Lahaye \u00e8 prima di tutto un agricoltore e poi un enologo. Da quando ha rilevato l&#8217;azienda della sua famiglia nel 1993, ha avviato un percorso di gestione del vigneto che \u00e8 passato dall&#8217;assenza di uso di pesticidi, alla viticoltura biologica certificata e infine alla certificazione biodinamica. Questa \u00e8 tutt&#8217;altro che una transizione facile, poich\u00e9 l&#8217;estremo clima settentrionale della Champagne pu\u00f2 rendere molto difficile la viticoltura biodinamica. Infatti, i vigneti biologici certificati rappresentano solo l&#8217;1% circa della superficie totale.<\/p>\n<p>&#8220;Benoit Lahaye sta rapidamente diventando uno dei migliori produttori-coltivatori della Montagne de Reims&#8221;.<br \/>\n&#8211; PETER LIEM<\/p>\n<p>Benoit\u00a0Lahaye \u00e8 orgoglioso di condividere l&#8217;impatto positivo che la sua agricoltura ha avuto sui suoi champagne. Non solo ha scoperto che la maturit\u00e0 aumenta nel tempo, ma anche i livelli di acidit\u00e0 naturale. C&#8217;\u00e8 un senso di armonia e un&#8217;intensit\u00e0 che \u00e8 unica nei suoi vini. Con solo cinque ettari di vigneto non ne ce n&#8217;\u00e8 mai abbastanza.<\/p>\n","protected":false},"excerpt":{"rendered":"<p>Lo\u00a0Champagne Blanc de Noirs di Benoit Lahaye mostra una bella purezza e freschezza al naso. A base di Pinot Nero, [&hellip;]<\/p>\n","protected":false},"featured_media":7037,"template":"","meta":[],"product_brand":[],"product_cat":[16,281],"product_tag":[334,287,211],"class_list":{"0":"post-7036","1":"product","2":"type-product","3":"status-publish","4":"has-post-thumbnail","6":"product_cat-bere","7":"product_cat-vini-spumanti","8":"product_tag-benoit-lahaye","9":"product_tag-champagne","10":"product_tag-vini-per-le-feste","11":"pa_categorie-speciali-vini-per-lestate","12":"pa_produttore-benoit-lahaye","14":"first","15":"instock","16":"shipping-taxable","17":"purchasable","18":"product-type-simple"},"acf":[],"_links":{"self":[{"href":"https:\/\/casaporciatti.it\/shop\/wp-json\/wp\/v2\/product\/7036","targetHints":{"allow":["GET"]}}],"collection":[{"href":"https:\/\/casaporciatti.it\/shop\/wp-json\/wp\/v2\/product"}],"about":[{"href":"https:\/\/casaporciatti.it\/shop\/wp-json\/wp\/v2\/types\/product"}],"wp:featuredmedia":[{"embeddable":true,"href":"https:\/\/casaporciatti.it\/shop\/wp-json\/wp\/v2\/media\/7037"}],"wp:attachment":[{"href":"https:\/\/casaporciatti.it\/shop\/wp-json\/wp\/v2\/media?parent=7036"}],"wp:term":[{"taxonomy":"product_brand","embeddable":true,"href":"https:\/\/casaporciatti.it\/shop\/wp-json\/wp\/v2\/product_brand?post=7036"},{"taxonomy":"product_cat","embeddable":true,"href":"https:\/\/casaporciatti.it\/shop\/wp-json\/wp\/v2\/product_cat?post=7036"},{"taxonomy":"product_tag","embeddable":true,"href":"https:\/\/casaporciatti.it\/shop\/wp-json\/wp\/v2\/product_tag?post=7036"}],"curies":[{"name":"wp","href":"https:\/\/api.w.org\/{rel}","templated":true}]}}