{"id":7004,"date":"2023-02-14T17:30:19","date_gmt":"2023-02-14T16:30:19","guid":{"rendered":"https:\/\/casaporciatti.it\/shop\/prodotto\/masseto-verticale-masseto-2011-2016-cassa-legno-singola-per-bottiglia\/"},"modified":"2024-06-19T11:38:32","modified_gmt":"2024-06-19T09:38:32","slug":"masseto-verticale-masseto-2017-2020-cassa-legno-singola-per-bottiglia","status":"publish","type":"product","link":"https:\/\/casaporciatti.it\/shop\/prodotto\/masseto-verticale-masseto-2017-2020-cassa-legno-singola-per-bottiglia\/","title":{"rendered":"MASSETO, VERTICALE MASSETO 2017 &#8211; 2020 Cassa legno singola per bottiglia"},"content":{"rendered":"<p>Una Verticale Masseto pi\u00f9 unica che rara.\u00a0 Le annate rappresentate sono:<\/p>\n<p>2017 &#8211; 2018 &#8211; 2019 &#8211; 2020<\/p>\n<p>Ogni bottiglia conservata nella sua cassa singola originale in legno senza mai essere aperta.<\/p>\n<p>Amato dai collezionisti internazionali e dagli intenditori di vino di tutto il mondo, Masseto riceve costantemente i pi\u00f9 alti riconoscimenti dai pi\u00f9 prestigiosi critici di vino del mondo. \u00c8 il punto di riferimento del vino pregiato italiano, che dimostra costantemente eleganza, equilibrio e un eccellente potenziale di invecchiamento.<\/p>\n<p>La storia di Masseto risale ai primi anni &#8217;80, quando l&#8217;acclamato enologo russo-americano Andr\u00e9 Thcelicheff, primo consulente della tenuta, sugger\u00ec che il terroir della collina del Masseto, con la sua unica argilla grigia e blu, sarebbe particolarmente adatto alla piantagione del Merlot. Il nome Masseto, infatti, deriva dalla presenza dei massi di argilla sulla collina, duri come la roccia: \u201cmasso\u201d in italiano significa \u201croccia\u201d o \u201cmasso\u201d.<\/p>\n<p>Il vigneto \u00e8 stato impiantato sulla collina del Masseto perch\u00e9 aveva tutte le caratteristiche necessarie per dare vita ad un vino eccezionale, e tutti coloro che entrano a far parte del team aziendale, che si \u00e8 evoluto negli anni, si sono dedicati alla ricerca dell&#8217;eccellenza. I vignaioli del Masseto vivono letteralmente con le viti, di cui si prendono cura praticamente tutto l&#8217;anno. Hanno una profonda conoscenza delle differenze tra i tanti appezzamenti che compongono il mosaico del vigneto del Masseto, e con l&#8217;avvicinarsi della vendemmia, il team assaggia ripetutamente le uve per seguirne l&#8217;evoluzione e arrivare ad una decisione su misura per momento migliore per iniziare a raccogliere in una determinata trama. Come afferma il direttore della tenuta ed enologo Axel Heinz, &#8220;La regola \u00e8 molto semplice: il palato ha sempre l&#8217;ultima parola!&#8221;<\/p>\n<p>Masseto \u00e8 anche un importante ambasciatore della regione di Bolgheri, vicino alla costa toscana, dove si trova l&#8217;azienda: \u00e8 grazie a vini come il Masseto che il Bolgheri sta guadagnando riconoscimenti internazionali come una delle grandi regioni vinicole del mondo.<\/p>\n<p>&nbsp;<\/p>\n","protected":false},"excerpt":{"rendered":"<p>Una Verticale Masseto pi\u00f9 unica che rara.\u00a0 Le annate rappresentate sono: 2017 &#8211; 2018 &#8211; 2019 &#8211; 2020 Ogni bottiglia [&hellip;]<\/p>\n","protected":false},"featured_media":7005,"template":"","meta":[],"product_brand":[],"product_cat":[16,17],"product_tag":[98,326,327],"class_list":{"0":"post-7004","1":"product","2":"type-product","3":"status-publish","4":"has-post-thumbnail","6":"product_cat-bere","7":"product_cat-vini-rossi","8":"product_tag-bolgheri","9":"product_tag-masseto","10":"product_tag-tenuta-dell","11":"pa_categorie-speciali-vini-pregiati-e-rari","12":"pa_produttore-masseto","14":"first","15":"outofstock","16":"shipping-taxable","17":"purchasable","18":"product-type-simple"},"acf":[],"_links":{"self":[{"href":"https:\/\/casaporciatti.it\/shop\/wp-json\/wp\/v2\/product\/7004","targetHints":{"allow":["GET"]}}],"collection":[{"href":"https:\/\/casaporciatti.it\/shop\/wp-json\/wp\/v2\/product"}],"about":[{"href":"https:\/\/casaporciatti.it\/shop\/wp-json\/wp\/v2\/types\/product"}],"wp:featuredmedia":[{"embeddable":true,"href":"https:\/\/casaporciatti.it\/shop\/wp-json\/wp\/v2\/media\/7005"}],"wp:attachment":[{"href":"https:\/\/casaporciatti.it\/shop\/wp-json\/wp\/v2\/media?parent=7004"}],"wp:term":[{"taxonomy":"product_brand","embeddable":true,"href":"https:\/\/casaporciatti.it\/shop\/wp-json\/wp\/v2\/product_brand?post=7004"},{"taxonomy":"product_cat","embeddable":true,"href":"https:\/\/casaporciatti.it\/shop\/wp-json\/wp\/v2\/product_cat?post=7004"},{"taxonomy":"product_tag","embeddable":true,"href":"https:\/\/casaporciatti.it\/shop\/wp-json\/wp\/v2\/product_tag?post=7004"}],"curies":[{"name":"wp","href":"https:\/\/api.w.org\/{rel}","templated":true}]}}