{"id":6977,"date":"2023-02-14T17:30:07","date_gmt":"2023-02-14T16:30:07","guid":{"rendered":"https:\/\/casaporciatti.it\/shop\/prodotto\/le-ragnaie-fornace-brunello-di-montalcino-2013\/"},"modified":"2024-01-09T11:52:04","modified_gmt":"2024-01-09T10:52:04","slug":"le-ragnaie-fornace-brunello-di-montalcino-2019","status":"publish","type":"product","link":"https:\/\/casaporciatti.it\/shop\/prodotto\/le-ragnaie-fornace-brunello-di-montalcino-2019\/","title":{"rendered":"LE RAGNAIE FORNACE Brunello di Montalcino 2019"},"content":{"rendered":"<p>Le Ragnaie Brunello di Montalcino Fornace 2019 \u00e8 vino maestoso. Per questo ha bisogno di pi\u00f9 tempo per invecchiare e sicuramente beneficer\u00e0 di pi\u00f9 anni in cantina. Con il tempo, il vino acquisir\u00e0 un bouquet di frutti di bosco e toni terrosi ai quali seguir\u00e0 un perfetto equilibrio gustativo<\/p>\n<p><strong>Riccardo Campinoti<\/strong> pu\u00f2 contare su un parco vigneti di primo livello per i suoi <strong>Brunello di Montalcino<\/strong> de <strong>Le Ragnaie.<\/strong><\/p>\n<p>Situata su uno dei colli pi\u00f9 elevati di Montalcino, a 600 m slm sul cosiddetto Passo del Lume Spento, la cantina de Le Ragnaie possiede anche Vigna Fornace a Castelnuovo dell&#8217;Abate e Pietroso a ridosso del borgo.<\/p>\n<p>&nbsp;<\/p>\n","protected":false},"excerpt":{"rendered":"<p>Le Ragnaie Brunello di Montalcino Fornace 2019 \u00e8 vino maestoso. Per questo ha bisogno di pi\u00f9 tempo per invecchiare e [&hellip;]<\/p>\n","protected":false},"featured_media":6978,"template":"","meta":[],"product_brand":[],"product_cat":[16,17],"product_tag":[121,149],"class_list":{"0":"post-6977","1":"product","2":"type-product","3":"status-publish","4":"has-post-thumbnail","6":"product_cat-bere","7":"product_cat-vini-rossi","8":"product_tag-brunello-di-montalcino","9":"product_tag-le-ragnaie","10":"pa_categorie-speciali-brunello-di-montalcino","11":"pa_categorie-speciali-vini-pregiati-e-rari","12":"pa_etichette-porciatti-consigliato-da-riccardo","13":"pa_produttore-le-ragnaie","15":"first","16":"outofstock","17":"shipping-taxable","18":"purchasable","19":"product-type-simple"},"acf":[],"_links":{"self":[{"href":"https:\/\/casaporciatti.it\/shop\/wp-json\/wp\/v2\/product\/6977","targetHints":{"allow":["GET"]}}],"collection":[{"href":"https:\/\/casaporciatti.it\/shop\/wp-json\/wp\/v2\/product"}],"about":[{"href":"https:\/\/casaporciatti.it\/shop\/wp-json\/wp\/v2\/types\/product"}],"wp:featuredmedia":[{"embeddable":true,"href":"https:\/\/casaporciatti.it\/shop\/wp-json\/wp\/v2\/media\/6978"}],"wp:attachment":[{"href":"https:\/\/casaporciatti.it\/shop\/wp-json\/wp\/v2\/media?parent=6977"}],"wp:term":[{"taxonomy":"product_brand","embeddable":true,"href":"https:\/\/casaporciatti.it\/shop\/wp-json\/wp\/v2\/product_brand?post=6977"},{"taxonomy":"product_cat","embeddable":true,"href":"https:\/\/casaporciatti.it\/shop\/wp-json\/wp\/v2\/product_cat?post=6977"},{"taxonomy":"product_tag","embeddable":true,"href":"https:\/\/casaporciatti.it\/shop\/wp-json\/wp\/v2\/product_tag?post=6977"}],"curies":[{"name":"wp","href":"https:\/\/api.w.org\/{rel}","templated":true}]}}