{"id":6937,"date":"2023-02-14T17:29:51","date_gmt":"2023-02-14T16:29:51","guid":{"rendered":"https:\/\/casaporciatti.it\/shop\/prodotto\/benjamin-leroux-gevrey-chambertin-2019\/"},"modified":"2025-02-26T19:15:51","modified_gmt":"2025-02-26T18:15:51","slug":"benjamin-leroux-volnay-2020","status":"publish","type":"product","link":"https:\/\/casaporciatti.it\/shop\/prodotto\/benjamin-leroux-volnay-2020\/","title":{"rendered":"BENJAMIN LEROUX Volnay 2020"},"content":{"rendered":"<p>BENJAMIN LEROUX Volnay 2020 \u00e8 luminoso e vivido, quasi acuto con una grande freschezza in un anno cos\u00ec caldo. Mostra alcuni dei picchi qualitativi pi\u00f9 interessanti della denominazione. Solo il 20% di rovere nuovo e questo appena si avverte, con la purezza del frutto e il tocco leggero emergente di Leroux che risplende.<\/p>\n<p>Benjamin Leroux, si sussurra con toni riverenti, potrebbe benissimo succedere al ruolo di Henri Jayer come emblematico enologo della Borgogna. Nelle parole di Allen Meadows, Ben (ancora sui 40 anni) \u00e8 &#8220;estremamente premuroso. . . positivamente brillante. . . uno dei giovani enologi, se non il pi\u00f9 dotato, di tutta la Borgogna &#8220;.<\/p>\n<p>Gi\u00e0 r\u00e9gisseur presso il prestigioso Domaine des Epeneaux (Comte Armand), Benjamin Leroux crea vina non solo da alcuni dei suoi vigneti di propriet\u00e0, ma anche da coltivatori scrupolosamente selezionati con il loro obiettivo di crescere uva di alta qualit\u00e0. Esercita il massimo controllo sui coltivatori, insistendo (il pi\u00f9 possibile) su pratiche biologiche e biodinamiche. L&#8217;attenzione rimane sulla vite e sulle uve di alta qualit\u00e0 piuttosto che sulle denominazioni meramente prestigiose, sebbene ce ne siano, sicuramente, anche molte di queste nel suo catalogo<\/p>\n<p>Bench\u00e9 padroneggi gli elementi tecnici della vinificazione, Benjamin abbraccia\u00a0 una visione filosofica del suo mestiere e della sua arte. Sebbene segua i ritmi e le pratiche della biodinamica e ne evidenzi i benefici, insiste sul fatto che si tratta di un approccio filosofico e non di un dogma religioso. Di conseguenza devia da qualsiasi trattamento che sia in conflitto con la sua percezione di armonia con la natura. Evita quindi del tutto il rame, anche se \u00e8 consentito sia nella pratica biologica che in quella biodinamica. Allo stesso modo, Ben rimane indifferente al fatto che i suoi vini ottengano elogi e punteggi dalla critica. Piuttosto, insiste Ben, si sforza di produrre vini che, quando un gruppo di amici si siedono e aprono una bottiglia, ci sia un senso condiviso di bei tempi, una bonhomie.<\/p>\n","protected":false},"excerpt":{"rendered":"<p>BENJAMIN LEROUX Volnay 2020 \u00e8 luminoso e vivido, quasi acuto con una grande freschezza in un anno cos\u00ec caldo. Mostra [&hellip;]<\/p>\n","protected":false},"featured_media":11836,"template":"","meta":[],"product_brand":[],"product_cat":[16,17],"product_tag":[320,225],"class_list":{"0":"post-6937","1":"product","2":"type-product","3":"status-publish","4":"has-post-thumbnail","6":"product_cat-bere","7":"product_cat-vini-rossi","8":"product_tag-benjamin-leroux","9":"product_tag-borgogna","10":"pa_produttore-benjamin-leroux","12":"first","13":"instock","14":"shipping-taxable","15":"purchasable","16":"product-type-simple"},"acf":[],"_links":{"self":[{"href":"https:\/\/casaporciatti.it\/shop\/wp-json\/wp\/v2\/product\/6937","targetHints":{"allow":["GET"]}}],"collection":[{"href":"https:\/\/casaporciatti.it\/shop\/wp-json\/wp\/v2\/product"}],"about":[{"href":"https:\/\/casaporciatti.it\/shop\/wp-json\/wp\/v2\/types\/product"}],"wp:featuredmedia":[{"embeddable":true,"href":"https:\/\/casaporciatti.it\/shop\/wp-json\/wp\/v2\/media\/11836"}],"wp:attachment":[{"href":"https:\/\/casaporciatti.it\/shop\/wp-json\/wp\/v2\/media?parent=6937"}],"wp:term":[{"taxonomy":"product_brand","embeddable":true,"href":"https:\/\/casaporciatti.it\/shop\/wp-json\/wp\/v2\/product_brand?post=6937"},{"taxonomy":"product_cat","embeddable":true,"href":"https:\/\/casaporciatti.it\/shop\/wp-json\/wp\/v2\/product_cat?post=6937"},{"taxonomy":"product_tag","embeddable":true,"href":"https:\/\/casaporciatti.it\/shop\/wp-json\/wp\/v2\/product_tag?post=6937"}],"curies":[{"name":"wp","href":"https:\/\/api.w.org\/{rel}","templated":true}]}}