{"id":6929,"date":"2023-02-14T17:29:51","date_gmt":"2023-02-14T16:29:51","guid":{"rendered":"https:\/\/casaporciatti.it\/shop\/prodotto\/domaine-pascal-cotat-sancerre-la-grande-cote-2019\/"},"modified":"2025-07-10T10:54:27","modified_gmt":"2025-07-10T08:54:27","slug":"domaine-pascal-cotat-sancerre-la-grande-cote-2022","status":"publish","type":"product","link":"https:\/\/casaporciatti.it\/shop\/prodotto\/domaine-pascal-cotat-sancerre-la-grande-cote-2022\/","title":{"rendered":"DOMAINE PASCAL COTAT Sancerre La Grande C\u00f4te 2022"},"content":{"rendered":"<p>Da vigne di oltre 40 anni, su terreni Kimmeridgean, Sancerre La Grande C\u00f4te 2022 di Pascal Cotat offre al naso sentori di limone chiari e precisi. Molto complesso e rotondo al palato, \u00e8 vino molto complesso e davvero impressionante per ricchezza e precisione. \u00c8 ricco di corpo, ma mostra anche aromi rinfrescanti di uva spina e rivela un finale salato, oltre a un&#8217;ottima struttura. Capace di sfidare il tempo.<\/p>\n<p>Il Domaine Pascal Cotat \u00e8 un piccolo Domaine di 2,5 ettari.\u00a0 Vero esempio di \u201cvin de garage\u201d, essendo Pascal anche il proprietario del locale garage Peugeot a Sancerre! Questo domaine \u00e8 nato dopo che il governo francese ha stabilito che i &#8220;produttori indipendenti&#8221; non potevano pi\u00f9 vendere lo stesso vino con due etichette diverse. Tuttavia, il padre e lo zio di Pascal avevano fatto proprio questo, condividendo i vigneti e la cantina di famiglia per produrre vini che ciascuno di loro vendeva con la propria etichetta. Hanno deciso di utilizzare questa sentenza come un&#8217;opportunit\u00e0 per ritirarsi e consegnare la loro eredit\u00e0 ai rispettivi figli Pascal e Fran\u00e7ois, che hanno diviso i vigneti e avviato le proprie etichette. Di recente, Pascal si \u00e8 ulteriormente separato costruendo la sua nuova cantina a Sancerre.<\/p>\n<p>Pascal possiede 2 vigneti di Sauvignon Blanc a Chavignol (che \u00e8 all&#8217;interno del Sancerre AOC &#8211; alcuni produttori di Chavignol hanno cercato di ottenere una menzione a parte nell&#8217;AOC). Chavignol \u00e8 infatti gi\u00e0 famoso come AOC, ma per il formaggio &#8211; il &#8220;Crottin de Chavignol&#8221; \u00e8 un formaggio di capra che si trova bei piatti dei formaggi in tutti i migliori ristoranti francesi ed \u00e8 uno dei migliori abbinamenti con i vini di Pascal.<\/p>\n<p>Il vigneto Grande C\u00f4te \u00e8 un vigneto di 60 anni, 1 ettaro su un ripido pendio esposto a nord (30%). I terreni sono molto ricchi di argilla. \u00c8 interamente di propriet\u00e0 di Pascal e Fran\u00e7ois Cotat e il nome \u00e8 stato registrato come marchio.<\/p>\n<p>Il vigneto Monts Damn\u00e9s \u00e8 un famoso lieu-dit a Chavignol &#8211; alcuni altri rinomati produttori di Sancerre possiedono anche alcune parcelle all&#8217;interno di questo vigneto. Il terreno di propriet\u00e0 di Pascal \u00e8 di 1,5 ettari nei terreni pi\u00f9 alti, anch&#8217;essi esposti a nord, e le viti hanno circa 35 anni.<\/p>\n<p>Pascal utilizza una modernissima pressa pneumatica e pigia i grappoli interi senza diraspare. Il mosto viene poi trasferito per gravit\u00e0 per il debourbage in una vasca di acciaio inox e quindi in demi muidi di 50 anni (600L) per la fermentazione.<\/p>\n","protected":false},"excerpt":{"rendered":"<p>Da vigne di oltre 40 anni, su terreni Kimmeridgean, Sancerre La Grande C\u00f4te 2022 di Pascal Cotat offre al naso [&hellip;]<\/p>\n","protected":false},"featured_media":6930,"template":"","meta":[],"product_brand":[],"product_cat":[16,182],"product_tag":[318,319],"class_list":{"0":"post-6929","1":"product","2":"type-product","3":"status-publish","4":"has-post-thumbnail","6":"product_cat-bere","7":"product_cat-vini-bianchi","8":"product_tag-domaine-pascal-cotat","9":"product_tag-sancerre","10":"pa_produttore-domaine-pascal-cotat","12":"first","13":"instock","14":"shipping-taxable","15":"purchasable","16":"product-type-simple"},"acf":[],"_links":{"self":[{"href":"https:\/\/casaporciatti.it\/shop\/wp-json\/wp\/v2\/product\/6929","targetHints":{"allow":["GET"]}}],"collection":[{"href":"https:\/\/casaporciatti.it\/shop\/wp-json\/wp\/v2\/product"}],"about":[{"href":"https:\/\/casaporciatti.it\/shop\/wp-json\/wp\/v2\/types\/product"}],"wp:featuredmedia":[{"embeddable":true,"href":"https:\/\/casaporciatti.it\/shop\/wp-json\/wp\/v2\/media\/6930"}],"wp:attachment":[{"href":"https:\/\/casaporciatti.it\/shop\/wp-json\/wp\/v2\/media?parent=6929"}],"wp:term":[{"taxonomy":"product_brand","embeddable":true,"href":"https:\/\/casaporciatti.it\/shop\/wp-json\/wp\/v2\/product_brand?post=6929"},{"taxonomy":"product_cat","embeddable":true,"href":"https:\/\/casaporciatti.it\/shop\/wp-json\/wp\/v2\/product_cat?post=6929"},{"taxonomy":"product_tag","embeddable":true,"href":"https:\/\/casaporciatti.it\/shop\/wp-json\/wp\/v2\/product_tag?post=6929"}],"curies":[{"name":"wp","href":"https:\/\/api.w.org\/{rel}","templated":true}]}}